{"id":736,"date":"2025-11-15T12:33:08","date_gmt":"2025-11-15T11:33:08","guid":{"rendered":"https:\/\/hasicisenohraby.cz\/?page_id=736"},"modified":"2026-02-05T19:42:59","modified_gmt":"2026-02-05T18:42:59","slug":"deti-a-mladez","status":"publish","type":"page","link":"https:\/\/hasicisenohraby.cz\/index.php\/deti-a-mladez\/","title":{"rendered":"D\u011bti a ml\u00e1de\u017e"},"content":{"rendered":"\n<p>Sezona 2025\/26 &#8211; krou\u017eek prob\u00edh\u00e1 v p\u00e1tek 17:00-18:00 <\/p>\n\n\n\n<p><\/p>\n\n\n\n<blockquote class=\"wp-block-quote is-layout-flow wp-block-quote-is-layout-flow\">\n<p style=\"margin-top:var(--wp--preset--spacing--30);margin-bottom:var(--wp--preset--spacing--30)\">Jak to u n\u00e1s vypad\u00e1?&nbsp;<\/p>\n<\/blockquote>\n\n\n\n<p>Ka\u017ed\u00fd p\u00e1tek se sch\u00e1z\u00edme podle po\u010das\u00ed na \u0161koln\u00edm h\u0159i\u0161ti nebo v hasi\u010d\u00e1rn\u011b, kde se d\u011bti u\u010d\u00ed v\u0161echno k hasi\u010dsk\u00e9mu sportu. B\u011bhem jara a l\u00e9ta chod\u00edme o v\u00edkendech tr\u00e9novat kr\u00e1lovskou discil\u00ednu &#8211; po\u017e\u00e1rn\u00ed \u00fatok do Hru\u0161ova k b\u00fdval\u00e9mu skokansk\u00e9mu m\u016fstku. Tr\u00e9nujeme d\u011bti od 5 do 15 v kategori\u00edch: p\u0159\u00edpravka, mlad\u0161\u00ed a star\u0161\u00ed \u017e\u00e1ci.&nbsp;<\/p>\n\n\n\n<div class=\"wp-block-media-text is-stacked-on-mobile is-vertically-aligned-top\" style=\"grid-template-columns:38% auto\"><figure class=\"wp-block-media-text__media\"><img loading=\"lazy\" decoding=\"async\" width=\"1024\" height=\"769\" src=\"https:\/\/hasicisenohraby.cz\/wp-content\/uploads\/2025\/12\/p1220096-1-1024x769.jpg\" alt=\"\" class=\"wp-image-1155 size-full\" srcset=\"https:\/\/hasicisenohraby.cz\/wp-content\/uploads\/2025\/12\/p1220096-1-1024x769.jpg 1024w, https:\/\/hasicisenohraby.cz\/wp-content\/uploads\/2025\/12\/p1220096-1-300x225.jpg 300w, https:\/\/hasicisenohraby.cz\/wp-content\/uploads\/2025\/12\/p1220096-1-768x577.jpg 768w, https:\/\/hasicisenohraby.cz\/wp-content\/uploads\/2025\/12\/p1220096-1-1536x1153.jpg 1536w, https:\/\/hasicisenohraby.cz\/wp-content\/uploads\/2025\/12\/p1220096-1-2048x1538.jpg 2048w\" sizes=\"auto, (max-width: 1024px) 100vw, 1024px\" \/><\/figure><div class=\"wp-block-media-text__content\">\n<p>Na hasi\u010d\u00e1ku d\u011bti b\u011bhaj\u00ed \u0161tafety s p\u0159ek\u00e1\u017ekami, po\u017e\u00e1rn\u00ed \u00fatok (uk\u00e1zka), brann\u00fd b\u011bh, nau\u010d\u00ed se d\u016fle\u017eit\u00e9 znalosti k po\u017e\u00e1rn\u00ed bezpe\u010dnosti, t\u0159eba \u010d\u00edm se m\u00e1 co hasit, uzle, orientaci v map\u011b, zdravov\u011bdu, samoz\u0159ejm\u011b s praktick\u00fdmi uk\u00e1zkami jak o\u0161et\u0159ovat zran\u011bn\u00ed, st\u0159elbu ze vzduchovky, mot\u00e1n\u00ed hadice a p\u0159edev\u0161\u00edm pr\u00e1ci v t\u00fdmu.&nbsp;<\/p>\n<\/div><\/div>\n\n\n\n<p><\/p>\n\n\n\n<p><\/p>\n\n\n\n<p><\/p>\n\n\n\n<blockquote class=\"wp-block-quote is-layout-flow wp-block-quote-is-layout-flow\">\n<p style=\"margin-top:var(--wp--preset--spacing--30);margin-bottom:var(--wp--preset--spacing--30)\">Akce b\u011bhem roku&nbsp;<\/p>\n<\/blockquote>\n\n\n\n<p>Jezd\u00edme k profesion\u00e1ln\u00edm hasi\u010d\u016fm s prohl\u00eddkou jejich zbrojnice, nesm\u00ed chyb\u011bt uk\u00e1zka aut a techniky na\u0161ich dobrovoln\u00fdch hasi\u010d\u016f, lekce prvn\u00ed pomoci od z\u00e1chran\u00e1\u0159\u016f, spole\u010dn\u00e9 v\u00e1no\u010dn\u00ed bruslen\u00ed nebo zakon\u010den\u00ed sezony na V\u00e1vrov\u011b palouku spole\u010dn\u011b s rodi\u010di.&nbsp;<\/p>\n\n\n\n<p>Ka\u017ed\u00fd rok tak\u00e9 v Senohrabech po\u0159\u00e1d\u00e1me sout\u011b\u017e \u201cD\u011btsk\u00fd \u017eelezn\u00fd hasi\u010d\u201d (kr\u00e1tk\u00e9 tra\u0165 s p\u0159ek\u00e1\u017ekami i vyu\u017eit\u00edm hasi\u010dsk\u00fdch dovednost\u00ed), kter\u00e1 je sou\u010d\u00e1st\u00ed St\u0159edo\u010desk\u00e9 ligy.&nbsp;<br><\/p>\n\n\n\n<figure class=\"wp-block-gallery has-nested-images columns-default is-cropped wp-block-gallery-1 is-layout-flex wp-block-gallery-is-layout-flex\">\n<figure class=\"wp-block-image size-large\"><img loading=\"lazy\" decoding=\"async\" width=\"1024\" height=\"577\" data-id=\"1157\" src=\"https:\/\/hasicisenohraby.cz\/wp-content\/uploads\/2025\/12\/20230603_181305-1024x577.jpg\" alt=\"\" class=\"wp-image-1157\" srcset=\"https:\/\/hasicisenohraby.cz\/wp-content\/uploads\/2025\/12\/20230603_181305-1024x577.jpg 1024w, https:\/\/hasicisenohraby.cz\/wp-content\/uploads\/2025\/12\/20230603_181305-300x169.jpg 300w, https:\/\/hasicisenohraby.cz\/wp-content\/uploads\/2025\/12\/20230603_181305-768x432.jpg 768w, https:\/\/hasicisenohraby.cz\/wp-content\/uploads\/2025\/12\/20230603_181305-1536x865.jpg 1536w, https:\/\/hasicisenohraby.cz\/wp-content\/uploads\/2025\/12\/20230603_181305-2048x1153.jpg 2048w\" sizes=\"auto, (max-width: 1024px) 100vw, 1024px\" \/><\/figure>\n\n\n\n<figure class=\"wp-block-image size-large\"><img loading=\"lazy\" decoding=\"async\" width=\"1024\" height=\"576\" data-id=\"1156\" src=\"https:\/\/hasicisenohraby.cz\/wp-content\/uploads\/2025\/12\/20240525_134020-1024x576.jpg\" alt=\"\" class=\"wp-image-1156\" srcset=\"https:\/\/hasicisenohraby.cz\/wp-content\/uploads\/2025\/12\/20240525_134020-1024x576.jpg 1024w, https:\/\/hasicisenohraby.cz\/wp-content\/uploads\/2025\/12\/20240525_134020-300x169.jpg 300w, https:\/\/hasicisenohraby.cz\/wp-content\/uploads\/2025\/12\/20240525_134020-768x432.jpg 768w, https:\/\/hasicisenohraby.cz\/wp-content\/uploads\/2025\/12\/20240525_134020-1536x864.jpg 1536w, https:\/\/hasicisenohraby.cz\/wp-content\/uploads\/2025\/12\/20240525_134020-2048x1153.jpg 2048w\" sizes=\"auto, (max-width: 1024px) 100vw, 1024px\" \/><\/figure>\n\n\n\n<figure class=\"wp-block-image size-large\"><img loading=\"lazy\" decoding=\"async\" width=\"1024\" height=\"769\" data-id=\"1158\" src=\"https:\/\/hasicisenohraby.cz\/wp-content\/uploads\/2025\/12\/p1220151-1024x769.jpg\" alt=\"\" class=\"wp-image-1158\" srcset=\"https:\/\/hasicisenohraby.cz\/wp-content\/uploads\/2025\/12\/p1220151-1024x769.jpg 1024w, https:\/\/hasicisenohraby.cz\/wp-content\/uploads\/2025\/12\/p1220151-300x225.jpg 300w, https:\/\/hasicisenohraby.cz\/wp-content\/uploads\/2025\/12\/p1220151-768x577.jpg 768w, https:\/\/hasicisenohraby.cz\/wp-content\/uploads\/2025\/12\/p1220151-1536x1153.jpg 1536w, https:\/\/hasicisenohraby.cz\/wp-content\/uploads\/2025\/12\/p1220151-2048x1538.jpg 2048w\" sizes=\"auto, (max-width: 1024px) 100vw, 1024px\" \/><\/figure>\n<\/figure>\n\n\n\n<p><\/p>\n\n\n\n<p><\/p>\n\n\n\n<blockquote class=\"wp-block-quote is-layout-flow wp-block-quote-is-layout-flow\">\n<p style=\"margin-top:var(--wp--preset--spacing--30);margin-bottom:var(--wp--preset--spacing--30)\">Kalend\u00e1\u0159 <\/p>\n<\/blockquote>\n\n\n\n<div class=\"wp-block-group is-vertical is-layout-flex wp-container-core-group-is-layout-fe9cc265 wp-block-group-is-layout-flex\">\n<ul class=\"wp-block-list\">\n<li><mark style=\"background-color:rgba(0, 0, 0, 0);color:#cf2e2e\" class=\"has-inline-color\">21.3. Okresn\u00ed uzlov\u00e1n\u00ed \u2013 \u0160kvoreck\u00e9 lano&nbsp;<strong>&nbsp;<\/strong><\/mark><\/li>\n\n\n\n<li><mark style=\"background-color:rgba(0, 0, 0, 0);color:#cf2e2e\" class=\"has-inline-color\">16.-17.5. Okresn\u00ed kolo Plamen&nbsp; \u010cel\u00e1kovice<\/mark><strong>&nbsp;<\/strong><\/li>\n\n\n\n<li>30.5. Po\u017e\u00e1rn\u00ed \u00fatoky SDH Hrusice<\/li>\n\n\n\n<li><mark style=\"background-color:rgba(0, 0, 0, 0)\" class=\"has-inline-color has-secondary-color\">6.6. D\u011btsk\u00fd \u017delezn\u00fd Hasi\u010d SDH Senohraby<\/mark><\/li>\n\n\n\n<li>13.6. Po\u017e\u00e1rn\u00ed \u00fatoky SDH T\u0159emblat<\/li>\n\n\n\n<li>5.9. Po\u017e\u00e1rn\u00ed \u00fatoky SDH Ond\u0159ejov<\/li>\n\n\n\n<li><mark style=\"background-color:rgba(0, 0, 0, 0)\" class=\"has-inline-color has-secondary-color\">12.9. D\u011btsk\u00fd \u017delezn\u00fd Hasi\u010d SDH T\u0159emblat<\/mark><\/li>\n\n\n\n<li>19.9. Po\u017e\u00e1rn\u00ed \u00fatoky SDH Lensedly<\/li>\n\n\n\n<li>26.9. Po\u017e\u00e1rn\u00ed \u00fatoky SDH Senohraby<\/li>\n\n\n\n<li><mark style=\"background-color:rgba(0, 0, 0, 0);color:#cf2e2e\" class=\"has-inline-color\">3.10. Okresn\u00ed kolo ZHVB&nbsp; V\u0161estary<\/mark><\/li>\n\n\n\n<li><mark style=\"background-color:rgba(0, 0, 0, 0)\" class=\"has-inline-color has-secondary-color\">10.10. D\u011btsk\u00fd \u017delezn\u00fd Hasi\u010d SDH Mnichovice<\/mark><\/li>\n\n\n\n<li>31.10. ZPV SDH Lensedly &nbsp;<br><\/li>\n<\/ul>\n\n\n\n<p><sup><em><mark style=\"background-color:rgba(0, 0, 0, 0);color:#cf2e2e\" class=\"has-inline-color\">okresn\u00ed sout\u011b\u017ee <\/mark><\/em><\/sup><br><sup><em><mark style=\"background-color:rgba(0, 0, 0, 0)\" class=\"has-inline-color has-secondary-color\">\u017eelezn\u00e1 liga <\/mark><\/em><\/sup><br><em><sup>okrskov\u00e9 sout\u011b\u017ee<\/sup><\/em> <br><a href=\"https:\/\/hasicisenohraby.cz\/index.php\/akce\/\">\u2192 Kalend\u00e1\u0159 akc\u00ed<\/a>  <br><br><br><\/p>\n<\/div>\n\n\n\n<blockquote class=\"wp-block-quote is-layout-flow wp-block-quote-is-layout-flow\">\n<p style=\"margin-top:var(--wp--preset--spacing--30);margin-bottom:var(--wp--preset--spacing--30)\">O n\u00e1s&nbsp;<\/p>\n<\/blockquote>\n\n\n\n<p>N\u00e1\u0161 hasi\u010d\u00e1k v t\u00e9to podob\u011b funguje od roku 2006, ov\u0161em n\u011bkolik hasi\u010dsk\u00fdch krou\u017ek\u016f tu bylo pod veden\u00edm jin\u00fdch vedouc\u00edch d\u0159\u00edve. Dnes u\u017e jsou mezi vedouc\u00edmi i na\u0161i odchovanci. M\u00e1me za sebou \u0159adu medailov\u00fdch \u00fasp\u011bch\u016f hlavn\u011b z t\u00fdmov\u00fdch discipl\u00edn a n\u011bkolikr\u00e1t jsme v Senohrabech sout\u011b\u017ee po\u0159\u00e1dali.&nbsp;<br><\/p>\n\n\n\n<figure class=\"wp-block-gallery has-nested-images columns-default is-cropped wp-block-gallery-2 is-layout-flex wp-block-gallery-is-layout-flex\">\n<figure class=\"wp-block-image size-large\"><img loading=\"lazy\" decoding=\"async\" width=\"1024\" height=\"577\" data-id=\"1160\" src=\"https:\/\/hasicisenohraby.cz\/wp-content\/uploads\/2025\/12\/20230611_110830-1024x577.jpg\" alt=\"\" class=\"wp-image-1160\" srcset=\"https:\/\/hasicisenohraby.cz\/wp-content\/uploads\/2025\/12\/20230611_110830-1024x577.jpg 1024w, https:\/\/hasicisenohraby.cz\/wp-content\/uploads\/2025\/12\/20230611_110830-300x169.jpg 300w, https:\/\/hasicisenohraby.cz\/wp-content\/uploads\/2025\/12\/20230611_110830-768x432.jpg 768w, https:\/\/hasicisenohraby.cz\/wp-content\/uploads\/2025\/12\/20230611_110830-1536x865.jpg 1536w, https:\/\/hasicisenohraby.cz\/wp-content\/uploads\/2025\/12\/20230611_110830-2048x1153.jpg 2048w\" sizes=\"auto, (max-width: 1024px) 100vw, 1024px\" \/><\/figure>\n\n\n\n<figure class=\"wp-block-image size-large\"><img loading=\"lazy\" decoding=\"async\" width=\"1024\" height=\"769\" data-id=\"1161\" src=\"https:\/\/hasicisenohraby.cz\/wp-content\/uploads\/2025\/12\/p1220088-1024x769.jpg\" alt=\"\" class=\"wp-image-1161\" srcset=\"https:\/\/hasicisenohraby.cz\/wp-content\/uploads\/2025\/12\/p1220088-1024x769.jpg 1024w, https:\/\/hasicisenohraby.cz\/wp-content\/uploads\/2025\/12\/p1220088-300x225.jpg 300w, https:\/\/hasicisenohraby.cz\/wp-content\/uploads\/2025\/12\/p1220088-768x577.jpg 768w, https:\/\/hasicisenohraby.cz\/wp-content\/uploads\/2025\/12\/p1220088-1536x1153.jpg 1536w, https:\/\/hasicisenohraby.cz\/wp-content\/uploads\/2025\/12\/p1220088-2048x1538.jpg 2048w\" sizes=\"auto, (max-width: 1024px) 100vw, 1024px\" \/><\/figure>\n\n\n\n<figure class=\"wp-block-image size-large\"><img loading=\"lazy\" decoding=\"async\" width=\"1024\" height=\"577\" data-id=\"1159\" src=\"https:\/\/hasicisenohraby.cz\/wp-content\/uploads\/2025\/12\/20230603_174642-1024x577.jpg\" alt=\"\" class=\"wp-image-1159\" srcset=\"https:\/\/hasicisenohraby.cz\/wp-content\/uploads\/2025\/12\/20230603_174642-1024x577.jpg 1024w, https:\/\/hasicisenohraby.cz\/wp-content\/uploads\/2025\/12\/20230603_174642-300x169.jpg 300w, https:\/\/hasicisenohraby.cz\/wp-content\/uploads\/2025\/12\/20230603_174642-768x432.jpg 768w, https:\/\/hasicisenohraby.cz\/wp-content\/uploads\/2025\/12\/20230603_174642-1536x865.jpg 1536w, https:\/\/hasicisenohraby.cz\/wp-content\/uploads\/2025\/12\/20230603_174642-2048x1153.jpg 2048w\" sizes=\"auto, (max-width: 1024px) 100vw, 1024px\" \/><\/figure>\n<\/figure>\n\n\n\n<p><\/p>\n\n\n\n<p><\/p>\n\n\n\n<p><\/p>\n\n\n\n<blockquote class=\"wp-block-quote is-layout-flow wp-block-quote-is-layout-flow\">\n<p style=\"margin-top:var(--wp--preset--spacing--30);margin-bottom:var(--wp--preset--spacing--30);padding-top:0;padding-bottom:0\">Kontakt <\/p>\n<\/blockquote>\n\n\n\n<p>Lubo\u0161 Vrba 602 384 135 <br>(hlavn\u00ed vedouc\u00ed)&nbsp;<\/p>\n\n\n\n<figure class=\"wp-block-image size-full is-resized\"><img loading=\"lazy\" decoding=\"async\" width=\"240\" height=\"180\" src=\"https:\/\/hasicisenohraby.cz\/wp-content\/uploads\/2025\/12\/vedouci.jpg\" alt=\"\" class=\"wp-image-1162\" style=\"width:178px;height:auto\"\/><\/figure>\n\n\n\n<p><\/p>\n","protected":false},"excerpt":{"rendered":"<p>Sezona 2025\/26 &#8211; krou\u017eek prob\u00edh\u00e1 v p\u00e1tek 17:00-18:00 Jak to u n\u00e1s vypad\u00e1?&nbsp; Ka\u017ed\u00fd p\u00e1tek se sch\u00e1z\u00edme podle po\u010das\u00ed na \u0161koln\u00edm h\u0159i\u0161ti nebo v hasi\u010d\u00e1rn\u011b, kde se d\u011bti u\u010d\u00ed v\u0161echno k hasi\u010dsk\u00e9mu sportu. B\u011bhem jara a l\u00e9ta chod\u00edme o v\u00edkendech tr\u00e9novat kr\u00e1lovskou discil\u00ednu &#8211; po\u017e\u00e1rn\u00ed \u00fatok do Hru\u0161ova k b\u00fdval\u00e9mu skokansk\u00e9mu m\u016fstku. Tr\u00e9nujeme d\u011bti od [&hellip;]<\/p>\n","protected":false},"author":1,"featured_media":1158,"parent":0,"menu_order":0,"comment_status":"closed","ping_status":"closed","template":"","meta":{"pgc_sgb_lightbox_settings":"","_mc_calendar":[],"footnotes":""},"mt-event-group":[],"class_list":["post-736","page","type-page","status-publish","has-post-thumbnail","hentry"],"yoast_head":"<!-- This site is optimized with the Yoast SEO plugin v27.4 - https:\/\/yoast.com\/product\/yoast-seo-wordpress\/ -->\n<title>D\u011bti a ml\u00e1de\u017e - Hasi\u010di Senohraby<\/title>\n<meta name=\"robots\" content=\"index, follow, max-snippet:-1, max-image-preview:large, max-video-preview:-1\" \/>\n<link rel=\"canonical\" href=\"https:\/\/hasicisenohraby.cz\/index.php\/deti-a-mladez\/\" \/>\n<meta property=\"og:locale\" content=\"cs_CZ\" \/>\n<meta property=\"og:type\" content=\"article\" \/>\n<meta property=\"og:title\" content=\"D\u011bti a ml\u00e1de\u017e - Hasi\u010di Senohraby\" \/>\n<meta property=\"og:description\" content=\"Sezona 2025\/26 &#8211; krou\u017eek prob\u00edh\u00e1 v p\u00e1tek 17:00-18:00 Jak to u n\u00e1s vypad\u00e1?&nbsp; Ka\u017ed\u00fd p\u00e1tek se sch\u00e1z\u00edme podle po\u010das\u00ed na \u0161koln\u00edm h\u0159i\u0161ti nebo v hasi\u010d\u00e1rn\u011b, kde se d\u011bti u\u010d\u00ed v\u0161echno k hasi\u010dsk\u00e9mu sportu. B\u011bhem jara a l\u00e9ta chod\u00edme o v\u00edkendech tr\u00e9novat kr\u00e1lovskou discil\u00ednu &#8211; po\u017e\u00e1rn\u00ed \u00fatok do Hru\u0161ova k b\u00fdval\u00e9mu skokansk\u00e9mu m\u016fstku. Tr\u00e9nujeme d\u011bti od [&hellip;]\" \/>\n<meta property=\"og:url\" content=\"https:\/\/hasicisenohraby.cz\/index.php\/deti-a-mladez\/\" \/>\n<meta property=\"og:site_name\" content=\"Hasi\u010di Senohraby\" \/>\n<meta property=\"article:publisher\" content=\"https:\/\/www.facebook.com\/hasici.senohraby\" \/>\n<meta property=\"article:modified_time\" content=\"2026-02-05T18:42:59+00:00\" \/>\n<meta property=\"og:image\" content=\"https:\/\/hasicisenohraby.cz\/wp-content\/uploads\/2025\/12\/p1220151-scaled.jpg\" \/>\n\t<meta property=\"og:image:width\" content=\"2560\" \/>\n\t<meta property=\"og:image:height\" content=\"1922\" \/>\n\t<meta property=\"og:image:type\" content=\"image\/jpeg\" \/>\n<meta name=\"twitter:card\" content=\"summary_large_image\" \/>\n<meta name=\"twitter:site\" content=\"@HasiciSenohraby\" \/>\n<meta name=\"twitter:label1\" content=\"Odhadovan\u00e1 doba \u010dten\u00ed\" \/>\n\t<meta name=\"twitter:data1\" content=\"4 minuty\" \/>\n<script type=\"application\/ld+json\" class=\"yoast-schema-graph\">{\"@context\":\"https:\\\/\\\/schema.org\",\"@graph\":[{\"@type\":\"WebPage\",\"@id\":\"https:\\\/\\\/hasicisenohraby.cz\\\/index.php\\\/deti-a-mladez\\\/\",\"url\":\"https:\\\/\\\/hasicisenohraby.cz\\\/index.php\\\/deti-a-mladez\\\/\",\"name\":\"D\u011bti a ml\u00e1de\u017e - Hasi\u010di Senohraby\",\"isPartOf\":{\"@id\":\"https:\\\/\\\/hasicisenohraby.cz\\\/#website\"},\"primaryImageOfPage\":{\"@id\":\"https:\\\/\\\/hasicisenohraby.cz\\\/index.php\\\/deti-a-mladez\\\/#primaryimage\"},\"image\":{\"@id\":\"https:\\\/\\\/hasicisenohraby.cz\\\/index.php\\\/deti-a-mladez\\\/#primaryimage\"},\"thumbnailUrl\":\"https:\\\/\\\/hasicisenohraby.cz\\\/wp-content\\\/uploads\\\/2025\\\/12\\\/p1220151-scaled.jpg\",\"datePublished\":\"2025-11-15T11:33:08+00:00\",\"dateModified\":\"2026-02-05T18:42:59+00:00\",\"breadcrumb\":{\"@id\":\"https:\\\/\\\/hasicisenohraby.cz\\\/index.php\\\/deti-a-mladez\\\/#breadcrumb\"},\"inLanguage\":\"cs\",\"potentialAction\":[{\"@type\":\"ReadAction\",\"target\":[\"https:\\\/\\\/hasicisenohraby.cz\\\/index.php\\\/deti-a-mladez\\\/\"]}]},{\"@type\":\"ImageObject\",\"inLanguage\":\"cs\",\"@id\":\"https:\\\/\\\/hasicisenohraby.cz\\\/index.php\\\/deti-a-mladez\\\/#primaryimage\",\"url\":\"https:\\\/\\\/hasicisenohraby.cz\\\/wp-content\\\/uploads\\\/2025\\\/12\\\/p1220151-scaled.jpg\",\"contentUrl\":\"https:\\\/\\\/hasicisenohraby.cz\\\/wp-content\\\/uploads\\\/2025\\\/12\\\/p1220151-scaled.jpg\",\"width\":2560,\"height\":1922},{\"@type\":\"BreadcrumbList\",\"@id\":\"https:\\\/\\\/hasicisenohraby.cz\\\/index.php\\\/deti-a-mladez\\\/#breadcrumb\",\"itemListElement\":[{\"@type\":\"ListItem\",\"position\":1,\"name\":\"Dom\u016f\",\"item\":\"https:\\\/\\\/hasicisenohraby.cz\\\/\"},{\"@type\":\"ListItem\",\"position\":2,\"name\":\"D\u011bti a ml\u00e1de\u017e\"}]},{\"@type\":\"WebSite\",\"@id\":\"https:\\\/\\\/hasicisenohraby.cz\\\/#website\",\"url\":\"https:\\\/\\\/hasicisenohraby.cz\\\/\",\"name\":\"Hasi\u010di Senohraby\",\"description\":\"Str\u00e1nky hasi\u010d\u016f ze Senohrab\",\"publisher\":{\"@id\":\"https:\\\/\\\/hasicisenohraby.cz\\\/#organization\"},\"potentialAction\":[{\"@type\":\"SearchAction\",\"target\":{\"@type\":\"EntryPoint\",\"urlTemplate\":\"https:\\\/\\\/hasicisenohraby.cz\\\/?s={search_term_string}\"},\"query-input\":{\"@type\":\"PropertyValueSpecification\",\"valueRequired\":true,\"valueName\":\"search_term_string\"}}],\"inLanguage\":\"cs\"},{\"@type\":\"Organization\",\"@id\":\"https:\\\/\\\/hasicisenohraby.cz\\\/#organization\",\"name\":\"Hasi\u010di Senohraby\",\"url\":\"https:\\\/\\\/hasicisenohraby.cz\\\/\",\"logo\":{\"@type\":\"ImageObject\",\"inLanguage\":\"cs\",\"@id\":\"https:\\\/\\\/hasicisenohraby.cz\\\/#\\\/schema\\\/logo\\\/image\\\/\",\"url\":\"https:\\\/\\\/hasicisenohraby.cz\\\/wp-content\\\/uploads\\\/2025\\\/08\\\/Logo-sboru.png\",\"contentUrl\":\"https:\\\/\\\/hasicisenohraby.cz\\\/wp-content\\\/uploads\\\/2025\\\/08\\\/Logo-sboru.png\",\"width\":167,\"height\":233,\"caption\":\"Hasi\u010di Senohraby\"},\"image\":{\"@id\":\"https:\\\/\\\/hasicisenohraby.cz\\\/#\\\/schema\\\/logo\\\/image\\\/\"},\"sameAs\":[\"https:\\\/\\\/www.facebook.com\\\/hasici.senohraby\",\"https:\\\/\\\/x.com\\\/HasiciSenohraby\",\"https:\\\/\\\/www.instagram.com\\\/hasici_senohraby\",\"https:\\\/\\\/www.youtube.com\\\/@72RB\"]}]}<\/script>\n<!-- \/ Yoast SEO plugin. -->","yoast_head_json":{"title":"D\u011bti a ml\u00e1de\u017e - Hasi\u010di Senohraby","robots":{"index":"index","follow":"follow","max-snippet":"max-snippet:-1","max-image-preview":"max-image-preview:large","max-video-preview":"max-video-preview:-1"},"canonical":"https:\/\/hasicisenohraby.cz\/index.php\/deti-a-mladez\/","og_locale":"cs_CZ","og_type":"article","og_title":"D\u011bti a ml\u00e1de\u017e - Hasi\u010di Senohraby","og_description":"Sezona 2025\/26 &#8211; krou\u017eek prob\u00edh\u00e1 v p\u00e1tek 17:00-18:00 Jak to u n\u00e1s vypad\u00e1?&nbsp; Ka\u017ed\u00fd p\u00e1tek se sch\u00e1z\u00edme podle po\u010das\u00ed na \u0161koln\u00edm h\u0159i\u0161ti nebo v hasi\u010d\u00e1rn\u011b, kde se d\u011bti u\u010d\u00ed v\u0161echno k hasi\u010dsk\u00e9mu sportu. B\u011bhem jara a l\u00e9ta chod\u00edme o v\u00edkendech tr\u00e9novat kr\u00e1lovskou discil\u00ednu &#8211; po\u017e\u00e1rn\u00ed \u00fatok do Hru\u0161ova k b\u00fdval\u00e9mu skokansk\u00e9mu m\u016fstku. Tr\u00e9nujeme d\u011bti od [&hellip;]","og_url":"https:\/\/hasicisenohraby.cz\/index.php\/deti-a-mladez\/","og_site_name":"Hasi\u010di Senohraby","article_publisher":"https:\/\/www.facebook.com\/hasici.senohraby","article_modified_time":"2026-02-05T18:42:59+00:00","og_image":[{"width":2560,"height":1922,"url":"https:\/\/hasicisenohraby.cz\/wp-content\/uploads\/2025\/12\/p1220151-scaled.jpg","type":"image\/jpeg"}],"twitter_card":"summary_large_image","twitter_site":"@HasiciSenohraby","twitter_misc":{"Odhadovan\u00e1 doba \u010dten\u00ed":"4 minuty"},"schema":{"@context":"https:\/\/schema.org","@graph":[{"@type":"WebPage","@id":"https:\/\/hasicisenohraby.cz\/index.php\/deti-a-mladez\/","url":"https:\/\/hasicisenohraby.cz\/index.php\/deti-a-mladez\/","name":"D\u011bti a ml\u00e1de\u017e - Hasi\u010di Senohraby","isPartOf":{"@id":"https:\/\/hasicisenohraby.cz\/#website"},"primaryImageOfPage":{"@id":"https:\/\/hasicisenohraby.cz\/index.php\/deti-a-mladez\/#primaryimage"},"image":{"@id":"https:\/\/hasicisenohraby.cz\/index.php\/deti-a-mladez\/#primaryimage"},"thumbnailUrl":"https:\/\/hasicisenohraby.cz\/wp-content\/uploads\/2025\/12\/p1220151-scaled.jpg","datePublished":"2025-11-15T11:33:08+00:00","dateModified":"2026-02-05T18:42:59+00:00","breadcrumb":{"@id":"https:\/\/hasicisenohraby.cz\/index.php\/deti-a-mladez\/#breadcrumb"},"inLanguage":"cs","potentialAction":[{"@type":"ReadAction","target":["https:\/\/hasicisenohraby.cz\/index.php\/deti-a-mladez\/"]}]},{"@type":"ImageObject","inLanguage":"cs","@id":"https:\/\/hasicisenohraby.cz\/index.php\/deti-a-mladez\/#primaryimage","url":"https:\/\/hasicisenohraby.cz\/wp-content\/uploads\/2025\/12\/p1220151-scaled.jpg","contentUrl":"https:\/\/hasicisenohraby.cz\/wp-content\/uploads\/2025\/12\/p1220151-scaled.jpg","width":2560,"height":1922},{"@type":"BreadcrumbList","@id":"https:\/\/hasicisenohraby.cz\/index.php\/deti-a-mladez\/#breadcrumb","itemListElement":[{"@type":"ListItem","position":1,"name":"Dom\u016f","item":"https:\/\/hasicisenohraby.cz\/"},{"@type":"ListItem","position":2,"name":"D\u011bti a ml\u00e1de\u017e"}]},{"@type":"WebSite","@id":"https:\/\/hasicisenohraby.cz\/#website","url":"https:\/\/hasicisenohraby.cz\/","name":"Hasi\u010di Senohraby","description":"Str\u00e1nky hasi\u010d\u016f ze Senohrab","publisher":{"@id":"https:\/\/hasicisenohraby.cz\/#organization"},"potentialAction":[{"@type":"SearchAction","target":{"@type":"EntryPoint","urlTemplate":"https:\/\/hasicisenohraby.cz\/?s={search_term_string}"},"query-input":{"@type":"PropertyValueSpecification","valueRequired":true,"valueName":"search_term_string"}}],"inLanguage":"cs"},{"@type":"Organization","@id":"https:\/\/hasicisenohraby.cz\/#organization","name":"Hasi\u010di Senohraby","url":"https:\/\/hasicisenohraby.cz\/","logo":{"@type":"ImageObject","inLanguage":"cs","@id":"https:\/\/hasicisenohraby.cz\/#\/schema\/logo\/image\/","url":"https:\/\/hasicisenohraby.cz\/wp-content\/uploads\/2025\/08\/Logo-sboru.png","contentUrl":"https:\/\/hasicisenohraby.cz\/wp-content\/uploads\/2025\/08\/Logo-sboru.png","width":167,"height":233,"caption":"Hasi\u010di Senohraby"},"image":{"@id":"https:\/\/hasicisenohraby.cz\/#\/schema\/logo\/image\/"},"sameAs":["https:\/\/www.facebook.com\/hasici.senohraby","https:\/\/x.com\/HasiciSenohraby","https:\/\/www.instagram.com\/hasici_senohraby","https:\/\/www.youtube.com\/@72RB"]}]}},"_links":{"self":[{"href":"https:\/\/hasicisenohraby.cz\/index.php\/wp-json\/wp\/v2\/pages\/736","targetHints":{"allow":["GET"]}}],"collection":[{"href":"https:\/\/hasicisenohraby.cz\/index.php\/wp-json\/wp\/v2\/pages"}],"about":[{"href":"https:\/\/hasicisenohraby.cz\/index.php\/wp-json\/wp\/v2\/types\/page"}],"author":[{"embeddable":true,"href":"https:\/\/hasicisenohraby.cz\/index.php\/wp-json\/wp\/v2\/users\/1"}],"replies":[{"embeddable":true,"href":"https:\/\/hasicisenohraby.cz\/index.php\/wp-json\/wp\/v2\/comments?post=736"}],"version-history":[{"count":19,"href":"https:\/\/hasicisenohraby.cz\/index.php\/wp-json\/wp\/v2\/pages\/736\/revisions"}],"predecessor-version":[{"id":1192,"href":"https:\/\/hasicisenohraby.cz\/index.php\/wp-json\/wp\/v2\/pages\/736\/revisions\/1192"}],"wp:featuredmedia":[{"embeddable":true,"href":"https:\/\/hasicisenohraby.cz\/index.php\/wp-json\/wp\/v2\/media\/1158"}],"wp:attachment":[{"href":"https:\/\/hasicisenohraby.cz\/index.php\/wp-json\/wp\/v2\/media?parent=736"}],"wp:term":[{"taxonomy":"mt-event-group","embeddable":true,"href":"https:\/\/hasicisenohraby.cz\/index.php\/wp-json\/wp\/v2\/mt-event-group?post=736"}],"curies":[{"name":"wp","href":"https:\/\/api.w.org\/{rel}","templated":true}]}}