{"id":350,"date":"2025-10-04T00:10:49","date_gmt":"2025-10-03T22:10:49","guid":{"rendered":"https:\/\/martin-broz.cz\/hasicisenohraby\/?page_id=350"},"modified":"2025-11-18T14:49:07","modified_gmt":"2025-11-18T13:49:07","slug":"zasahove-uzemi","status":"publish","type":"page","link":"https:\/\/hasicisenohraby.cz\/index.php\/zasahove-uzemi\/","title":{"rendered":"Z\u00e1sahov\u00e9 \u00fazem\u00ed"},"content":{"rendered":"\n<h3 class=\"wp-block-heading\">V\u00fdpis z&nbsp;poplachov\u00e9ho pl\u00e1nu St\u0159edo\u010desk\u00e9ho kraje pro JSDH Senohraby<\/h3>\n\n\n\n<h5 class=\"wp-block-heading\"><strong>Jednotka vyj\u00ed\u017ed\u00ed do katastr\u016f obc\u00ed v I. Stupni Po\u017e\u00e1rn\u00edho Poplachu<\/strong>:<\/h5>\n\n\n\n<p><strong>\u0158ehenice, Senohraby, Stran\u010dice, Velk\u00e9 Popovice, \u010cakov, \u010cer\u010dany, \u010cty\u0159koly, Hrusice, Kali\u0161t\u011b, Kamenice, Kunice, Mnichovice, Ond\u0159ejov, P\u011btihosty, Po\u0159\u00ed\u010d\u00ed nad S\u00e1zavou, Py\u0161ely.<\/strong><br><strong>d\u00e1lnice D1<\/strong> PRAHA &#8211; BRNO 11km. &#8211; 41km. (Jesenice &#8211; \u0160ternov)<\/p>\n\n\n\n<h5 class=\"wp-block-heading\"><strong><strong>Jednotka vyj\u00ed\u017ed\u00ed do katastr\u016f obc\u00ed ve II. Stupni Po\u017e\u00e1rn\u00edho Poplachu<\/strong>:<\/strong><\/h5>\n\n\n\n<p><strong>Struha\u0159ov, St\u0159\u00edbrn\u00e1 Skalice, Vodslivy, Vranov, V\u0161estary, Zv\u00e1novice, Bukovany, Chocerady, \u010cern\u00e9 Vod\u011brady, \u010cestlice, Hv\u011bzdonice, Kozmice, L\u0161t\u011bn\u00ed, Mra\u010d, Nespeky, Nupaky, Ost\u0159edek, Petroupim, Pet\u0159\u00edkov, Pr\u016fhonice, P\u0159estavlky u \u010cer\u010dan.<\/strong><\/p>\n\n\n\n<h5 class=\"wp-block-heading\"><strong><strong><strong>Jednotka vyj\u00ed\u017ed\u00ed do katastr\u016f obc\u00ed ve III. Stupni Po\u017e\u00e1rn\u00edho Poplachu<\/strong>:<\/strong><\/strong><\/h5>\n\n\n\n<p><strong>Sob\u011bhrdy, Sulice, Sv\u011btice, Svojetice, Tehov, Vlkan\u010dice, Dob\u0159ejovice, Herink, Jesenice, Kloko\u010dn\u00e1, Konojedy, Kostelec u K\u0159\u00ed\u017ek\u016f,  Krhanice, Modletice, Oplany.<\/strong><\/p>\n\n\n\n<h5 class=\"wp-block-heading\"><strong><strong><strong><strong><strong><strong>Jednotka vyj\u00ed\u017ed\u00ed do katastr\u016f obc\u00ed ve Zvl\u00e1\u0161tn\u00edm Stupni Po\u017e\u00e1rn\u00edho Poplachu<\/strong>:<\/strong><\/strong><\/strong><\/strong><\/strong><\/h5>\n\n\n\n<p><strong>S\u00e1zava, Tehovec, V\u00fd\u017eerky, Jevany, Kamenn\u00fd P\u0159\u00edvoz, Muka\u0159ov, Rad\u011bjovice.<\/strong><\/p>\n\n\n\n<blockquote class=\"wp-block-quote is-layout-flow wp-block-quote-is-layout-flow\">\n<p><mark style=\"background-color:rgba(0, 0, 0, 0)\" class=\"has-inline-color has-primary-color\"><strong>Jednotka m\u016f\u017ee b\u00fdt vysl\u00e1na i do jin\u00e9 dislokace dle rozhodnut\u00ed krajsk\u00e9ho opera\u010dn\u00edho a informa\u010dn\u00edho st\u0159ediska Hasi\u010dsk\u00e9ho Z\u00e1chrann\u00e9ho Sboru St\u0159edo\u010desk\u00e9ho kraje.\u00a0<\/strong><\/mark><\/p>\n<\/blockquote>\n\n\n\n<p><\/p>\n","protected":false},"excerpt":{"rendered":"<p>V\u00fdpis z&nbsp;poplachov\u00e9ho pl\u00e1nu St\u0159edo\u010desk\u00e9ho kraje pro JSDH Senohraby Jednotka vyj\u00ed\u017ed\u00ed do katastr\u016f obc\u00ed v I. Stupni Po\u017e\u00e1rn\u00edho Poplachu: \u0158ehenice, Senohraby, Stran\u010dice, Velk\u00e9 Popovice, \u010cakov, \u010cer\u010dany, \u010cty\u0159koly, Hrusice, Kali\u0161t\u011b, Kamenice, Kunice, Mnichovice, Ond\u0159ejov, P\u011btihosty, Po\u0159\u00ed\u010d\u00ed nad S\u00e1zavou, Py\u0161ely.d\u00e1lnice D1 PRAHA &#8211; BRNO 11km. &#8211; 41km. (Jesenice &#8211; \u0160ternov) Jednotka vyj\u00ed\u017ed\u00ed do katastr\u016f obc\u00ed ve II. Stupni [&hellip;]<\/p>\n","protected":false},"author":1,"featured_media":0,"parent":0,"menu_order":0,"comment_status":"closed","ping_status":"closed","template":"","meta":{"pgc_sgb_lightbox_settings":"","_mc_calendar":[],"footnotes":""},"mt-event-group":[],"class_list":["post-350","page","type-page","status-publish","hentry"],"yoast_head":"<!-- This site is optimized with the Yoast SEO plugin v27.4 - https:\/\/yoast.com\/product\/yoast-seo-wordpress\/ -->\n<title>Z\u00e1sahov\u00e9 \u00fazem\u00ed - Hasi\u010di Senohraby<\/title>\n<meta name=\"robots\" content=\"index, follow, max-snippet:-1, max-image-preview:large, max-video-preview:-1\" \/>\n<link rel=\"canonical\" href=\"https:\/\/hasicisenohraby.cz\/index.php\/zasahove-uzemi\/\" \/>\n<meta property=\"og:locale\" content=\"cs_CZ\" \/>\n<meta property=\"og:type\" content=\"article\" \/>\n<meta property=\"og:title\" content=\"Z\u00e1sahov\u00e9 \u00fazem\u00ed - Hasi\u010di Senohraby\" \/>\n<meta property=\"og:description\" content=\"V\u00fdpis z&nbsp;poplachov\u00e9ho pl\u00e1nu St\u0159edo\u010desk\u00e9ho kraje pro JSDH Senohraby Jednotka vyj\u00ed\u017ed\u00ed do katastr\u016f obc\u00ed v I. Stupni Po\u017e\u00e1rn\u00edho Poplachu: \u0158ehenice, Senohraby, Stran\u010dice, Velk\u00e9 Popovice, \u010cakov, \u010cer\u010dany, \u010cty\u0159koly, Hrusice, Kali\u0161t\u011b, Kamenice, Kunice, Mnichovice, Ond\u0159ejov, P\u011btihosty, Po\u0159\u00ed\u010d\u00ed nad S\u00e1zavou, Py\u0161ely.d\u00e1lnice D1 PRAHA &#8211; BRNO 11km. &#8211; 41km. (Jesenice &#8211; \u0160ternov) Jednotka vyj\u00ed\u017ed\u00ed do katastr\u016f obc\u00ed ve II. Stupni [&hellip;]\" \/>\n<meta property=\"og:url\" content=\"https:\/\/hasicisenohraby.cz\/index.php\/zasahove-uzemi\/\" \/>\n<meta property=\"og:site_name\" content=\"Hasi\u010di Senohraby\" \/>\n<meta property=\"article:publisher\" content=\"https:\/\/www.facebook.com\/hasici.senohraby\" \/>\n<meta property=\"article:modified_time\" content=\"2025-11-18T13:49:07+00:00\" \/>\n<meta name=\"twitter:card\" content=\"summary_large_image\" \/>\n<meta name=\"twitter:site\" content=\"@HasiciSenohraby\" \/>\n<meta name=\"twitter:label1\" content=\"Odhadovan\u00e1 doba \u010dten\u00ed\" \/>\n\t<meta name=\"twitter:data1\" content=\"1 minuta\" \/>\n<script type=\"application\/ld+json\" class=\"yoast-schema-graph\">{\"@context\":\"https:\\\/\\\/schema.org\",\"@graph\":[{\"@type\":\"WebPage\",\"@id\":\"https:\\\/\\\/hasicisenohraby.cz\\\/index.php\\\/zasahove-uzemi\\\/\",\"url\":\"https:\\\/\\\/hasicisenohraby.cz\\\/index.php\\\/zasahove-uzemi\\\/\",\"name\":\"Z\u00e1sahov\u00e9 \u00fazem\u00ed - Hasi\u010di Senohraby\",\"isPartOf\":{\"@id\":\"https:\\\/\\\/hasicisenohraby.cz\\\/#website\"},\"datePublished\":\"2025-10-03T22:10:49+00:00\",\"dateModified\":\"2025-11-18T13:49:07+00:00\",\"breadcrumb\":{\"@id\":\"https:\\\/\\\/hasicisenohraby.cz\\\/index.php\\\/zasahove-uzemi\\\/#breadcrumb\"},\"inLanguage\":\"cs\",\"potentialAction\":[{\"@type\":\"ReadAction\",\"target\":[\"https:\\\/\\\/hasicisenohraby.cz\\\/index.php\\\/zasahove-uzemi\\\/\"]}]},{\"@type\":\"BreadcrumbList\",\"@id\":\"https:\\\/\\\/hasicisenohraby.cz\\\/index.php\\\/zasahove-uzemi\\\/#breadcrumb\",\"itemListElement\":[{\"@type\":\"ListItem\",\"position\":1,\"name\":\"Dom\u016f\",\"item\":\"https:\\\/\\\/hasicisenohraby.cz\\\/\"},{\"@type\":\"ListItem\",\"position\":2,\"name\":\"Z\u00e1sahov\u00e9 \u00fazem\u00ed\"}]},{\"@type\":\"WebSite\",\"@id\":\"https:\\\/\\\/hasicisenohraby.cz\\\/#website\",\"url\":\"https:\\\/\\\/hasicisenohraby.cz\\\/\",\"name\":\"Hasi\u010di Senohraby\",\"description\":\"Str\u00e1nky hasi\u010d\u016f ze Senohrab\",\"publisher\":{\"@id\":\"https:\\\/\\\/hasicisenohraby.cz\\\/#organization\"},\"potentialAction\":[{\"@type\":\"SearchAction\",\"target\":{\"@type\":\"EntryPoint\",\"urlTemplate\":\"https:\\\/\\\/hasicisenohraby.cz\\\/?s={search_term_string}\"},\"query-input\":{\"@type\":\"PropertyValueSpecification\",\"valueRequired\":true,\"valueName\":\"search_term_string\"}}],\"inLanguage\":\"cs\"},{\"@type\":\"Organization\",\"@id\":\"https:\\\/\\\/hasicisenohraby.cz\\\/#organization\",\"name\":\"Hasi\u010di Senohraby\",\"url\":\"https:\\\/\\\/hasicisenohraby.cz\\\/\",\"logo\":{\"@type\":\"ImageObject\",\"inLanguage\":\"cs\",\"@id\":\"https:\\\/\\\/hasicisenohraby.cz\\\/#\\\/schema\\\/logo\\\/image\\\/\",\"url\":\"https:\\\/\\\/hasicisenohraby.cz\\\/wp-content\\\/uploads\\\/2025\\\/08\\\/Logo-sboru.png\",\"contentUrl\":\"https:\\\/\\\/hasicisenohraby.cz\\\/wp-content\\\/uploads\\\/2025\\\/08\\\/Logo-sboru.png\",\"width\":167,\"height\":233,\"caption\":\"Hasi\u010di Senohraby\"},\"image\":{\"@id\":\"https:\\\/\\\/hasicisenohraby.cz\\\/#\\\/schema\\\/logo\\\/image\\\/\"},\"sameAs\":[\"https:\\\/\\\/www.facebook.com\\\/hasici.senohraby\",\"https:\\\/\\\/x.com\\\/HasiciSenohraby\",\"https:\\\/\\\/www.instagram.com\\\/hasici_senohraby\",\"https:\\\/\\\/www.youtube.com\\\/@72RB\"]}]}<\/script>\n<!-- \/ Yoast SEO plugin. -->","yoast_head_json":{"title":"Z\u00e1sahov\u00e9 \u00fazem\u00ed - Hasi\u010di Senohraby","robots":{"index":"index","follow":"follow","max-snippet":"max-snippet:-1","max-image-preview":"max-image-preview:large","max-video-preview":"max-video-preview:-1"},"canonical":"https:\/\/hasicisenohraby.cz\/index.php\/zasahove-uzemi\/","og_locale":"cs_CZ","og_type":"article","og_title":"Z\u00e1sahov\u00e9 \u00fazem\u00ed - Hasi\u010di Senohraby","og_description":"V\u00fdpis z&nbsp;poplachov\u00e9ho pl\u00e1nu St\u0159edo\u010desk\u00e9ho kraje pro JSDH Senohraby Jednotka vyj\u00ed\u017ed\u00ed do katastr\u016f obc\u00ed v I. Stupni Po\u017e\u00e1rn\u00edho Poplachu: \u0158ehenice, Senohraby, Stran\u010dice, Velk\u00e9 Popovice, \u010cakov, \u010cer\u010dany, \u010cty\u0159koly, Hrusice, Kali\u0161t\u011b, Kamenice, Kunice, Mnichovice, Ond\u0159ejov, P\u011btihosty, Po\u0159\u00ed\u010d\u00ed nad S\u00e1zavou, Py\u0161ely.d\u00e1lnice D1 PRAHA &#8211; BRNO 11km. &#8211; 41km. (Jesenice &#8211; \u0160ternov) Jednotka vyj\u00ed\u017ed\u00ed do katastr\u016f obc\u00ed ve II. Stupni [&hellip;]","og_url":"https:\/\/hasicisenohraby.cz\/index.php\/zasahove-uzemi\/","og_site_name":"Hasi\u010di Senohraby","article_publisher":"https:\/\/www.facebook.com\/hasici.senohraby","article_modified_time":"2025-11-18T13:49:07+00:00","twitter_card":"summary_large_image","twitter_site":"@HasiciSenohraby","twitter_misc":{"Odhadovan\u00e1 doba \u010dten\u00ed":"1 minuta"},"schema":{"@context":"https:\/\/schema.org","@graph":[{"@type":"WebPage","@id":"https:\/\/hasicisenohraby.cz\/index.php\/zasahove-uzemi\/","url":"https:\/\/hasicisenohraby.cz\/index.php\/zasahove-uzemi\/","name":"Z\u00e1sahov\u00e9 \u00fazem\u00ed - Hasi\u010di Senohraby","isPartOf":{"@id":"https:\/\/hasicisenohraby.cz\/#website"},"datePublished":"2025-10-03T22:10:49+00:00","dateModified":"2025-11-18T13:49:07+00:00","breadcrumb":{"@id":"https:\/\/hasicisenohraby.cz\/index.php\/zasahove-uzemi\/#breadcrumb"},"inLanguage":"cs","potentialAction":[{"@type":"ReadAction","target":["https:\/\/hasicisenohraby.cz\/index.php\/zasahove-uzemi\/"]}]},{"@type":"BreadcrumbList","@id":"https:\/\/hasicisenohraby.cz\/index.php\/zasahove-uzemi\/#breadcrumb","itemListElement":[{"@type":"ListItem","position":1,"name":"Dom\u016f","item":"https:\/\/hasicisenohraby.cz\/"},{"@type":"ListItem","position":2,"name":"Z\u00e1sahov\u00e9 \u00fazem\u00ed"}]},{"@type":"WebSite","@id":"https:\/\/hasicisenohraby.cz\/#website","url":"https:\/\/hasicisenohraby.cz\/","name":"Hasi\u010di Senohraby","description":"Str\u00e1nky hasi\u010d\u016f ze Senohrab","publisher":{"@id":"https:\/\/hasicisenohraby.cz\/#organization"},"potentialAction":[{"@type":"SearchAction","target":{"@type":"EntryPoint","urlTemplate":"https:\/\/hasicisenohraby.cz\/?s={search_term_string}"},"query-input":{"@type":"PropertyValueSpecification","valueRequired":true,"valueName":"search_term_string"}}],"inLanguage":"cs"},{"@type":"Organization","@id":"https:\/\/hasicisenohraby.cz\/#organization","name":"Hasi\u010di Senohraby","url":"https:\/\/hasicisenohraby.cz\/","logo":{"@type":"ImageObject","inLanguage":"cs","@id":"https:\/\/hasicisenohraby.cz\/#\/schema\/logo\/image\/","url":"https:\/\/hasicisenohraby.cz\/wp-content\/uploads\/2025\/08\/Logo-sboru.png","contentUrl":"https:\/\/hasicisenohraby.cz\/wp-content\/uploads\/2025\/08\/Logo-sboru.png","width":167,"height":233,"caption":"Hasi\u010di Senohraby"},"image":{"@id":"https:\/\/hasicisenohraby.cz\/#\/schema\/logo\/image\/"},"sameAs":["https:\/\/www.facebook.com\/hasici.senohraby","https:\/\/x.com\/HasiciSenohraby","https:\/\/www.instagram.com\/hasici_senohraby","https:\/\/www.youtube.com\/@72RB"]}]}},"_links":{"self":[{"href":"https:\/\/hasicisenohraby.cz\/index.php\/wp-json\/wp\/v2\/pages\/350","targetHints":{"allow":["GET"]}}],"collection":[{"href":"https:\/\/hasicisenohraby.cz\/index.php\/wp-json\/wp\/v2\/pages"}],"about":[{"href":"https:\/\/hasicisenohraby.cz\/index.php\/wp-json\/wp\/v2\/types\/page"}],"author":[{"embeddable":true,"href":"https:\/\/hasicisenohraby.cz\/index.php\/wp-json\/wp\/v2\/users\/1"}],"replies":[{"embeddable":true,"href":"https:\/\/hasicisenohraby.cz\/index.php\/wp-json\/wp\/v2\/comments?post=350"}],"version-history":[{"count":3,"href":"https:\/\/hasicisenohraby.cz\/index.php\/wp-json\/wp\/v2\/pages\/350\/revisions"}],"predecessor-version":[{"id":1003,"href":"https:\/\/hasicisenohraby.cz\/index.php\/wp-json\/wp\/v2\/pages\/350\/revisions\/1003"}],"wp:attachment":[{"href":"https:\/\/hasicisenohraby.cz\/index.php\/wp-json\/wp\/v2\/media?parent=350"}],"wp:term":[{"taxonomy":"mt-event-group","embeddable":true,"href":"https:\/\/hasicisenohraby.cz\/index.php\/wp-json\/wp\/v2\/mt-event-group?post=350"}],"curies":[{"name":"wp","href":"https:\/\/api.w.org\/{rel}","templated":true}]}}