{"id":345,"date":"2025-10-04T00:00:25","date_gmt":"2025-10-03T22:00:25","guid":{"rendered":"https:\/\/martin-broz.cz\/hasicisenohraby\/?page_id=345"},"modified":"2025-10-04T00:06:21","modified_gmt":"2025-10-03T22:06:21","slug":"vyjezdy-jednotky","status":"publish","type":"page","link":"https:\/\/hasicisenohraby.cz\/index.php\/vyjezdy-jednotky\/","title":{"rendered":"V\u00fdjezdy jednotky"},"content":{"rendered":"<style>\r\n.vyjezdy-stats .box { font-size:24px; display:flex; align-items:center; gap:0.3em; }\r\n.vyjezdy-stats .total { font-size:32px; font-weight:bold; }\r\n<\/style><div class=\"vyjezdy-stats css_class_container\"><div class=\"row\">  <div class=\"box total\"><img decoding=\"async\" src=\"https:\/\/martin-broz.cz\/hasicisenohraby\/icons\/tlampac.png\"> 50  <span class=\"css_class_type\" style=\"font-size: 0.5em\">V\u00ddJEZD\u016e CELKEM<\/SPAN><\/div><\/div><HR><div class=\"row\">  <div class=\"box\">  <img decoding=\"async\" src=\"https:\/\/martin-broz.cz\/hasicisenohraby\/icons\/ohen.png\"> 15  <span class=\"css_class_type\" style=\"font-size: 0.5em\">PO\u017d\u00c1R\u016e<\/SPAN><\/div>  <div class=\"box\">  <img decoding=\"async\" src=\"https:\/\/martin-broz.cz\/hasicisenohraby\/icons\/nehoda.png\"> 24  <span class=\"css_class_type\" style=\"font-size: 0.5em\">DOPRAVN\u00cdCH NEHOD<\/SPAN><\/div>  <div class=\"box\">  <img decoding=\"async\" src=\"https:\/\/martin-broz.cz\/hasicisenohraby\/icons\/otaznik.png\"> 11  <span class=\"css_class_type\" style=\"font-size: 0.5em\">OSTATN\u00cdCH V\u00ddJEZD\u016e<\/SPAN><\/div><\/div><\/div>\n\n\n\r\n<DIV class='css_class_container' ID='css_ID_container'>  <DIV class='css_class_date' ID='css_ID_date'>18.04.2026 v 17:24:08<\/DIV>  <DIV class='css_class_text' ID='css_ID_text'>    <DIV class='css_class_location' ID='css_ID_location'>D1 PRAHA - BRNO<\/DIV>    <DIV class='css_class_type' ID='css_ID_type'>DOPRAVN\u00cd NEHODA - \u00daKLID VOZOVKY<\/DIV> <\/DIV><\/DIV><DIV class='css_class_container' ID='css_ID_container'>  <DIV class='css_class_date' ID='css_ID_date'>18.04.2026 v 15:43:02<\/DIV>  <DIV class='css_class_text' ID='css_ID_text'>    <DIV class='css_class_location' ID='css_ID_location'>MIRO\u0160OVICE \u00a0<\/DIV>    <DIV class='css_class_type' ID='css_ID_type'>DOPRAVN\u00cd NEHODA - VYPRO\u0160T\u011aN\u00cd OSOB<\/DIV> <\/DIV><\/DIV><DIV class='css_class_container' ID='css_ID_container'>  <DIV class='css_class_date' ID='css_ID_date'>17.04.2026 v 11:36:44<\/DIV>  <DIV class='css_class_text' ID='css_ID_text'>    <DIV class='css_class_location' ID='css_ID_location'>L\u0160T\u011aN\u00cd \u00a0<\/DIV>    <DIV class='css_class_type' ID='css_ID_type'>Z\u00c1CHRANA OSOB A ZV\u00cd\u0158AT - AED<\/DIV> <\/DIV><\/DIV><DIV class='css_class_container' ID='css_ID_container'>  <DIV class='css_class_date' ID='css_ID_date'>14.04.2026 v 18:44:35<\/DIV>  <DIV class='css_class_text' ID='css_ID_text'>    <DIV class='css_class_location' ID='css_ID_location'>D1 PRAHA - BRNO<\/DIV>    <DIV class='css_class_type' ID='css_ID_type'>PO\u017d\u00c1R - DOPRAVN\u00cd PROST\u0158EDKY<\/DIV> <\/DIV><\/DIV><DIV class='css_class_container' ID='css_ID_container'>  <DIV class='css_class_date' ID='css_ID_date'>10.04.2026 v 15:29:11<\/DIV>  <DIV class='css_class_text' ID='css_ID_text'>    <DIV class='css_class_location' ID='css_ID_location'>MIRO\u0160OVICE \u00a0<\/DIV>    <DIV class='css_class_type' ID='css_ID_type'>PO\u017d\u00c1R - TRAFOSTANICE, ROZVODNY<\/DIV> <\/DIV><\/DIV><DIV class='css_class_container' ID='css_ID_container'>  <DIV class='css_class_date' ID='css_ID_date'>09.04.2026 v 14:39:03<\/DIV>  <DIV class='css_class_text' ID='css_ID_text'>    <DIV class='css_class_location' ID='css_ID_location'>P\u011aTIHOSTY \u00a0<\/DIV>    <DIV class='css_class_type' ID='css_ID_type'>PO\u017d\u00c1R - DOPRAVN\u00cd PROST\u0158EDKY<\/DIV> <\/DIV><\/DIV><DIV class='css_class_container' ID='css_ID_container'>  <DIV class='css_class_date' ID='css_ID_date'>09.04.2026 v 10:19:10<\/DIV>  <DIV class='css_class_text' ID='css_ID_text'>    <DIV class='css_class_location' ID='css_ID_location'>MIRO\u0160OVICE \u00a0<\/DIV>    <DIV class='css_class_type' ID='css_ID_type'>Z\u00c1CHRANA OSOB A ZV\u00cd\u0158AT - TRANSPORT PACIENTA<\/DIV> <\/DIV><\/DIV><DIV class='css_class_container' ID='css_ID_container'>  <DIV class='css_class_date' ID='css_ID_date'>05.04.2026 v 16:05:51<\/DIV>  <DIV class='css_class_text' ID='css_ID_text'>    <DIV class='css_class_location' ID='css_ID_location'>P\u011aTIHOSTY \u00a0<\/DIV>    <DIV class='css_class_type' ID='css_ID_type'>\u00daNIK NEBEZPE\u010cN\u00ddCH L\u00c1TEK - na komunikaci ropa<\/DIV> <\/DIV><\/DIV><DIV class='css_class_container' ID='css_ID_container'>  <DIV class='css_class_date' ID='css_ID_date'>05.04.2026 v 13:06:37<\/DIV>  <DIV class='css_class_text' ID='css_ID_text'>    <DIV class='css_class_location' ID='css_ID_location'>VELK\u00c9 POPOVICE \u00a0<\/DIV>    <DIV class='css_class_type' ID='css_ID_type'>PO\u017d\u00c1R - TRAFOSTANICE, ROZVODNY<\/DIV> <\/DIV><\/DIV><DIV class='css_class_container' ID='css_ID_container'>  <DIV class='css_class_date' ID='css_ID_date'>03.04.2026 v 14:49:54<\/DIV>  <DIV class='css_class_text' ID='css_ID_text'>    <DIV class='css_class_location' ID='css_ID_location'>P\u011aTIHOSTY \u00a0<\/DIV>    <DIV class='css_class_type' ID='css_ID_type'>DOPRAVN\u00cd NEHODA - SE ZRAN\u011aN\u00cdM<\/DIV> <\/DIV><\/DIV>\n","protected":false},"excerpt":{"rendered":"","protected":false},"author":1,"featured_media":0,"parent":0,"menu_order":0,"comment_status":"closed","ping_status":"closed","template":"","meta":{"pgc_sgb_lightbox_settings":"","_mc_calendar":[],"footnotes":""},"mt-event-group":[],"class_list":["post-345","page","type-page","status-publish","hentry"],"yoast_head":"<!-- This site is optimized with the Yoast SEO plugin v27.4 - https:\/\/yoast.com\/product\/yoast-seo-wordpress\/ -->\n<title>V\u00fdjezdy jednotky - Hasi\u010di Senohraby<\/title>\n<meta name=\"robots\" content=\"index, follow, max-snippet:-1, max-image-preview:large, max-video-preview:-1\" \/>\n<link rel=\"canonical\" href=\"https:\/\/hasicisenohraby.cz\/index.php\/vyjezdy-jednotky\/\" \/>\n<meta property=\"og:locale\" content=\"cs_CZ\" \/>\n<meta property=\"og:type\" content=\"article\" \/>\n<meta property=\"og:title\" content=\"V\u00fdjezdy jednotky - Hasi\u010di Senohraby\" \/>\n<meta property=\"og:url\" content=\"https:\/\/hasicisenohraby.cz\/index.php\/vyjezdy-jednotky\/\" \/>\n<meta property=\"og:site_name\" content=\"Hasi\u010di Senohraby\" \/>\n<meta property=\"article:publisher\" content=\"https:\/\/www.facebook.com\/hasici.senohraby\" \/>\n<meta property=\"article:modified_time\" content=\"2025-10-03T22:06:21+00:00\" \/>\n<meta name=\"twitter:card\" content=\"summary_large_image\" \/>\n<meta name=\"twitter:site\" content=\"@HasiciSenohraby\" \/>\n<script type=\"application\/ld+json\" class=\"yoast-schema-graph\">{\"@context\":\"https:\\\/\\\/schema.org\",\"@graph\":[{\"@type\":\"WebPage\",\"@id\":\"https:\\\/\\\/hasicisenohraby.cz\\\/index.php\\\/vyjezdy-jednotky\\\/\",\"url\":\"https:\\\/\\\/hasicisenohraby.cz\\\/index.php\\\/vyjezdy-jednotky\\\/\",\"name\":\"V\u00fdjezdy jednotky - Hasi\u010di Senohraby\",\"isPartOf\":{\"@id\":\"https:\\\/\\\/hasicisenohraby.cz\\\/#website\"},\"datePublished\":\"2025-10-03T22:00:25+00:00\",\"dateModified\":\"2025-10-03T22:06:21+00:00\",\"breadcrumb\":{\"@id\":\"https:\\\/\\\/hasicisenohraby.cz\\\/index.php\\\/vyjezdy-jednotky\\\/#breadcrumb\"},\"inLanguage\":\"cs\",\"potentialAction\":[{\"@type\":\"ReadAction\",\"target\":[\"https:\\\/\\\/hasicisenohraby.cz\\\/index.php\\\/vyjezdy-jednotky\\\/\"]}]},{\"@type\":\"BreadcrumbList\",\"@id\":\"https:\\\/\\\/hasicisenohraby.cz\\\/index.php\\\/vyjezdy-jednotky\\\/#breadcrumb\",\"itemListElement\":[{\"@type\":\"ListItem\",\"position\":1,\"name\":\"Dom\u016f\",\"item\":\"https:\\\/\\\/hasicisenohraby.cz\\\/\"},{\"@type\":\"ListItem\",\"position\":2,\"name\":\"V\u00fdjezdy jednotky\"}]},{\"@type\":\"WebSite\",\"@id\":\"https:\\\/\\\/hasicisenohraby.cz\\\/#website\",\"url\":\"https:\\\/\\\/hasicisenohraby.cz\\\/\",\"name\":\"Hasi\u010di Senohraby\",\"description\":\"Str\u00e1nky hasi\u010d\u016f ze Senohrab\",\"publisher\":{\"@id\":\"https:\\\/\\\/hasicisenohraby.cz\\\/#organization\"},\"potentialAction\":[{\"@type\":\"SearchAction\",\"target\":{\"@type\":\"EntryPoint\",\"urlTemplate\":\"https:\\\/\\\/hasicisenohraby.cz\\\/?s={search_term_string}\"},\"query-input\":{\"@type\":\"PropertyValueSpecification\",\"valueRequired\":true,\"valueName\":\"search_term_string\"}}],\"inLanguage\":\"cs\"},{\"@type\":\"Organization\",\"@id\":\"https:\\\/\\\/hasicisenohraby.cz\\\/#organization\",\"name\":\"Hasi\u010di Senohraby\",\"url\":\"https:\\\/\\\/hasicisenohraby.cz\\\/\",\"logo\":{\"@type\":\"ImageObject\",\"inLanguage\":\"cs\",\"@id\":\"https:\\\/\\\/hasicisenohraby.cz\\\/#\\\/schema\\\/logo\\\/image\\\/\",\"url\":\"https:\\\/\\\/hasicisenohraby.cz\\\/wp-content\\\/uploads\\\/2025\\\/08\\\/Logo-sboru.png\",\"contentUrl\":\"https:\\\/\\\/hasicisenohraby.cz\\\/wp-content\\\/uploads\\\/2025\\\/08\\\/Logo-sboru.png\",\"width\":167,\"height\":233,\"caption\":\"Hasi\u010di Senohraby\"},\"image\":{\"@id\":\"https:\\\/\\\/hasicisenohraby.cz\\\/#\\\/schema\\\/logo\\\/image\\\/\"},\"sameAs\":[\"https:\\\/\\\/www.facebook.com\\\/hasici.senohraby\",\"https:\\\/\\\/x.com\\\/HasiciSenohraby\",\"https:\\\/\\\/www.instagram.com\\\/hasici_senohraby\",\"https:\\\/\\\/www.youtube.com\\\/@72RB\"]}]}<\/script>\n<!-- \/ Yoast SEO plugin. -->","yoast_head_json":{"title":"V\u00fdjezdy jednotky - Hasi\u010di Senohraby","robots":{"index":"index","follow":"follow","max-snippet":"max-snippet:-1","max-image-preview":"max-image-preview:large","max-video-preview":"max-video-preview:-1"},"canonical":"https:\/\/hasicisenohraby.cz\/index.php\/vyjezdy-jednotky\/","og_locale":"cs_CZ","og_type":"article","og_title":"V\u00fdjezdy jednotky - Hasi\u010di Senohraby","og_url":"https:\/\/hasicisenohraby.cz\/index.php\/vyjezdy-jednotky\/","og_site_name":"Hasi\u010di Senohraby","article_publisher":"https:\/\/www.facebook.com\/hasici.senohraby","article_modified_time":"2025-10-03T22:06:21+00:00","twitter_card":"summary_large_image","twitter_site":"@HasiciSenohraby","schema":{"@context":"https:\/\/schema.org","@graph":[{"@type":"WebPage","@id":"https:\/\/hasicisenohraby.cz\/index.php\/vyjezdy-jednotky\/","url":"https:\/\/hasicisenohraby.cz\/index.php\/vyjezdy-jednotky\/","name":"V\u00fdjezdy jednotky - Hasi\u010di Senohraby","isPartOf":{"@id":"https:\/\/hasicisenohraby.cz\/#website"},"datePublished":"2025-10-03T22:00:25+00:00","dateModified":"2025-10-03T22:06:21+00:00","breadcrumb":{"@id":"https:\/\/hasicisenohraby.cz\/index.php\/vyjezdy-jednotky\/#breadcrumb"},"inLanguage":"cs","potentialAction":[{"@type":"ReadAction","target":["https:\/\/hasicisenohraby.cz\/index.php\/vyjezdy-jednotky\/"]}]},{"@type":"BreadcrumbList","@id":"https:\/\/hasicisenohraby.cz\/index.php\/vyjezdy-jednotky\/#breadcrumb","itemListElement":[{"@type":"ListItem","position":1,"name":"Dom\u016f","item":"https:\/\/hasicisenohraby.cz\/"},{"@type":"ListItem","position":2,"name":"V\u00fdjezdy jednotky"}]},{"@type":"WebSite","@id":"https:\/\/hasicisenohraby.cz\/#website","url":"https:\/\/hasicisenohraby.cz\/","name":"Hasi\u010di Senohraby","description":"Str\u00e1nky hasi\u010d\u016f ze Senohrab","publisher":{"@id":"https:\/\/hasicisenohraby.cz\/#organization"},"potentialAction":[{"@type":"SearchAction","target":{"@type":"EntryPoint","urlTemplate":"https:\/\/hasicisenohraby.cz\/?s={search_term_string}"},"query-input":{"@type":"PropertyValueSpecification","valueRequired":true,"valueName":"search_term_string"}}],"inLanguage":"cs"},{"@type":"Organization","@id":"https:\/\/hasicisenohraby.cz\/#organization","name":"Hasi\u010di Senohraby","url":"https:\/\/hasicisenohraby.cz\/","logo":{"@type":"ImageObject","inLanguage":"cs","@id":"https:\/\/hasicisenohraby.cz\/#\/schema\/logo\/image\/","url":"https:\/\/hasicisenohraby.cz\/wp-content\/uploads\/2025\/08\/Logo-sboru.png","contentUrl":"https:\/\/hasicisenohraby.cz\/wp-content\/uploads\/2025\/08\/Logo-sboru.png","width":167,"height":233,"caption":"Hasi\u010di Senohraby"},"image":{"@id":"https:\/\/hasicisenohraby.cz\/#\/schema\/logo\/image\/"},"sameAs":["https:\/\/www.facebook.com\/hasici.senohraby","https:\/\/x.com\/HasiciSenohraby","https:\/\/www.instagram.com\/hasici_senohraby","https:\/\/www.youtube.com\/@72RB"]}]}},"_links":{"self":[{"href":"https:\/\/hasicisenohraby.cz\/index.php\/wp-json\/wp\/v2\/pages\/345","targetHints":{"allow":["GET"]}}],"collection":[{"href":"https:\/\/hasicisenohraby.cz\/index.php\/wp-json\/wp\/v2\/pages"}],"about":[{"href":"https:\/\/hasicisenohraby.cz\/index.php\/wp-json\/wp\/v2\/types\/page"}],"author":[{"embeddable":true,"href":"https:\/\/hasicisenohraby.cz\/index.php\/wp-json\/wp\/v2\/users\/1"}],"replies":[{"embeddable":true,"href":"https:\/\/hasicisenohraby.cz\/index.php\/wp-json\/wp\/v2\/comments?post=345"}],"version-history":[{"count":3,"href":"https:\/\/hasicisenohraby.cz\/index.php\/wp-json\/wp\/v2\/pages\/345\/revisions"}],"predecessor-version":[{"id":349,"href":"https:\/\/hasicisenohraby.cz\/index.php\/wp-json\/wp\/v2\/pages\/345\/revisions\/349"}],"wp:attachment":[{"href":"https:\/\/hasicisenohraby.cz\/index.php\/wp-json\/wp\/v2\/media?parent=345"}],"wp:term":[{"taxonomy":"mt-event-group","embeddable":true,"href":"https:\/\/hasicisenohraby.cz\/index.php\/wp-json\/wp\/v2\/mt-event-group?post=345"}],"curies":[{"name":"wp","href":"https:\/\/api.w.org\/{rel}","templated":true}]}}