{"id":334,"date":"2025-10-03T23:58:14","date_gmt":"2025-10-03T21:58:14","guid":{"rendered":"https:\/\/martin-broz.cz\/hasicisenohraby\/?page_id=334"},"modified":"2025-11-18T12:26:27","modified_gmt":"2025-11-18T11:26:27","slug":"slozeni-jednotky","status":"publish","type":"page","link":"https:\/\/hasicisenohraby.cz\/index.php\/slozeni-jednotky\/","title":{"rendered":"Slo\u017een\u00ed jednotky"},"content":{"rendered":"\n<figure class=\"wp-block-table is-style-stripes\"><table class=\"has-fixed-layout\"><tbody><tr><td>Velitel jednotky<\/td><td>B\u00edl\u00fd Michal<\/td><\/tr><tr><td>Velitel dru\u017estva<\/td><td>Michl Ji\u0159\u00ed<br>Fajstavr Ji\u0159\u00ed<br>\u0160elicha Vil\u00e9m<br>Fousek Josef<br>Bro\u017e Martin<\/td><\/tr><tr><td>Strojn\u00edk<\/td><td>Vinick\u00fd Miroslav<br>Ko\u010d\u00ed Petr<br>Navr\u00e1til Pavel<br>Drda Zden\u011bk<br>Molda \u0160tefan<\/td><\/tr><tr><td>Hasi\u010d<\/td><td>B\u00edl\u00fd David<br>Bro\u017eov\u00e1 Tereza<br>Bro\u017e Jan<br>Drda Ji\u0159\u00ed<br>Mal\u00fd Filip<br>Sl\u00e1dek Zden\u011bk<br>\u0160karda \u0160imon<br>Jan\u010d\u00e1\u0159 Franti\u0161ek<br>Zelman Libor<br>B\u00edl\u00fd Roman<\/td><\/tr><\/tbody><\/table><\/figure>\n\n\n\n<div class=\"wp-block-group is-nowrap is-layout-flex wp-container-core-group-is-layout-6c531013 wp-block-group-is-layout-flex\">\n<div class=\"wp-block-columns is-layout-flex wp-container-core-columns-is-layout-28f84493 wp-block-columns-is-layout-flex\">\n<div class=\"wp-block-column is-layout-flow wp-block-column-is-layout-flow\">\n<figure class=\"wp-block-image size-full\"><img loading=\"lazy\" decoding=\"async\" width=\"2560\" height=\"1718\" src=\"https:\/\/hasicisenohraby.cz\/wp-content\/uploads\/2025\/11\/4-scaled.jpg\" alt=\"\" class=\"wp-image-999\" srcset=\"https:\/\/hasicisenohraby.cz\/wp-content\/uploads\/2025\/11\/4-scaled.jpg 2560w, https:\/\/hasicisenohraby.cz\/wp-content\/uploads\/2025\/11\/4-300x201.jpg 300w, https:\/\/hasicisenohraby.cz\/wp-content\/uploads\/2025\/11\/4-1024x687.jpg 1024w, https:\/\/hasicisenohraby.cz\/wp-content\/uploads\/2025\/11\/4-768x515.jpg 768w, https:\/\/hasicisenohraby.cz\/wp-content\/uploads\/2025\/11\/4-1536x1031.jpg 1536w, https:\/\/hasicisenohraby.cz\/wp-content\/uploads\/2025\/11\/4-2048x1375.jpg 2048w\" sizes=\"auto, (max-width: 2560px) 100vw, 2560px\" \/><\/figure>\n<\/div>\n\n\n\n<div class=\"wp-block-column is-vertically-aligned-center is-layout-flow wp-block-column-is-layout-flow\">\n<figure class=\"wp-block-image size-full\"><img loading=\"lazy\" decoding=\"async\" width=\"2560\" height=\"1319\" src=\"https:\/\/hasicisenohraby.cz\/wp-content\/uploads\/2025\/11\/1-scaled.jpg\" alt=\"\" class=\"wp-image-998\" srcset=\"https:\/\/hasicisenohraby.cz\/wp-content\/uploads\/2025\/11\/1-scaled.jpg 2560w, https:\/\/hasicisenohraby.cz\/wp-content\/uploads\/2025\/11\/1-300x155.jpg 300w, https:\/\/hasicisenohraby.cz\/wp-content\/uploads\/2025\/11\/1-1024x527.jpg 1024w, https:\/\/hasicisenohraby.cz\/wp-content\/uploads\/2025\/11\/1-768x396.jpg 768w, https:\/\/hasicisenohraby.cz\/wp-content\/uploads\/2025\/11\/1-1536x791.jpg 1536w, https:\/\/hasicisenohraby.cz\/wp-content\/uploads\/2025\/11\/1-2048x1055.jpg 2048w\" sizes=\"auto, (max-width: 2560px) 100vw, 2560px\" \/><\/figure>\n<\/div>\n<\/div>\n<\/div>\n\n\n\n<div class=\"wp-block-group is-nowrap is-layout-flex wp-container-core-group-is-layout-6c531013 wp-block-group-is-layout-flex\">\n<div class=\"wp-block-columns is-layout-flex wp-container-core-columns-is-layout-28f84493 wp-block-columns-is-layout-flex\">\n<div class=\"wp-block-column is-vertically-aligned-center is-layout-flow wp-block-column-is-layout-flow\">\n<figure class=\"wp-block-image size-full\"><img loading=\"lazy\" decoding=\"async\" width=\"2560\" height=\"1542\" src=\"https:\/\/hasicisenohraby.cz\/wp-content\/uploads\/2025\/11\/3-scaled.jpg\" alt=\"\" class=\"wp-image-997\" srcset=\"https:\/\/hasicisenohraby.cz\/wp-content\/uploads\/2025\/11\/3-scaled.jpg 2560w, https:\/\/hasicisenohraby.cz\/wp-content\/uploads\/2025\/11\/3-300x181.jpg 300w, https:\/\/hasicisenohraby.cz\/wp-content\/uploads\/2025\/11\/3-1024x617.jpg 1024w, https:\/\/hasicisenohraby.cz\/wp-content\/uploads\/2025\/11\/3-768x463.jpg 768w, https:\/\/hasicisenohraby.cz\/wp-content\/uploads\/2025\/11\/3-1536x925.jpg 1536w, https:\/\/hasicisenohraby.cz\/wp-content\/uploads\/2025\/11\/3-2048x1233.jpg 2048w\" sizes=\"auto, (max-width: 2560px) 100vw, 2560px\" \/><\/figure>\n<\/div>\n\n\n\n<div class=\"wp-block-column is-layout-flow wp-block-column-is-layout-flow\">\n<figure class=\"wp-block-image size-full\"><img loading=\"lazy\" decoding=\"async\" width=\"1024\" height=\"768\" src=\"https:\/\/martin-broz.cz\/hasicisenohraby\/wp-content\/uploads\/2025\/10\/20111015_Okrsek2_051.jpg\" alt=\"\" class=\"wp-image-341\" srcset=\"https:\/\/hasicisenohraby.cz\/wp-content\/uploads\/2025\/10\/20111015_Okrsek2_051.jpg 1024w, https:\/\/hasicisenohraby.cz\/wp-content\/uploads\/2025\/10\/20111015_Okrsek2_051-300x225.jpg 300w, https:\/\/hasicisenohraby.cz\/wp-content\/uploads\/2025\/10\/20111015_Okrsek2_051-768x576.jpg 768w\" sizes=\"auto, (max-width: 1024px) 100vw, 1024px\" \/><\/figure>\n<\/div>\n<\/div>\n<\/div>\n\n\n\n<p><\/p>\n","protected":false},"excerpt":{"rendered":"<p>Velitel jednotky B\u00edl\u00fd Michal Velitel dru\u017estva Michl Ji\u0159\u00edFajstavr Ji\u0159\u00ed\u0160elicha Vil\u00e9mFousek JosefBro\u017e Martin Strojn\u00edk Vinick\u00fd MiroslavKo\u010d\u00ed PetrNavr\u00e1til PavelDrda Zden\u011bkMolda \u0160tefan Hasi\u010d B\u00edl\u00fd DavidBro\u017eov\u00e1 TerezaBro\u017e JanDrda Ji\u0159\u00edMal\u00fd FilipSl\u00e1dek Zden\u011bk\u0160karda \u0160imonJan\u010d\u00e1\u0159 Franti\u0161ekZelman LiborB\u00edl\u00fd Roman<\/p>\n","protected":false},"author":1,"featured_media":0,"parent":0,"menu_order":0,"comment_status":"closed","ping_status":"closed","template":"","meta":{"pgc_sgb_lightbox_settings":"","_mc_calendar":[],"footnotes":""},"mt-event-group":[],"class_list":["post-334","page","type-page","status-publish","hentry"],"yoast_head":"<!-- This site is optimized with the Yoast SEO plugin v27.4 - https:\/\/yoast.com\/product\/yoast-seo-wordpress\/ -->\n<title>Slo\u017een\u00ed jednotky - Hasi\u010di Senohraby<\/title>\n<meta name=\"robots\" content=\"index, follow, max-snippet:-1, max-image-preview:large, max-video-preview:-1\" \/>\n<link rel=\"canonical\" href=\"https:\/\/hasicisenohraby.cz\/index.php\/slozeni-jednotky\/\" \/>\n<meta property=\"og:locale\" content=\"cs_CZ\" \/>\n<meta property=\"og:type\" content=\"article\" \/>\n<meta property=\"og:title\" content=\"Slo\u017een\u00ed jednotky - Hasi\u010di Senohraby\" \/>\n<meta property=\"og:description\" content=\"Velitel jednotky B\u00edl\u00fd Michal Velitel dru\u017estva Michl Ji\u0159\u00edFajstavr Ji\u0159\u00ed\u0160elicha Vil\u00e9mFousek JosefBro\u017e Martin Strojn\u00edk Vinick\u00fd MiroslavKo\u010d\u00ed PetrNavr\u00e1til PavelDrda Zden\u011bkMolda \u0160tefan Hasi\u010d B\u00edl\u00fd DavidBro\u017eov\u00e1 TerezaBro\u017e JanDrda Ji\u0159\u00edMal\u00fd FilipSl\u00e1dek Zden\u011bk\u0160karda \u0160imonJan\u010d\u00e1\u0159 Franti\u0161ekZelman LiborB\u00edl\u00fd Roman\" \/>\n<meta property=\"og:url\" content=\"https:\/\/hasicisenohraby.cz\/index.php\/slozeni-jednotky\/\" \/>\n<meta property=\"og:site_name\" content=\"Hasi\u010di Senohraby\" \/>\n<meta property=\"article:publisher\" content=\"https:\/\/www.facebook.com\/hasici.senohraby\" \/>\n<meta property=\"article:modified_time\" content=\"2025-11-18T11:26:27+00:00\" \/>\n<meta property=\"og:image\" content=\"https:\/\/hasicisenohraby.cz\/wp-content\/uploads\/2025\/11\/4-scaled.jpg\" \/>\n\t<meta property=\"og:image:width\" content=\"2560\" \/>\n\t<meta property=\"og:image:height\" content=\"1718\" \/>\n\t<meta property=\"og:image:type\" content=\"image\/jpeg\" \/>\n<meta name=\"twitter:card\" content=\"summary_large_image\" \/>\n<meta name=\"twitter:site\" content=\"@HasiciSenohraby\" \/>\n<script type=\"application\/ld+json\" class=\"yoast-schema-graph\">{\"@context\":\"https:\\\/\\\/schema.org\",\"@graph\":[{\"@type\":\"WebPage\",\"@id\":\"https:\\\/\\\/hasicisenohraby.cz\\\/index.php\\\/slozeni-jednotky\\\/\",\"url\":\"https:\\\/\\\/hasicisenohraby.cz\\\/index.php\\\/slozeni-jednotky\\\/\",\"name\":\"Slo\u017een\u00ed jednotky - Hasi\u010di Senohraby\",\"isPartOf\":{\"@id\":\"https:\\\/\\\/hasicisenohraby.cz\\\/#website\"},\"primaryImageOfPage\":{\"@id\":\"https:\\\/\\\/hasicisenohraby.cz\\\/index.php\\\/slozeni-jednotky\\\/#primaryimage\"},\"image\":{\"@id\":\"https:\\\/\\\/hasicisenohraby.cz\\\/index.php\\\/slozeni-jednotky\\\/#primaryimage\"},\"thumbnailUrl\":\"https:\\\/\\\/hasicisenohraby.cz\\\/wp-content\\\/uploads\\\/2025\\\/11\\\/4-scaled.jpg\",\"datePublished\":\"2025-10-03T21:58:14+00:00\",\"dateModified\":\"2025-11-18T11:26:27+00:00\",\"breadcrumb\":{\"@id\":\"https:\\\/\\\/hasicisenohraby.cz\\\/index.php\\\/slozeni-jednotky\\\/#breadcrumb\"},\"inLanguage\":\"cs\",\"potentialAction\":[{\"@type\":\"ReadAction\",\"target\":[\"https:\\\/\\\/hasicisenohraby.cz\\\/index.php\\\/slozeni-jednotky\\\/\"]}]},{\"@type\":\"ImageObject\",\"inLanguage\":\"cs\",\"@id\":\"https:\\\/\\\/hasicisenohraby.cz\\\/index.php\\\/slozeni-jednotky\\\/#primaryimage\",\"url\":\"https:\\\/\\\/hasicisenohraby.cz\\\/wp-content\\\/uploads\\\/2025\\\/11\\\/4-scaled.jpg\",\"contentUrl\":\"https:\\\/\\\/hasicisenohraby.cz\\\/wp-content\\\/uploads\\\/2025\\\/11\\\/4-scaled.jpg\",\"width\":2560,\"height\":1718},{\"@type\":\"BreadcrumbList\",\"@id\":\"https:\\\/\\\/hasicisenohraby.cz\\\/index.php\\\/slozeni-jednotky\\\/#breadcrumb\",\"itemListElement\":[{\"@type\":\"ListItem\",\"position\":1,\"name\":\"Dom\u016f\",\"item\":\"https:\\\/\\\/hasicisenohraby.cz\\\/\"},{\"@type\":\"ListItem\",\"position\":2,\"name\":\"Slo\u017een\u00ed jednotky\"}]},{\"@type\":\"WebSite\",\"@id\":\"https:\\\/\\\/hasicisenohraby.cz\\\/#website\",\"url\":\"https:\\\/\\\/hasicisenohraby.cz\\\/\",\"name\":\"Hasi\u010di Senohraby\",\"description\":\"Str\u00e1nky hasi\u010d\u016f ze Senohrab\",\"publisher\":{\"@id\":\"https:\\\/\\\/hasicisenohraby.cz\\\/#organization\"},\"potentialAction\":[{\"@type\":\"SearchAction\",\"target\":{\"@type\":\"EntryPoint\",\"urlTemplate\":\"https:\\\/\\\/hasicisenohraby.cz\\\/?s={search_term_string}\"},\"query-input\":{\"@type\":\"PropertyValueSpecification\",\"valueRequired\":true,\"valueName\":\"search_term_string\"}}],\"inLanguage\":\"cs\"},{\"@type\":\"Organization\",\"@id\":\"https:\\\/\\\/hasicisenohraby.cz\\\/#organization\",\"name\":\"Hasi\u010di Senohraby\",\"url\":\"https:\\\/\\\/hasicisenohraby.cz\\\/\",\"logo\":{\"@type\":\"ImageObject\",\"inLanguage\":\"cs\",\"@id\":\"https:\\\/\\\/hasicisenohraby.cz\\\/#\\\/schema\\\/logo\\\/image\\\/\",\"url\":\"https:\\\/\\\/hasicisenohraby.cz\\\/wp-content\\\/uploads\\\/2025\\\/08\\\/Logo-sboru.png\",\"contentUrl\":\"https:\\\/\\\/hasicisenohraby.cz\\\/wp-content\\\/uploads\\\/2025\\\/08\\\/Logo-sboru.png\",\"width\":167,\"height\":233,\"caption\":\"Hasi\u010di Senohraby\"},\"image\":{\"@id\":\"https:\\\/\\\/hasicisenohraby.cz\\\/#\\\/schema\\\/logo\\\/image\\\/\"},\"sameAs\":[\"https:\\\/\\\/www.facebook.com\\\/hasici.senohraby\",\"https:\\\/\\\/x.com\\\/HasiciSenohraby\",\"https:\\\/\\\/www.instagram.com\\\/hasici_senohraby\",\"https:\\\/\\\/www.youtube.com\\\/@72RB\"]}]}<\/script>\n<!-- \/ Yoast SEO plugin. -->","yoast_head_json":{"title":"Slo\u017een\u00ed jednotky - Hasi\u010di Senohraby","robots":{"index":"index","follow":"follow","max-snippet":"max-snippet:-1","max-image-preview":"max-image-preview:large","max-video-preview":"max-video-preview:-1"},"canonical":"https:\/\/hasicisenohraby.cz\/index.php\/slozeni-jednotky\/","og_locale":"cs_CZ","og_type":"article","og_title":"Slo\u017een\u00ed jednotky - Hasi\u010di Senohraby","og_description":"Velitel jednotky B\u00edl\u00fd Michal Velitel dru\u017estva Michl Ji\u0159\u00edFajstavr Ji\u0159\u00ed\u0160elicha Vil\u00e9mFousek JosefBro\u017e Martin Strojn\u00edk Vinick\u00fd MiroslavKo\u010d\u00ed PetrNavr\u00e1til PavelDrda Zden\u011bkMolda \u0160tefan Hasi\u010d B\u00edl\u00fd DavidBro\u017eov\u00e1 TerezaBro\u017e JanDrda Ji\u0159\u00edMal\u00fd FilipSl\u00e1dek Zden\u011bk\u0160karda \u0160imonJan\u010d\u00e1\u0159 Franti\u0161ekZelman LiborB\u00edl\u00fd Roman","og_url":"https:\/\/hasicisenohraby.cz\/index.php\/slozeni-jednotky\/","og_site_name":"Hasi\u010di Senohraby","article_publisher":"https:\/\/www.facebook.com\/hasici.senohraby","article_modified_time":"2025-11-18T11:26:27+00:00","og_image":[{"width":2560,"height":1718,"url":"https:\/\/hasicisenohraby.cz\/wp-content\/uploads\/2025\/11\/4-scaled.jpg","type":"image\/jpeg"}],"twitter_card":"summary_large_image","twitter_site":"@HasiciSenohraby","schema":{"@context":"https:\/\/schema.org","@graph":[{"@type":"WebPage","@id":"https:\/\/hasicisenohraby.cz\/index.php\/slozeni-jednotky\/","url":"https:\/\/hasicisenohraby.cz\/index.php\/slozeni-jednotky\/","name":"Slo\u017een\u00ed jednotky - Hasi\u010di Senohraby","isPartOf":{"@id":"https:\/\/hasicisenohraby.cz\/#website"},"primaryImageOfPage":{"@id":"https:\/\/hasicisenohraby.cz\/index.php\/slozeni-jednotky\/#primaryimage"},"image":{"@id":"https:\/\/hasicisenohraby.cz\/index.php\/slozeni-jednotky\/#primaryimage"},"thumbnailUrl":"https:\/\/hasicisenohraby.cz\/wp-content\/uploads\/2025\/11\/4-scaled.jpg","datePublished":"2025-10-03T21:58:14+00:00","dateModified":"2025-11-18T11:26:27+00:00","breadcrumb":{"@id":"https:\/\/hasicisenohraby.cz\/index.php\/slozeni-jednotky\/#breadcrumb"},"inLanguage":"cs","potentialAction":[{"@type":"ReadAction","target":["https:\/\/hasicisenohraby.cz\/index.php\/slozeni-jednotky\/"]}]},{"@type":"ImageObject","inLanguage":"cs","@id":"https:\/\/hasicisenohraby.cz\/index.php\/slozeni-jednotky\/#primaryimage","url":"https:\/\/hasicisenohraby.cz\/wp-content\/uploads\/2025\/11\/4-scaled.jpg","contentUrl":"https:\/\/hasicisenohraby.cz\/wp-content\/uploads\/2025\/11\/4-scaled.jpg","width":2560,"height":1718},{"@type":"BreadcrumbList","@id":"https:\/\/hasicisenohraby.cz\/index.php\/slozeni-jednotky\/#breadcrumb","itemListElement":[{"@type":"ListItem","position":1,"name":"Dom\u016f","item":"https:\/\/hasicisenohraby.cz\/"},{"@type":"ListItem","position":2,"name":"Slo\u017een\u00ed jednotky"}]},{"@type":"WebSite","@id":"https:\/\/hasicisenohraby.cz\/#website","url":"https:\/\/hasicisenohraby.cz\/","name":"Hasi\u010di Senohraby","description":"Str\u00e1nky hasi\u010d\u016f ze Senohrab","publisher":{"@id":"https:\/\/hasicisenohraby.cz\/#organization"},"potentialAction":[{"@type":"SearchAction","target":{"@type":"EntryPoint","urlTemplate":"https:\/\/hasicisenohraby.cz\/?s={search_term_string}"},"query-input":{"@type":"PropertyValueSpecification","valueRequired":true,"valueName":"search_term_string"}}],"inLanguage":"cs"},{"@type":"Organization","@id":"https:\/\/hasicisenohraby.cz\/#organization","name":"Hasi\u010di Senohraby","url":"https:\/\/hasicisenohraby.cz\/","logo":{"@type":"ImageObject","inLanguage":"cs","@id":"https:\/\/hasicisenohraby.cz\/#\/schema\/logo\/image\/","url":"https:\/\/hasicisenohraby.cz\/wp-content\/uploads\/2025\/08\/Logo-sboru.png","contentUrl":"https:\/\/hasicisenohraby.cz\/wp-content\/uploads\/2025\/08\/Logo-sboru.png","width":167,"height":233,"caption":"Hasi\u010di Senohraby"},"image":{"@id":"https:\/\/hasicisenohraby.cz\/#\/schema\/logo\/image\/"},"sameAs":["https:\/\/www.facebook.com\/hasici.senohraby","https:\/\/x.com\/HasiciSenohraby","https:\/\/www.instagram.com\/hasici_senohraby","https:\/\/www.youtube.com\/@72RB"]}]}},"_links":{"self":[{"href":"https:\/\/hasicisenohraby.cz\/index.php\/wp-json\/wp\/v2\/pages\/334","targetHints":{"allow":["GET"]}}],"collection":[{"href":"https:\/\/hasicisenohraby.cz\/index.php\/wp-json\/wp\/v2\/pages"}],"about":[{"href":"https:\/\/hasicisenohraby.cz\/index.php\/wp-json\/wp\/v2\/types\/page"}],"author":[{"embeddable":true,"href":"https:\/\/hasicisenohraby.cz\/index.php\/wp-json\/wp\/v2\/users\/1"}],"replies":[{"embeddable":true,"href":"https:\/\/hasicisenohraby.cz\/index.php\/wp-json\/wp\/v2\/comments?post=334"}],"version-history":[{"count":7,"href":"https:\/\/hasicisenohraby.cz\/index.php\/wp-json\/wp\/v2\/pages\/334\/revisions"}],"predecessor-version":[{"id":1001,"href":"https:\/\/hasicisenohraby.cz\/index.php\/wp-json\/wp\/v2\/pages\/334\/revisions\/1001"}],"wp:attachment":[{"href":"https:\/\/hasicisenohraby.cz\/index.php\/wp-json\/wp\/v2\/media?parent=334"}],"wp:term":[{"taxonomy":"mt-event-group","embeddable":true,"href":"https:\/\/hasicisenohraby.cz\/index.php\/wp-json\/wp\/v2\/mt-event-group?post=334"}],"curies":[{"name":"wp","href":"https:\/\/api.w.org\/{rel}","templated":true}]}}