{"id":313,"date":"2025-10-03T23:31:58","date_gmt":"2025-10-03T21:31:58","guid":{"rendered":"https:\/\/martin-broz.cz\/hasicisenohraby\/?page_id=313"},"modified":"2025-10-03T23:31:58","modified_gmt":"2025-10-03T21:31:58","slug":"zbrojnice","status":"publish","type":"page","link":"https:\/\/hasicisenohraby.cz\/index.php\/zbrojnice\/","title":{"rendered":"Zbrojnice"},"content":{"rendered":"\n<p>Roku 1957 byla napl\u00e1nov\u00e1na v akci Z na rok 1958 adaptace po\u017e\u00e1rn\u00ed zbrojnice. Adaptace zbrojnice si vy\u017e\u00e1dala 1 158 brig\u00e1dnick\u00fdch hodin. Vybudovan\u00e1 hodnota \u010dinila 22 tis. K\u010ds. Tato adaptace se bohu\u017eel nesetkala s \u00fasp\u011bchem. St\u0159echa na gar\u00e1\u017e\u00edch, kter\u00e1 nebyla opravov\u00e1na, spadla.<br>Tato z\u00e1le\u017eitost p\u0159im\u011bla na\u0161e \u010dleny k z\u00edsk\u00e1n\u00ed stavebn\u00edho povolen\u00ed a ur\u010dit\u00e9 \u010d\u00e1stky pen\u011bz na stavbu nov\u00e9ho po\u017e\u00e1rn\u00edho domu. Pen\u011b\u017en\u00ed \u010d\u00e1stka musela b\u00fdt dopln\u011bna z\u00e1vazkem \u010dlen\u016f na odpracov\u00e1n\u00ed brig\u00e1dn\u00edch hodin. Toto \u00fasil\u00ed vyvrcholilo v roce 1961, kdy byly skon\u010deny pr\u00e1ce na budov\u011b nov\u00e9 zbrojnice a tato byla 29. \u010dervna p\u0159ed\u00e1na do u\u017e\u00edv\u00e1n\u00ed m\u00edstn\u00ed jednot\u011b PO. P\u0159i n\u00e1kladu asi 130 tis\u00edc K\u010ds bylo vybudov\u00e1no d\u00edlo v hodnot\u011b 290 tis\u00edc K\u010ds. Bylo zde odpracov\u00e1no na 8 000 dobrovoln\u00fdch hodin.<\/p>\n\n\n\n<div class=\"wp-block-columns is-layout-flex wp-container-core-columns-is-layout-28f84493 wp-block-columns-is-layout-flex\">\n<div class=\"wp-block-column is-layout-flow wp-block-column-is-layout-flow\">\n<figure class=\"wp-block-image aligncenter size-full\"><img loading=\"lazy\" decoding=\"async\" width=\"387\" height=\"250\" src=\"https:\/\/martin-broz.cz\/hasicisenohraby\/wp-content\/uploads\/2025\/10\/zbrojnice-historie2.jpg\" alt=\"\" class=\"wp-image-314\" srcset=\"https:\/\/hasicisenohraby.cz\/wp-content\/uploads\/2025\/10\/zbrojnice-historie2.jpg 387w, https:\/\/hasicisenohraby.cz\/wp-content\/uploads\/2025\/10\/zbrojnice-historie2-300x194.jpg 300w\" sizes=\"auto, (max-width: 387px) 100vw, 387px\" \/><\/figure>\n<\/div>\n\n\n\n<div class=\"wp-block-column is-layout-flow wp-block-column-is-layout-flow\">\n<figure class=\"wp-block-image aligncenter size-full\"><img loading=\"lazy\" decoding=\"async\" width=\"394\" height=\"250\" src=\"https:\/\/martin-broz.cz\/hasicisenohraby\/wp-content\/uploads\/2025\/10\/zbrojnice-historie.jpg\" alt=\"\" class=\"wp-image-315\" srcset=\"https:\/\/hasicisenohraby.cz\/wp-content\/uploads\/2025\/10\/zbrojnice-historie.jpg 394w, https:\/\/hasicisenohraby.cz\/wp-content\/uploads\/2025\/10\/zbrojnice-historie-300x190.jpg 300w\" sizes=\"auto, (max-width: 394px) 100vw, 394px\" \/><\/figure>\n<\/div>\n<\/div>\n\n\n\n<p>Na slavnostn\u00edm zased\u00e1n\u00ed bylo 56ti ob\u010dan\u016fm ud\u011bleno \u010destn\u00e9 uzn\u00e1n\u00ed. Je t\u0159eba zde vyzdvihnout pr\u00e1ci n\u011bkolika \u010dlen\u016f &#8211; M. B\u00edl\u00e9ho, J. Berky, J. Lehej\u010dka, V. Kulh\u00e1nka a dal\u0161\u00edch \u010dlen\u016f. Tehdej\u0161\u00ed MNV vyu\u017eil t\u00e9to budovy a p\u0159est\u011bhoval sv\u00e9 s\u00eddlo z obecn\u00ed budovy, kterou n\u00e1sledn\u011b prodal, do nov\u00e9ho po\u017e\u00e1rn\u00edho domu.<\/p>\n\n\n\n<figure class=\"wp-block-image aligncenter size-full is-resized\"><img loading=\"lazy\" decoding=\"async\" width=\"400\" height=\"300\" src=\"https:\/\/martin-broz.cz\/hasicisenohraby\/wp-content\/uploads\/2025\/10\/zbrojnice-driv.jpg\" alt=\"\" class=\"wp-image-316\" style=\"width:513px;height:auto\" srcset=\"https:\/\/hasicisenohraby.cz\/wp-content\/uploads\/2025\/10\/zbrojnice-driv.jpg 400w, https:\/\/hasicisenohraby.cz\/wp-content\/uploads\/2025\/10\/zbrojnice-driv-300x225.jpg 300w\" sizes=\"auto, (max-width: 400px) 100vw, 400px\" \/><\/figure>\n\n\n\n<p>V roce 2008 pro\u0161la zbrojnice men\u0161\u00ed rekonstrukc\u00ed. Byla vym\u011bn\u011bna vrata, za nov\u00e1 elektricky poh\u00e1n\u011bn\u00e1 sek\u010dn\u00ed vrata. Sou\u010dasn\u011b s v\u00fdm\u011bnou vrat bylo provedeno nov\u00e9 nahozen\u00ed vn\u011bj\u0161\u00ed om\u00edtky hasi\u010dsk\u00e9ho domu na n\u00ed\u017e se nyn\u00ed py\u0161n\u00ed nov\u00fd znak.<\/p>\n\n\n\n<figure class=\"wp-block-image aligncenter size-full\"><img loading=\"lazy\" decoding=\"async\" width=\"850\" height=\"638\" src=\"https:\/\/martin-broz.cz\/hasicisenohraby\/wp-content\/uploads\/2025\/10\/zbrojnice.jpg\" alt=\"\" class=\"wp-image-317\" srcset=\"https:\/\/hasicisenohraby.cz\/wp-content\/uploads\/2025\/10\/zbrojnice.jpg 850w, https:\/\/hasicisenohraby.cz\/wp-content\/uploads\/2025\/10\/zbrojnice-300x225.jpg 300w, https:\/\/hasicisenohraby.cz\/wp-content\/uploads\/2025\/10\/zbrojnice-768x576.jpg 768w\" sizes=\"auto, (max-width: 850px) 100vw, 850px\" \/><\/figure>\n","protected":false},"excerpt":{"rendered":"<p>Roku 1957 byla napl\u00e1nov\u00e1na v akci Z na rok 1958 adaptace po\u017e\u00e1rn\u00ed zbrojnice. Adaptace zbrojnice si vy\u017e\u00e1dala 1 158 brig\u00e1dnick\u00fdch hodin. Vybudovan\u00e1 hodnota \u010dinila 22 tis. K\u010ds. Tato adaptace se bohu\u017eel nesetkala s \u00fasp\u011bchem. St\u0159echa na gar\u00e1\u017e\u00edch, kter\u00e1 nebyla opravov\u00e1na, spadla.Tato z\u00e1le\u017eitost p\u0159im\u011bla na\u0161e \u010dleny k z\u00edsk\u00e1n\u00ed stavebn\u00edho povolen\u00ed a ur\u010dit\u00e9 \u010d\u00e1stky pen\u011bz na stavbu [&hellip;]<\/p>\n","protected":false},"author":1,"featured_media":0,"parent":0,"menu_order":0,"comment_status":"closed","ping_status":"closed","template":"","meta":{"pgc_sgb_lightbox_settings":"","_mc_calendar":[],"footnotes":""},"mt-event-group":[],"class_list":["post-313","page","type-page","status-publish","hentry"],"yoast_head":"<!-- This site is optimized with the Yoast SEO plugin v27.4 - https:\/\/yoast.com\/product\/yoast-seo-wordpress\/ -->\n<title>Zbrojnice - Hasi\u010di Senohraby<\/title>\n<meta name=\"robots\" content=\"index, follow, max-snippet:-1, max-image-preview:large, max-video-preview:-1\" \/>\n<link rel=\"canonical\" href=\"https:\/\/hasicisenohraby.cz\/index.php\/zbrojnice\/\" \/>\n<meta property=\"og:locale\" content=\"cs_CZ\" \/>\n<meta property=\"og:type\" content=\"article\" \/>\n<meta property=\"og:title\" content=\"Zbrojnice - Hasi\u010di Senohraby\" \/>\n<meta property=\"og:description\" content=\"Roku 1957 byla napl\u00e1nov\u00e1na v akci Z na rok 1958 adaptace po\u017e\u00e1rn\u00ed zbrojnice. Adaptace zbrojnice si vy\u017e\u00e1dala 1 158 brig\u00e1dnick\u00fdch hodin. Vybudovan\u00e1 hodnota \u010dinila 22 tis. K\u010ds. Tato adaptace se bohu\u017eel nesetkala s \u00fasp\u011bchem. St\u0159echa na gar\u00e1\u017e\u00edch, kter\u00e1 nebyla opravov\u00e1na, spadla.Tato z\u00e1le\u017eitost p\u0159im\u011bla na\u0161e \u010dleny k z\u00edsk\u00e1n\u00ed stavebn\u00edho povolen\u00ed a ur\u010dit\u00e9 \u010d\u00e1stky pen\u011bz na stavbu [&hellip;]\" \/>\n<meta property=\"og:url\" content=\"https:\/\/hasicisenohraby.cz\/index.php\/zbrojnice\/\" \/>\n<meta property=\"og:site_name\" content=\"Hasi\u010di Senohraby\" \/>\n<meta property=\"article:publisher\" content=\"https:\/\/www.facebook.com\/hasici.senohraby\" \/>\n<meta property=\"og:image\" content=\"https:\/\/hasicisenohraby.cz\/wp-content\/uploads\/2025\/10\/zbrojnice-historie2.jpg\" \/>\n\t<meta property=\"og:image:width\" content=\"387\" \/>\n\t<meta property=\"og:image:height\" content=\"250\" \/>\n\t<meta property=\"og:image:type\" content=\"image\/jpeg\" \/>\n<meta name=\"twitter:card\" content=\"summary_large_image\" \/>\n<meta name=\"twitter:site\" content=\"@HasiciSenohraby\" \/>\n<meta name=\"twitter:label1\" content=\"Odhadovan\u00e1 doba \u010dten\u00ed\" \/>\n\t<meta name=\"twitter:data1\" content=\"1 minuta\" \/>\n<script type=\"application\/ld+json\" class=\"yoast-schema-graph\">{\"@context\":\"https:\\\/\\\/schema.org\",\"@graph\":[{\"@type\":\"WebPage\",\"@id\":\"https:\\\/\\\/hasicisenohraby.cz\\\/index.php\\\/zbrojnice\\\/\",\"url\":\"https:\\\/\\\/hasicisenohraby.cz\\\/index.php\\\/zbrojnice\\\/\",\"name\":\"Zbrojnice - Hasi\u010di Senohraby\",\"isPartOf\":{\"@id\":\"https:\\\/\\\/hasicisenohraby.cz\\\/#website\"},\"primaryImageOfPage\":{\"@id\":\"https:\\\/\\\/hasicisenohraby.cz\\\/index.php\\\/zbrojnice\\\/#primaryimage\"},\"image\":{\"@id\":\"https:\\\/\\\/hasicisenohraby.cz\\\/index.php\\\/zbrojnice\\\/#primaryimage\"},\"thumbnailUrl\":\"https:\\\/\\\/martin-broz.cz\\\/hasicisenohraby\\\/wp-content\\\/uploads\\\/2025\\\/10\\\/zbrojnice-historie2.jpg\",\"datePublished\":\"2025-10-03T21:31:58+00:00\",\"breadcrumb\":{\"@id\":\"https:\\\/\\\/hasicisenohraby.cz\\\/index.php\\\/zbrojnice\\\/#breadcrumb\"},\"inLanguage\":\"cs\",\"potentialAction\":[{\"@type\":\"ReadAction\",\"target\":[\"https:\\\/\\\/hasicisenohraby.cz\\\/index.php\\\/zbrojnice\\\/\"]}]},{\"@type\":\"ImageObject\",\"inLanguage\":\"cs\",\"@id\":\"https:\\\/\\\/hasicisenohraby.cz\\\/index.php\\\/zbrojnice\\\/#primaryimage\",\"url\":\"https:\\\/\\\/martin-broz.cz\\\/hasicisenohraby\\\/wp-content\\\/uploads\\\/2025\\\/10\\\/zbrojnice-historie2.jpg\",\"contentUrl\":\"https:\\\/\\\/martin-broz.cz\\\/hasicisenohraby\\\/wp-content\\\/uploads\\\/2025\\\/10\\\/zbrojnice-historie2.jpg\"},{\"@type\":\"BreadcrumbList\",\"@id\":\"https:\\\/\\\/hasicisenohraby.cz\\\/index.php\\\/zbrojnice\\\/#breadcrumb\",\"itemListElement\":[{\"@type\":\"ListItem\",\"position\":1,\"name\":\"Dom\u016f\",\"item\":\"https:\\\/\\\/hasicisenohraby.cz\\\/\"},{\"@type\":\"ListItem\",\"position\":2,\"name\":\"Zbrojnice\"}]},{\"@type\":\"WebSite\",\"@id\":\"https:\\\/\\\/hasicisenohraby.cz\\\/#website\",\"url\":\"https:\\\/\\\/hasicisenohraby.cz\\\/\",\"name\":\"Hasi\u010di Senohraby\",\"description\":\"Str\u00e1nky hasi\u010d\u016f ze Senohrab\",\"publisher\":{\"@id\":\"https:\\\/\\\/hasicisenohraby.cz\\\/#organization\"},\"potentialAction\":[{\"@type\":\"SearchAction\",\"target\":{\"@type\":\"EntryPoint\",\"urlTemplate\":\"https:\\\/\\\/hasicisenohraby.cz\\\/?s={search_term_string}\"},\"query-input\":{\"@type\":\"PropertyValueSpecification\",\"valueRequired\":true,\"valueName\":\"search_term_string\"}}],\"inLanguage\":\"cs\"},{\"@type\":\"Organization\",\"@id\":\"https:\\\/\\\/hasicisenohraby.cz\\\/#organization\",\"name\":\"Hasi\u010di Senohraby\",\"url\":\"https:\\\/\\\/hasicisenohraby.cz\\\/\",\"logo\":{\"@type\":\"ImageObject\",\"inLanguage\":\"cs\",\"@id\":\"https:\\\/\\\/hasicisenohraby.cz\\\/#\\\/schema\\\/logo\\\/image\\\/\",\"url\":\"https:\\\/\\\/hasicisenohraby.cz\\\/wp-content\\\/uploads\\\/2025\\\/08\\\/Logo-sboru.png\",\"contentUrl\":\"https:\\\/\\\/hasicisenohraby.cz\\\/wp-content\\\/uploads\\\/2025\\\/08\\\/Logo-sboru.png\",\"width\":167,\"height\":233,\"caption\":\"Hasi\u010di Senohraby\"},\"image\":{\"@id\":\"https:\\\/\\\/hasicisenohraby.cz\\\/#\\\/schema\\\/logo\\\/image\\\/\"},\"sameAs\":[\"https:\\\/\\\/www.facebook.com\\\/hasici.senohraby\",\"https:\\\/\\\/x.com\\\/HasiciSenohraby\",\"https:\\\/\\\/www.instagram.com\\\/hasici_senohraby\",\"https:\\\/\\\/www.youtube.com\\\/@72RB\"]}]}<\/script>\n<!-- \/ Yoast SEO plugin. -->","yoast_head_json":{"title":"Zbrojnice - Hasi\u010di Senohraby","robots":{"index":"index","follow":"follow","max-snippet":"max-snippet:-1","max-image-preview":"max-image-preview:large","max-video-preview":"max-video-preview:-1"},"canonical":"https:\/\/hasicisenohraby.cz\/index.php\/zbrojnice\/","og_locale":"cs_CZ","og_type":"article","og_title":"Zbrojnice - Hasi\u010di Senohraby","og_description":"Roku 1957 byla napl\u00e1nov\u00e1na v akci Z na rok 1958 adaptace po\u017e\u00e1rn\u00ed zbrojnice. Adaptace zbrojnice si vy\u017e\u00e1dala 1 158 brig\u00e1dnick\u00fdch hodin. Vybudovan\u00e1 hodnota \u010dinila 22 tis. K\u010ds. Tato adaptace se bohu\u017eel nesetkala s \u00fasp\u011bchem. St\u0159echa na gar\u00e1\u017e\u00edch, kter\u00e1 nebyla opravov\u00e1na, spadla.Tato z\u00e1le\u017eitost p\u0159im\u011bla na\u0161e \u010dleny k z\u00edsk\u00e1n\u00ed stavebn\u00edho povolen\u00ed a ur\u010dit\u00e9 \u010d\u00e1stky pen\u011bz na stavbu [&hellip;]","og_url":"https:\/\/hasicisenohraby.cz\/index.php\/zbrojnice\/","og_site_name":"Hasi\u010di Senohraby","article_publisher":"https:\/\/www.facebook.com\/hasici.senohraby","og_image":[{"width":387,"height":250,"url":"https:\/\/hasicisenohraby.cz\/wp-content\/uploads\/2025\/10\/zbrojnice-historie2.jpg","type":"image\/jpeg"}],"twitter_card":"summary_large_image","twitter_site":"@HasiciSenohraby","twitter_misc":{"Odhadovan\u00e1 doba \u010dten\u00ed":"1 minuta"},"schema":{"@context":"https:\/\/schema.org","@graph":[{"@type":"WebPage","@id":"https:\/\/hasicisenohraby.cz\/index.php\/zbrojnice\/","url":"https:\/\/hasicisenohraby.cz\/index.php\/zbrojnice\/","name":"Zbrojnice - Hasi\u010di Senohraby","isPartOf":{"@id":"https:\/\/hasicisenohraby.cz\/#website"},"primaryImageOfPage":{"@id":"https:\/\/hasicisenohraby.cz\/index.php\/zbrojnice\/#primaryimage"},"image":{"@id":"https:\/\/hasicisenohraby.cz\/index.php\/zbrojnice\/#primaryimage"},"thumbnailUrl":"https:\/\/martin-broz.cz\/hasicisenohraby\/wp-content\/uploads\/2025\/10\/zbrojnice-historie2.jpg","datePublished":"2025-10-03T21:31:58+00:00","breadcrumb":{"@id":"https:\/\/hasicisenohraby.cz\/index.php\/zbrojnice\/#breadcrumb"},"inLanguage":"cs","potentialAction":[{"@type":"ReadAction","target":["https:\/\/hasicisenohraby.cz\/index.php\/zbrojnice\/"]}]},{"@type":"ImageObject","inLanguage":"cs","@id":"https:\/\/hasicisenohraby.cz\/index.php\/zbrojnice\/#primaryimage","url":"https:\/\/martin-broz.cz\/hasicisenohraby\/wp-content\/uploads\/2025\/10\/zbrojnice-historie2.jpg","contentUrl":"https:\/\/martin-broz.cz\/hasicisenohraby\/wp-content\/uploads\/2025\/10\/zbrojnice-historie2.jpg"},{"@type":"BreadcrumbList","@id":"https:\/\/hasicisenohraby.cz\/index.php\/zbrojnice\/#breadcrumb","itemListElement":[{"@type":"ListItem","position":1,"name":"Dom\u016f","item":"https:\/\/hasicisenohraby.cz\/"},{"@type":"ListItem","position":2,"name":"Zbrojnice"}]},{"@type":"WebSite","@id":"https:\/\/hasicisenohraby.cz\/#website","url":"https:\/\/hasicisenohraby.cz\/","name":"Hasi\u010di Senohraby","description":"Str\u00e1nky hasi\u010d\u016f ze Senohrab","publisher":{"@id":"https:\/\/hasicisenohraby.cz\/#organization"},"potentialAction":[{"@type":"SearchAction","target":{"@type":"EntryPoint","urlTemplate":"https:\/\/hasicisenohraby.cz\/?s={search_term_string}"},"query-input":{"@type":"PropertyValueSpecification","valueRequired":true,"valueName":"search_term_string"}}],"inLanguage":"cs"},{"@type":"Organization","@id":"https:\/\/hasicisenohraby.cz\/#organization","name":"Hasi\u010di Senohraby","url":"https:\/\/hasicisenohraby.cz\/","logo":{"@type":"ImageObject","inLanguage":"cs","@id":"https:\/\/hasicisenohraby.cz\/#\/schema\/logo\/image\/","url":"https:\/\/hasicisenohraby.cz\/wp-content\/uploads\/2025\/08\/Logo-sboru.png","contentUrl":"https:\/\/hasicisenohraby.cz\/wp-content\/uploads\/2025\/08\/Logo-sboru.png","width":167,"height":233,"caption":"Hasi\u010di Senohraby"},"image":{"@id":"https:\/\/hasicisenohraby.cz\/#\/schema\/logo\/image\/"},"sameAs":["https:\/\/www.facebook.com\/hasici.senohraby","https:\/\/x.com\/HasiciSenohraby","https:\/\/www.instagram.com\/hasici_senohraby","https:\/\/www.youtube.com\/@72RB"]}]}},"_links":{"self":[{"href":"https:\/\/hasicisenohraby.cz\/index.php\/wp-json\/wp\/v2\/pages\/313","targetHints":{"allow":["GET"]}}],"collection":[{"href":"https:\/\/hasicisenohraby.cz\/index.php\/wp-json\/wp\/v2\/pages"}],"about":[{"href":"https:\/\/hasicisenohraby.cz\/index.php\/wp-json\/wp\/v2\/types\/page"}],"author":[{"embeddable":true,"href":"https:\/\/hasicisenohraby.cz\/index.php\/wp-json\/wp\/v2\/users\/1"}],"replies":[{"embeddable":true,"href":"https:\/\/hasicisenohraby.cz\/index.php\/wp-json\/wp\/v2\/comments?post=313"}],"version-history":[{"count":1,"href":"https:\/\/hasicisenohraby.cz\/index.php\/wp-json\/wp\/v2\/pages\/313\/revisions"}],"predecessor-version":[{"id":319,"href":"https:\/\/hasicisenohraby.cz\/index.php\/wp-json\/wp\/v2\/pages\/313\/revisions\/319"}],"wp:attachment":[{"href":"https:\/\/hasicisenohraby.cz\/index.php\/wp-json\/wp\/v2\/media?parent=313"}],"wp:term":[{"taxonomy":"mt-event-group","embeddable":true,"href":"https:\/\/hasicisenohraby.cz\/index.php\/wp-json\/wp\/v2\/mt-event-group?post=313"}],"curies":[{"name":"wp","href":"https:\/\/api.w.org\/{rel}","templated":true}]}}