{"id":307,"date":"2025-10-03T23:25:45","date_gmt":"2025-10-03T21:25:45","guid":{"rendered":"https:\/\/martin-broz.cz\/hasicisenohraby\/?page_id=307"},"modified":"2026-03-17T14:59:53","modified_gmt":"2026-03-17T13:59:53","slug":"vybor-sboru","status":"publish","type":"page","link":"https:\/\/hasicisenohraby.cz\/index.php\/vybor-sboru\/","title":{"rendered":"V\u00fdbor sboru"},"content":{"rendered":"\n<p><em>Platn\u00e9 od 17. ledna 2026.<\/em><\/p>\n\n\n\n<figure class=\"wp-block-table is-style-stripes\"><table class=\"has-fixed-layout\"><tbody><tr><td>starosta<\/td><td>Ing. Roman B\u00edl\u00fd, MBA.\u00a0 <a href=\"bily.roman@gmail.com\" target=\"_blank\" rel=\"noreferrer noopener nofollow\"><img loading=\"lazy\" decoding=\"async\" width=\"20\" height=\"20\" class=\"wp-image-497\" style=\"width: 20px;\" src=\"https:\/\/hasicisenohraby.cz\/wp-content\/uploads\/2025\/10\/mail_open_black.png\" alt=\"\"><\/a><\/td><\/tr><tr><td>1. n\u00e1m\u011bstek starosty<\/td><td>Ivana Fajstavrov\u00e1<\/td><\/tr><tr><td>n\u00e1m\u011bstek starosty<\/td><td>Jan Bene\u0161<\/td><\/tr><tr><td>velitel<\/td><td>Michal B\u00edl\u00fd<\/td><\/tr><tr><td>hospod\u00e1\u0159<\/td><td>Ing. Vladim\u00edr Prchl\u00edk<\/td><\/tr><tr><td>vedouc\u00ed ml\u00e1de\u017ee<\/td><td>Lubo\u0161 Vrba<\/td><\/tr><tr><td>\u010dlen v\u00fdboru<\/td><td>Ji\u0159\u00ed Fajstavr<\/td><\/tr><tr><td>\u010dlen v\u00fdboru<\/td><td>Krist\u00fdna Pl\u00e1\u0161ilov\u00e1<\/td><\/tr><tr><td>\u010dlen v\u00fdboru<\/td><td>Ji\u0159\u00ed Michl<\/td><\/tr><\/tbody><\/table><\/figure>\n\n\n\n<h6 class=\"wp-block-heading\">Kontroln\u00ed a revizn\u00ed rada<\/h6>\n\n\n\n<figure class=\"wp-block-table is-style-stripes\"><table class=\"has-fixed-layout\"><tbody><tr><td>revizor<\/td><td>Petr Hanzl<\/td><\/tr><tr><td>\u010dlen<\/td><td>Jan \u0160vancar<\/td><\/tr><tr><td>\u010dlen<\/td><td>Petr \u0160vancar<\/td><\/tr><\/tbody><\/table><\/figure>\n","protected":false},"excerpt":{"rendered":"<p>Platn\u00e9 od 17. ledna 2026. starosta Ing. Roman B\u00edl\u00fd, MBA.\u00a0 1. n\u00e1m\u011bstek starosty Ivana Fajstavrov\u00e1 n\u00e1m\u011bstek starosty Jan Bene\u0161 velitel Michal B\u00edl\u00fd hospod\u00e1\u0159 Ing. Vladim\u00edr Prchl\u00edk vedouc\u00ed ml\u00e1de\u017ee Lubo\u0161 Vrba \u010dlen v\u00fdboru Ji\u0159\u00ed Fajstavr \u010dlen v\u00fdboru Krist\u00fdna Pl\u00e1\u0161ilov\u00e1 \u010dlen v\u00fdboru Ji\u0159\u00ed Michl Kontroln\u00ed a revizn\u00ed rada revizor Petr Hanzl \u010dlen Jan \u0160vancar \u010dlen Petr \u0160vancar<\/p>\n","protected":false},"author":1,"featured_media":0,"parent":0,"menu_order":0,"comment_status":"closed","ping_status":"closed","template":"","meta":{"pgc_sgb_lightbox_settings":"","_mc_calendar":[],"footnotes":""},"mt-event-group":[],"class_list":["post-307","page","type-page","status-publish","hentry"],"yoast_head":"<!-- This site is optimized with the Yoast SEO plugin v27.4 - https:\/\/yoast.com\/product\/yoast-seo-wordpress\/ -->\n<title>V\u00fdbor sboru - Hasi\u010di Senohraby<\/title>\n<meta name=\"robots\" content=\"index, follow, max-snippet:-1, max-image-preview:large, max-video-preview:-1\" \/>\n<link rel=\"canonical\" href=\"https:\/\/hasicisenohraby.cz\/index.php\/vybor-sboru\/\" \/>\n<meta property=\"og:locale\" content=\"cs_CZ\" \/>\n<meta property=\"og:type\" content=\"article\" \/>\n<meta property=\"og:title\" content=\"V\u00fdbor sboru - Hasi\u010di Senohraby\" \/>\n<meta property=\"og:description\" content=\"Platn\u00e9 od 17. ledna 2026. starosta Ing. Roman B\u00edl\u00fd, MBA.\u00a0 1. n\u00e1m\u011bstek starosty Ivana Fajstavrov\u00e1 n\u00e1m\u011bstek starosty Jan Bene\u0161 velitel Michal B\u00edl\u00fd hospod\u00e1\u0159 Ing. Vladim\u00edr Prchl\u00edk vedouc\u00ed ml\u00e1de\u017ee Lubo\u0161 Vrba \u010dlen v\u00fdboru Ji\u0159\u00ed Fajstavr \u010dlen v\u00fdboru Krist\u00fdna Pl\u00e1\u0161ilov\u00e1 \u010dlen v\u00fdboru Ji\u0159\u00ed Michl Kontroln\u00ed a revizn\u00ed rada revizor Petr Hanzl \u010dlen Jan \u0160vancar \u010dlen Petr \u0160vancar\" \/>\n<meta property=\"og:url\" content=\"https:\/\/hasicisenohraby.cz\/index.php\/vybor-sboru\/\" \/>\n<meta property=\"og:site_name\" content=\"Hasi\u010di Senohraby\" \/>\n<meta property=\"article:publisher\" content=\"https:\/\/www.facebook.com\/hasici.senohraby\" \/>\n<meta property=\"article:modified_time\" content=\"2026-03-17T13:59:53+00:00\" \/>\n<meta property=\"og:image\" content=\"https:\/\/hasicisenohraby.cz\/wp-content\/uploads\/2025\/10\/mail_open_black.png\" \/>\n\t<meta property=\"og:image:width\" content=\"20\" \/>\n\t<meta property=\"og:image:height\" content=\"20\" \/>\n\t<meta property=\"og:image:type\" content=\"image\/png\" \/>\n<meta name=\"twitter:card\" content=\"summary_large_image\" \/>\n<meta name=\"twitter:site\" content=\"@HasiciSenohraby\" \/>\n<meta name=\"twitter:label1\" content=\"Odhadovan\u00e1 doba \u010dten\u00ed\" \/>\n\t<meta name=\"twitter:data1\" content=\"1 minuta\" \/>\n<script type=\"application\/ld+json\" class=\"yoast-schema-graph\">{\"@context\":\"https:\\\/\\\/schema.org\",\"@graph\":[{\"@type\":\"WebPage\",\"@id\":\"https:\\\/\\\/hasicisenohraby.cz\\\/index.php\\\/vybor-sboru\\\/\",\"url\":\"https:\\\/\\\/hasicisenohraby.cz\\\/index.php\\\/vybor-sboru\\\/\",\"name\":\"V\u00fdbor sboru - Hasi\u010di Senohraby\",\"isPartOf\":{\"@id\":\"https:\\\/\\\/hasicisenohraby.cz\\\/#website\"},\"primaryImageOfPage\":{\"@id\":\"https:\\\/\\\/hasicisenohraby.cz\\\/index.php\\\/vybor-sboru\\\/#primaryimage\"},\"image\":{\"@id\":\"https:\\\/\\\/hasicisenohraby.cz\\\/index.php\\\/vybor-sboru\\\/#primaryimage\"},\"thumbnailUrl\":\"https:\\\/\\\/hasicisenohraby.cz\\\/wp-content\\\/uploads\\\/2025\\\/10\\\/mail_open_black.png\",\"datePublished\":\"2025-10-03T21:25:45+00:00\",\"dateModified\":\"2026-03-17T13:59:53+00:00\",\"breadcrumb\":{\"@id\":\"https:\\\/\\\/hasicisenohraby.cz\\\/index.php\\\/vybor-sboru\\\/#breadcrumb\"},\"inLanguage\":\"cs\",\"potentialAction\":[{\"@type\":\"ReadAction\",\"target\":[\"https:\\\/\\\/hasicisenohraby.cz\\\/index.php\\\/vybor-sboru\\\/\"]}]},{\"@type\":\"ImageObject\",\"inLanguage\":\"cs\",\"@id\":\"https:\\\/\\\/hasicisenohraby.cz\\\/index.php\\\/vybor-sboru\\\/#primaryimage\",\"url\":\"https:\\\/\\\/hasicisenohraby.cz\\\/wp-content\\\/uploads\\\/2025\\\/10\\\/mail_open_black.png\",\"contentUrl\":\"https:\\\/\\\/hasicisenohraby.cz\\\/wp-content\\\/uploads\\\/2025\\\/10\\\/mail_open_black.png\",\"width\":20,\"height\":20},{\"@type\":\"BreadcrumbList\",\"@id\":\"https:\\\/\\\/hasicisenohraby.cz\\\/index.php\\\/vybor-sboru\\\/#breadcrumb\",\"itemListElement\":[{\"@type\":\"ListItem\",\"position\":1,\"name\":\"Dom\u016f\",\"item\":\"https:\\\/\\\/hasicisenohraby.cz\\\/\"},{\"@type\":\"ListItem\",\"position\":2,\"name\":\"V\u00fdbor sboru\"}]},{\"@type\":\"WebSite\",\"@id\":\"https:\\\/\\\/hasicisenohraby.cz\\\/#website\",\"url\":\"https:\\\/\\\/hasicisenohraby.cz\\\/\",\"name\":\"Hasi\u010di Senohraby\",\"description\":\"Str\u00e1nky hasi\u010d\u016f ze Senohrab\",\"publisher\":{\"@id\":\"https:\\\/\\\/hasicisenohraby.cz\\\/#organization\"},\"potentialAction\":[{\"@type\":\"SearchAction\",\"target\":{\"@type\":\"EntryPoint\",\"urlTemplate\":\"https:\\\/\\\/hasicisenohraby.cz\\\/?s={search_term_string}\"},\"query-input\":{\"@type\":\"PropertyValueSpecification\",\"valueRequired\":true,\"valueName\":\"search_term_string\"}}],\"inLanguage\":\"cs\"},{\"@type\":\"Organization\",\"@id\":\"https:\\\/\\\/hasicisenohraby.cz\\\/#organization\",\"name\":\"Hasi\u010di Senohraby\",\"url\":\"https:\\\/\\\/hasicisenohraby.cz\\\/\",\"logo\":{\"@type\":\"ImageObject\",\"inLanguage\":\"cs\",\"@id\":\"https:\\\/\\\/hasicisenohraby.cz\\\/#\\\/schema\\\/logo\\\/image\\\/\",\"url\":\"https:\\\/\\\/hasicisenohraby.cz\\\/wp-content\\\/uploads\\\/2025\\\/08\\\/Logo-sboru.png\",\"contentUrl\":\"https:\\\/\\\/hasicisenohraby.cz\\\/wp-content\\\/uploads\\\/2025\\\/08\\\/Logo-sboru.png\",\"width\":167,\"height\":233,\"caption\":\"Hasi\u010di Senohraby\"},\"image\":{\"@id\":\"https:\\\/\\\/hasicisenohraby.cz\\\/#\\\/schema\\\/logo\\\/image\\\/\"},\"sameAs\":[\"https:\\\/\\\/www.facebook.com\\\/hasici.senohraby\",\"https:\\\/\\\/x.com\\\/HasiciSenohraby\",\"https:\\\/\\\/www.instagram.com\\\/hasici_senohraby\",\"https:\\\/\\\/www.youtube.com\\\/@72RB\"]}]}<\/script>\n<!-- \/ Yoast SEO plugin. -->","yoast_head_json":{"title":"V\u00fdbor sboru - Hasi\u010di Senohraby","robots":{"index":"index","follow":"follow","max-snippet":"max-snippet:-1","max-image-preview":"max-image-preview:large","max-video-preview":"max-video-preview:-1"},"canonical":"https:\/\/hasicisenohraby.cz\/index.php\/vybor-sboru\/","og_locale":"cs_CZ","og_type":"article","og_title":"V\u00fdbor sboru - Hasi\u010di Senohraby","og_description":"Platn\u00e9 od 17. ledna 2026. starosta Ing. Roman B\u00edl\u00fd, MBA.\u00a0 1. n\u00e1m\u011bstek starosty Ivana Fajstavrov\u00e1 n\u00e1m\u011bstek starosty Jan Bene\u0161 velitel Michal B\u00edl\u00fd hospod\u00e1\u0159 Ing. Vladim\u00edr Prchl\u00edk vedouc\u00ed ml\u00e1de\u017ee Lubo\u0161 Vrba \u010dlen v\u00fdboru Ji\u0159\u00ed Fajstavr \u010dlen v\u00fdboru Krist\u00fdna Pl\u00e1\u0161ilov\u00e1 \u010dlen v\u00fdboru Ji\u0159\u00ed Michl Kontroln\u00ed a revizn\u00ed rada revizor Petr Hanzl \u010dlen Jan \u0160vancar \u010dlen Petr \u0160vancar","og_url":"https:\/\/hasicisenohraby.cz\/index.php\/vybor-sboru\/","og_site_name":"Hasi\u010di Senohraby","article_publisher":"https:\/\/www.facebook.com\/hasici.senohraby","article_modified_time":"2026-03-17T13:59:53+00:00","og_image":[{"width":20,"height":20,"url":"https:\/\/hasicisenohraby.cz\/wp-content\/uploads\/2025\/10\/mail_open_black.png","type":"image\/png"}],"twitter_card":"summary_large_image","twitter_site":"@HasiciSenohraby","twitter_misc":{"Odhadovan\u00e1 doba \u010dten\u00ed":"1 minuta"},"schema":{"@context":"https:\/\/schema.org","@graph":[{"@type":"WebPage","@id":"https:\/\/hasicisenohraby.cz\/index.php\/vybor-sboru\/","url":"https:\/\/hasicisenohraby.cz\/index.php\/vybor-sboru\/","name":"V\u00fdbor sboru - Hasi\u010di Senohraby","isPartOf":{"@id":"https:\/\/hasicisenohraby.cz\/#website"},"primaryImageOfPage":{"@id":"https:\/\/hasicisenohraby.cz\/index.php\/vybor-sboru\/#primaryimage"},"image":{"@id":"https:\/\/hasicisenohraby.cz\/index.php\/vybor-sboru\/#primaryimage"},"thumbnailUrl":"https:\/\/hasicisenohraby.cz\/wp-content\/uploads\/2025\/10\/mail_open_black.png","datePublished":"2025-10-03T21:25:45+00:00","dateModified":"2026-03-17T13:59:53+00:00","breadcrumb":{"@id":"https:\/\/hasicisenohraby.cz\/index.php\/vybor-sboru\/#breadcrumb"},"inLanguage":"cs","potentialAction":[{"@type":"ReadAction","target":["https:\/\/hasicisenohraby.cz\/index.php\/vybor-sboru\/"]}]},{"@type":"ImageObject","inLanguage":"cs","@id":"https:\/\/hasicisenohraby.cz\/index.php\/vybor-sboru\/#primaryimage","url":"https:\/\/hasicisenohraby.cz\/wp-content\/uploads\/2025\/10\/mail_open_black.png","contentUrl":"https:\/\/hasicisenohraby.cz\/wp-content\/uploads\/2025\/10\/mail_open_black.png","width":20,"height":20},{"@type":"BreadcrumbList","@id":"https:\/\/hasicisenohraby.cz\/index.php\/vybor-sboru\/#breadcrumb","itemListElement":[{"@type":"ListItem","position":1,"name":"Dom\u016f","item":"https:\/\/hasicisenohraby.cz\/"},{"@type":"ListItem","position":2,"name":"V\u00fdbor sboru"}]},{"@type":"WebSite","@id":"https:\/\/hasicisenohraby.cz\/#website","url":"https:\/\/hasicisenohraby.cz\/","name":"Hasi\u010di Senohraby","description":"Str\u00e1nky hasi\u010d\u016f ze Senohrab","publisher":{"@id":"https:\/\/hasicisenohraby.cz\/#organization"},"potentialAction":[{"@type":"SearchAction","target":{"@type":"EntryPoint","urlTemplate":"https:\/\/hasicisenohraby.cz\/?s={search_term_string}"},"query-input":{"@type":"PropertyValueSpecification","valueRequired":true,"valueName":"search_term_string"}}],"inLanguage":"cs"},{"@type":"Organization","@id":"https:\/\/hasicisenohraby.cz\/#organization","name":"Hasi\u010di Senohraby","url":"https:\/\/hasicisenohraby.cz\/","logo":{"@type":"ImageObject","inLanguage":"cs","@id":"https:\/\/hasicisenohraby.cz\/#\/schema\/logo\/image\/","url":"https:\/\/hasicisenohraby.cz\/wp-content\/uploads\/2025\/08\/Logo-sboru.png","contentUrl":"https:\/\/hasicisenohraby.cz\/wp-content\/uploads\/2025\/08\/Logo-sboru.png","width":167,"height":233,"caption":"Hasi\u010di Senohraby"},"image":{"@id":"https:\/\/hasicisenohraby.cz\/#\/schema\/logo\/image\/"},"sameAs":["https:\/\/www.facebook.com\/hasici.senohraby","https:\/\/x.com\/HasiciSenohraby","https:\/\/www.instagram.com\/hasici_senohraby","https:\/\/www.youtube.com\/@72RB"]}]}},"_links":{"self":[{"href":"https:\/\/hasicisenohraby.cz\/index.php\/wp-json\/wp\/v2\/pages\/307","targetHints":{"allow":["GET"]}}],"collection":[{"href":"https:\/\/hasicisenohraby.cz\/index.php\/wp-json\/wp\/v2\/pages"}],"about":[{"href":"https:\/\/hasicisenohraby.cz\/index.php\/wp-json\/wp\/v2\/types\/page"}],"author":[{"embeddable":true,"href":"https:\/\/hasicisenohraby.cz\/index.php\/wp-json\/wp\/v2\/users\/1"}],"replies":[{"embeddable":true,"href":"https:\/\/hasicisenohraby.cz\/index.php\/wp-json\/wp\/v2\/comments?post=307"}],"version-history":[{"count":6,"href":"https:\/\/hasicisenohraby.cz\/index.php\/wp-json\/wp\/v2\/pages\/307\/revisions"}],"predecessor-version":[{"id":1198,"href":"https:\/\/hasicisenohraby.cz\/index.php\/wp-json\/wp\/v2\/pages\/307\/revisions\/1198"}],"wp:attachment":[{"href":"https:\/\/hasicisenohraby.cz\/index.php\/wp-json\/wp\/v2\/media?parent=307"}],"wp:term":[{"taxonomy":"mt-event-group","embeddable":true,"href":"https:\/\/hasicisenohraby.cz\/index.php\/wp-json\/wp\/v2\/mt-event-group?post=307"}],"curies":[{"name":"wp","href":"https:\/\/api.w.org\/{rel}","templated":true}]}}