{"id":303,"date":"2025-10-03T23:17:14","date_gmt":"2025-10-03T21:17:14","guid":{"rendered":"https:\/\/martin-broz.cz\/hasicisenohraby\/?page_id=303"},"modified":"2025-10-03T23:17:14","modified_gmt":"2025-10-03T21:17:14","slug":"organizace-sboru","status":"publish","type":"page","link":"https:\/\/hasicisenohraby.cz\/index.php\/organizace-sboru\/","title":{"rendered":"Organizace sboru"},"content":{"rendered":"\n<h3 class=\"wp-block-heading\"><strong>Postaven\u00ed a vnit\u0159n\u00ed organizace<\/strong><\/h3>\n\n\n\n<p>Sbor dobrovoln\u00fdch hasi\u010d\u016f Senohraby byl zalo\u017een v\u00a0roce 1898. V\u00a0sou\u010dasn\u00e9 dob\u011b je sbor organiza\u010dn\u00ed jednotkou SH \u010cMS (Sdru\u017een\u00ed hasi\u010d\u016f \u010cech, Moravy a Slezska), v n\u00ed\u017e jsou bezprost\u0159edn\u011b realizov\u00e1ny, p\u0159edev\u0161\u00edm p\u016fsobnost\u00ed v\u00fdkonnou a prov\u00e1d\u011bc\u00ed, c\u00edle sdru\u017een\u00ed, pr\u00e1va, povinnosti a z\u00e1jmy \u010dlen\u016f sdru\u017een\u00ed. Sbor v rozsahu vymezen\u00e9m t\u011bmito stanovami v p\u0159\u00edslu\u0161n\u00e9m \u00fazemn\u00edm obvodu analyzuje, koncipuje, koordinuje, metodicky \u0159\u00edd\u00ed, organiza\u010dn\u011b zabezpe\u010duje vnit\u0159n\u00ed \u010dinnost a z\u00e1le\u017eitosti, realizuje zejm\u00e9na sou\u010dinnost jmenovit\u011b na \u00faseku po\u017e\u00e1rn\u00ed ochrany s org\u00e1ny obce, ve\u0159ejnost\u00ed a pr\u00e1vnick\u00fdmi osobami. Sbor je tvo\u0159en volen\u00fdmi org\u00e1ny a \u010dlenskou z\u00e1kladnou. Org\u00e1ny sboru jsou: valn\u00e1 hromada, v\u00fdbor sboru, starosta sboru, velitel sboru a vedouc\u00ed z\u00e1jmov\u00fdch kolektiv\u016f. Sbor vlastn\u00ed majetek a je vybaven nezbytn\u00fdm majetkem sdru\u017een\u00ed, kter\u00fd u\u017e\u00edv\u00e1 a s n\u00edm\u017e je opr\u00e1vn\u011bn za stanoven\u00fdch podm\u00ednek disponovat a kter\u00fd je povinen spravovat a chr\u00e1nit.<\/p>\n\n\n\n<h4 class=\"wp-block-heading\">P\u016fsobnost<\/h4>\n\n\n\n<p><strong>Sbor<\/strong>\u00a0se bezprost\u0159edn\u011b z\u00fa\u010dast\u0148uje po\u017e\u00e1rn\u00ed ochrany obce, ve\u0159ejn\u00fdch a dal\u0161\u00edch prostor, fyzick\u00fdch a pr\u00e1vnick\u00fdch osob, zejm\u00e9na pod\u00edlen\u00edm se na poradensk\u00e9 a konsulta\u010dn\u00ed \u010dinnosti, na \u010dinnosti preventivn\u00edch po\u017e\u00e1rn\u00edch hl\u00eddek, zvl\u00e1\u0161t\u011b v situac\u00edch zv\u00fd\u0161en\u00e9ho po\u017e\u00e1rn\u00edho nebo jin\u00e9ho obecn\u00e9ho nebezpe\u010d\u00ed a mimo\u0159\u00e1dn\u00fdch ud\u00e1lost\u00ed, p\u0159i v\u011bt\u0161\u00edch shrom\u00e1\u017ed\u011bn\u00edch osob a p\u0159i ostraze nebo dohledu nad objekty a za\u0159\u00edzen\u00edmi s vy\u0161\u0161\u00edm po\u017e\u00e1rn\u00edm nebezpe\u010d\u00edm, na v\u00fdstavb\u011b, udr\u017eov\u00e1n\u00ed, zkou\u0161k\u00e1ch a kontrol\u00e1ch za\u0159\u00edzen\u00ed, prost\u0159edk\u016f a pom\u016fcek ur\u010den\u00fdch k signalizaci a ochran\u011b p\u0159ed po\u017e\u00e1ry, anebo ur\u010den\u00fdch k z\u00e1sah\u016fm proti nim a jin\u00fdm mimo\u0159\u00e1dn\u00fdm ud\u00e1lostem, na osv\u011btov\u00e9, preventivn\u011b v\u00fdchovn\u00e9 a vzd\u011bl\u00e1vac\u00ed \u010dinnosti zam\u011b\u0159en\u00e9 na p\u0159edch\u00e1zen\u00ed po\u017e\u00e1r\u016fm jin\u00fdm mimo\u0159\u00e1dn\u00fdm ud\u00e1lostem a postup\u016fm p\u0159i zasahov\u00e1n\u00ed proti nim, na \u010dinnosti z\u00e1sahov\u00fdch jednotek p\u0159i po\u017e\u00e1ru nebo jin\u00e9 mimo\u0159\u00e1dn\u00e9 ud\u00e1losti a p\u0159i odstra\u0148ov\u00e1n\u00ed \u0161kodliv\u00fdch n\u00e1sledk\u016f takov\u00fdch ud\u00e1lost\u00ed, pop\u0159. p\u0159i jin\u00fdch ud\u00e1lostech a situac\u00edch, p\u0159i kter\u00fdch mohlo b\u00fdt u\u017eito sil a prost\u0159edk\u016f hasi\u010dsk\u00e9 techniky, na vyhled\u00e1v\u00e1n\u00ed zejm\u00e9na \u010dlen\u016f z\u00e1sahov\u00fdch jednotek a na aktivn\u00edm v\u00fdchovn\u00e9m p\u016fsoben\u00ed na ml\u00e1de\u017e t\u00e9\u017e s c\u00edlem z\u00edskat ji pro aktivn\u00ed \u010dinnost ve sboru. \u010cinnost sboru je zaji\u0161\u0165ov\u00e1na p\u0159edev\u0161\u00edm nezi\u0161tnou a ob\u011btavou prac\u00ed \u010dlen\u016f. Na podporu sv\u00fdch aktivit m\u016f\u017ee sbor vyv\u00edjet v\u00fdd\u011ble\u010dnou a podnikatelskou \u010dinnost za p\u0159edpokladu dodr\u017een\u00ed obecn\u00fdch platn\u00fdch pr\u00e1vn\u00edch p\u0159edpis\u016f. Ve sv\u00e9 vnit\u0159n\u00ed \u010dinnosti a z\u00e1le\u017eitostech sbor p\u0159im\u011b\u0159en\u011b a podle sv\u00fdch mo\u017enost\u00ed zejm\u00e9na pe\u010duje o kulturn\u00ed, osv\u011btovou, vzd\u011bl\u00e1vac\u00ed, sout\u011b\u017en\u00ed, sportovn\u00ed, brannou, turistickou, z\u00e1bavn\u00ed a jinou z\u00e1jmovou \u010dinnost sv\u00fdch \u010dlen\u016f, p\u0159\u00edslu\u0161n\u00edk\u016f jejich rodin a pop\u0159. i \u0161ir\u0161\u00ed ve\u0159ejnosti, p\u0159itom zvl\u00e1\u0161t\u011b db\u00e1 o udr\u017eov\u00e1n\u00ed tradic sboru a o zachov\u00e1n\u00ed doklad\u016f a pam\u011btihodnost\u00ed vztahuj\u00edc\u00edch se k jeho historii, dobrovolnou prac\u00ed sv\u00fdch \u010dlen\u016f p\u0159isp\u00edv\u00e1 k ochran\u011b a zlep\u0161ov\u00e1n\u00ed \u017eivotn\u00edho prost\u0159ed\u00ed, pod\u00edl\u00ed se na humanit\u00e1rn\u00ed pomoci. Sbor si v\u00e1\u017e\u00ed sv\u00fdch \u010dlen\u016f, db\u00e1 o pov\u011bst ka\u017ed\u00e9ho sv\u00e9ho \u010dlena a cel\u00e9ho sdru\u017een\u00ed. Je-li tato pov\u011bst poru\u0161ena, je povinen p\u016fsobit k n\u00e1prav\u011b, v\u010detn\u011b pou\u017eit\u00ed pr\u00e1vn\u00edch prost\u0159edk\u016f. P\u016fsobnost sbor uskute\u010d\u0148uje co mo\u017en\u00e1 ve spolupr\u00e1ci s jin\u00fdmi sbory, zejm\u00e9na soused\u00edc\u00edmi, s okrskov\u00fdmi org\u00e1ny s OSH.<\/p>\n\n\n\n<h4 class=\"wp-block-heading\">Valn\u00e1 hromada<\/h4>\n\n\n\n<p>je st\u00e1l\u00fdm rozhodovac\u00edm org\u00e1nem sboru. Tvo\u0159\u00ed ji \u010dlensk\u00e1 z\u00e1kladna sboru. Valn\u00e1 hromada jedn\u00e1 a rozhoduje: o symbolech sboru, o zpr\u00e1v\u00e1ch, t\u00fdkaj\u00edc\u00edch se \u010dinnosti sboru v obvodu jeho p\u016fsobnosti, zahrnuj\u00edc\u00ed podstatn\u00e9 \u00fadaje o \u010dinnosti jeho org\u00e1n\u016f a z\u00e1jmov\u00fdch kolektiv\u016f, jeho hospoda\u0159en\u00ed, o zpr\u00e1v\u011b kontroln\u00ed a revizn\u00ed rady (revizora \u00fa\u010dt\u016f), o rozpo\u010dtu sboru, o zam\u011b\u0159en\u00ed \u010dinnosti sboru v obvodu jeho p\u016fsobnosti na dal\u0161\u00ed obdob\u00ed, o v\u00fd\u0161i \u010dlensk\u00fdch p\u0159\u00edsp\u011bvk\u016f a zp\u016fsobu jejich \u00fahrady a o v\u00fd\u0161i odvodu nad r\u00e1mec stanoven\u00e9 \u010d\u00e1stky, o jmenov\u00e1n\u00ed \u010destn\u00fdch \u010dlen\u016f, o v\u0161ech dal\u0161\u00edch ot\u00e1zk\u00e1ch v p\u016fsobnosti sboru, kter\u00e9 si vyhrad\u00ed. Valn\u00e1 hromada vol\u00ed a odvol\u00e1v\u00e1 starostu, pop\u0159. jeho n\u00e1m\u011bstka nebo n\u00e1m\u011bstky, velitele sboru, pop\u0159. vedouc\u00edho kolektivu mlad\u00fdch hasi\u010d\u016f a vedouc\u00ed z\u00e1jmov\u00fdch kolektiv\u016f, dal\u0161\u00ed \u010dleny v\u00fdboru, p\u0159edsedu a \u010dleny kontroln\u00ed a revizn\u00ed rady sboru (revizora \u00fa\u010dt\u016f), deleg\u00e1ta nebo deleg\u00e1ty shrom\u00e1\u017ed\u011bn\u00ed deleg\u00e1t\u016f sbor\u016f. Vol\u00ed kandid\u00e1ty na funkce ve vy\u0161\u0161\u00edch org\u00e1nech OSH (MSH), KSH a SH \u010cMS. Valnou hromadu svol\u00e1v\u00e1 v\u00fdbor nebo starosta. Valn\u00e1 hromada se kon\u00e1 jako \u0159\u00e1dn\u00e1 jednou za p\u016fl roku, z nich\u017e jedna je v\u00fdro\u010dn\u00ed, jako mimo\u0159\u00e1dn\u00e1 do jednoho m\u011bs\u00edce svolan\u00e1 ze z\u00e1va\u017en\u00fdch d\u016fvod\u016f na z\u00e1klad\u011b rozhodnut\u00ed v\u00fdboru, kontroln\u00ed a revizn\u00ed rady, pop\u0159. revizora \u00fa\u010dt\u016f, v\u00fdkonn\u00e9ho v\u00fdboru OSH nebo v\u00fdkonn\u00e9ho v\u00fdboru SH \u010cMS nebo na \u017e\u00e1dost kvalifikovan\u00e9 absolutn\u00ed v\u011bt\u0161iny \u0159\u00e1dn\u00fdch \u010dlen\u016f p\u016fsob\u00edc\u00edch ve sboru.<\/p>\n\n\n\n<p>Postaven\u00ed, organizace a p\u016fsobnost v\u00fdkonn\u00fdch org\u00e1n\u016f. V\u00fdkonn\u00e9 org\u00e1ny p\u0159ipravuj\u00ed jedn\u00e1n\u00ed a rozhodnut\u00ed valn\u00e9 hromady a jej\u00ed rozhodnut\u00ed prov\u00e1d\u011bj\u00ed, \u0159\u00edd\u00ed \u010dinnost sboru v dob\u011b mezi kon\u00e1n\u00edm valn\u00fdch hromad, vy\u0159izuj\u00ed b\u011b\u017en\u00e9 z\u00e1le\u017eitosti sboru. V\u00fdkonn\u00fdmi org\u00e1ny sboru jsou: v\u00fdbor sboru, starosta, pop\u0159. n\u00e1m\u011bstek nebo n\u00e1m\u011bstkov\u00e9 starosty, velitel sboru, pop\u0159. vedouc\u00ed kolektivu mlad\u00fdch hasi\u010d\u016f a vedouc\u00ed z\u00e1jmov\u00fdch kolektiv\u016f.<\/p>\n\n\n\n<ul class=\"wp-block-list\">\n<li><strong>V\u00fdbor sboru<\/strong>\u00a0projedn\u00e1v\u00e1 a rozhoduje v\u0161echny z\u00e1va\u017en\u00e9 z\u00e1le\u017eitosti sboru, pokud nejsou vyhrazeny nebo si je nevyhrad\u00ed valn\u00e1 hromada. V\u00fdbor svol\u00e1v\u00e1 starosta pop\u0159. jeho n\u00e1m\u011bstek.<\/li>\n\n\n\n<li><strong>Starosta<\/strong>\u00a0sboru rozhoduje z\u00e1le\u017eitosti mu sv\u011b\u0159en\u00e9 v\u00fdborem sboru, p\u0159ipravuje jedn\u00e1n\u00ed v\u00fdboru a zaji\u0161\u0165uje jeho rozhodnut\u00ed, vy\u0159izuje b\u011b\u017en\u00e9 z\u00e1le\u017eitosti \u0159\u00edzen\u00ed sboru, o sv\u00e9 \u010dinnosti pod\u00e1v\u00e1 zpr\u00e1vy nejbli\u017e\u0161\u00edmu jedn\u00e1n\u00ed v\u00fdboru.<\/li>\n\n\n\n<li><strong>N\u00e1m\u011bstkov\u00e9<\/strong>\u00a0jej zastupuj\u00ed v dob\u011b jeho nep\u0159\u00edtomnosti nebo v z\u00e1le\u017eitostech, kter\u00e9 jim sv\u011b\u0159\u00ed. Pokud nen\u00ed ustaven n\u00e1m\u011bstek starosty, zastupuje jej velitel sboru.<\/li>\n\n\n\n<li><strong>Velitel<\/strong>\u00a0sboru vy\u0159izuje v\u0161echny z\u00e1le\u017eitosti souvisej\u00edc\u00ed s \u00fa\u010dast\u00ed sboru na po\u017e\u00e1rn\u00ed ochran\u011b a v t\u011bchto z\u00e1le\u017eitostech zastupuje sbor p\u0159i jedn\u00e1n\u00edch s org\u00e1ny obce, fyzick\u00fdmi a pr\u00e1vnick\u00fdmi osobami.<\/li>\n\n\n\n<li><strong>Vedouc\u00ed kolektivu<\/strong>\u00a0mlad\u00fdch hasi\u010d\u016f a vedouc\u00ed z\u00e1jmov\u00fdch kolektiv\u016f, zejm\u00e9na prov\u00e1d\u011bj\u00ed rozhodnut\u00ed org\u00e1n\u016f sboru, kter\u00e9 se t\u00fdkaj\u00ed oboru \u010dinnosti kolektivu, organizuj\u00ed a \u0159\u00edd\u00ed jeho \u010dinnost, tlumo\u010d\u00ed z\u00e1jmy a stanoviska kolektivu na jedn\u00e1n\u00edch org\u00e1n\u016f sboru.<\/li>\n\n\n\n<li><strong>Kontroln\u00ed a revizn\u00ed rada<\/strong>\u00a0sboru m\u00e1 postaven\u00ed, vnit\u0159n\u00ed organizaci, p\u016fsobnost, pr\u00e1va a povinnosti ve vztahu k\u00a0sboru. Db\u00e1 na dodr\u017eov\u00e1n\u00ed z\u00e1kon\u016f, stanov, sm\u011brnic, vnit\u0159n\u00edch p\u0159edpis\u016f a rozhodnut\u00ed \u00fast\u0159edn\u00edch org\u00e1n\u016f. D\u00e1le db\u00e1 na hospoda\u0159en\u00ed sboru, ochranu majetku sboru a je p\u0159\u00edtomna jak\u00e9mukoli jedn\u00e1n\u00ed org\u00e1nu, p\u0159i kter\u00e9m se rozhoduje s\u00a0hlasem poradn\u00edm.<\/li>\n<\/ul>\n","protected":false},"excerpt":{"rendered":"<p>Postaven\u00ed a vnit\u0159n\u00ed organizace Sbor dobrovoln\u00fdch hasi\u010d\u016f Senohraby byl zalo\u017een v\u00a0roce 1898. V\u00a0sou\u010dasn\u00e9 dob\u011b je sbor organiza\u010dn\u00ed jednotkou SH \u010cMS (Sdru\u017een\u00ed hasi\u010d\u016f \u010cech, Moravy a Slezska), v n\u00ed\u017e jsou bezprost\u0159edn\u011b realizov\u00e1ny, p\u0159edev\u0161\u00edm p\u016fsobnost\u00ed v\u00fdkonnou a prov\u00e1d\u011bc\u00ed, c\u00edle sdru\u017een\u00ed, pr\u00e1va, povinnosti a z\u00e1jmy \u010dlen\u016f sdru\u017een\u00ed. Sbor v rozsahu vymezen\u00e9m t\u011bmito stanovami v p\u0159\u00edslu\u0161n\u00e9m \u00fazemn\u00edm obvodu analyzuje, [&hellip;]<\/p>\n","protected":false},"author":1,"featured_media":0,"parent":0,"menu_order":0,"comment_status":"closed","ping_status":"closed","template":"","meta":{"pgc_sgb_lightbox_settings":"","_mc_calendar":[],"footnotes":""},"mt-event-group":[],"class_list":["post-303","page","type-page","status-publish","hentry"],"yoast_head":"<!-- This site is optimized with the Yoast SEO plugin v27.4 - https:\/\/yoast.com\/product\/yoast-seo-wordpress\/ -->\n<title>Organizace sboru - Hasi\u010di Senohraby<\/title>\n<meta name=\"robots\" content=\"index, follow, max-snippet:-1, max-image-preview:large, max-video-preview:-1\" \/>\n<link rel=\"canonical\" href=\"https:\/\/hasicisenohraby.cz\/index.php\/organizace-sboru\/\" \/>\n<meta property=\"og:locale\" content=\"cs_CZ\" \/>\n<meta property=\"og:type\" content=\"article\" \/>\n<meta property=\"og:title\" content=\"Organizace sboru - Hasi\u010di Senohraby\" \/>\n<meta property=\"og:description\" content=\"Postaven\u00ed a vnit\u0159n\u00ed organizace Sbor dobrovoln\u00fdch hasi\u010d\u016f Senohraby byl zalo\u017een v\u00a0roce 1898. V\u00a0sou\u010dasn\u00e9 dob\u011b je sbor organiza\u010dn\u00ed jednotkou SH \u010cMS (Sdru\u017een\u00ed hasi\u010d\u016f \u010cech, Moravy a Slezska), v n\u00ed\u017e jsou bezprost\u0159edn\u011b realizov\u00e1ny, p\u0159edev\u0161\u00edm p\u016fsobnost\u00ed v\u00fdkonnou a prov\u00e1d\u011bc\u00ed, c\u00edle sdru\u017een\u00ed, pr\u00e1va, povinnosti a z\u00e1jmy \u010dlen\u016f sdru\u017een\u00ed. Sbor v rozsahu vymezen\u00e9m t\u011bmito stanovami v p\u0159\u00edslu\u0161n\u00e9m \u00fazemn\u00edm obvodu analyzuje, [&hellip;]\" \/>\n<meta property=\"og:url\" content=\"https:\/\/hasicisenohraby.cz\/index.php\/organizace-sboru\/\" \/>\n<meta property=\"og:site_name\" content=\"Hasi\u010di Senohraby\" \/>\n<meta property=\"article:publisher\" content=\"https:\/\/www.facebook.com\/hasici.senohraby\" \/>\n<meta name=\"twitter:card\" content=\"summary_large_image\" \/>\n<meta name=\"twitter:site\" content=\"@HasiciSenohraby\" \/>\n<meta name=\"twitter:label1\" content=\"Odhadovan\u00e1 doba \u010dten\u00ed\" \/>\n\t<meta name=\"twitter:data1\" content=\"7 minut\" \/>\n<script type=\"application\/ld+json\" class=\"yoast-schema-graph\">{\"@context\":\"https:\\\/\\\/schema.org\",\"@graph\":[{\"@type\":\"WebPage\",\"@id\":\"https:\\\/\\\/hasicisenohraby.cz\\\/index.php\\\/organizace-sboru\\\/\",\"url\":\"https:\\\/\\\/hasicisenohraby.cz\\\/index.php\\\/organizace-sboru\\\/\",\"name\":\"Organizace sboru - Hasi\u010di Senohraby\",\"isPartOf\":{\"@id\":\"https:\\\/\\\/hasicisenohraby.cz\\\/#website\"},\"datePublished\":\"2025-10-03T21:17:14+00:00\",\"breadcrumb\":{\"@id\":\"https:\\\/\\\/hasicisenohraby.cz\\\/index.php\\\/organizace-sboru\\\/#breadcrumb\"},\"inLanguage\":\"cs\",\"potentialAction\":[{\"@type\":\"ReadAction\",\"target\":[\"https:\\\/\\\/hasicisenohraby.cz\\\/index.php\\\/organizace-sboru\\\/\"]}]},{\"@type\":\"BreadcrumbList\",\"@id\":\"https:\\\/\\\/hasicisenohraby.cz\\\/index.php\\\/organizace-sboru\\\/#breadcrumb\",\"itemListElement\":[{\"@type\":\"ListItem\",\"position\":1,\"name\":\"Dom\u016f\",\"item\":\"https:\\\/\\\/hasicisenohraby.cz\\\/\"},{\"@type\":\"ListItem\",\"position\":2,\"name\":\"Organizace sboru\"}]},{\"@type\":\"WebSite\",\"@id\":\"https:\\\/\\\/hasicisenohraby.cz\\\/#website\",\"url\":\"https:\\\/\\\/hasicisenohraby.cz\\\/\",\"name\":\"Hasi\u010di Senohraby\",\"description\":\"Str\u00e1nky hasi\u010d\u016f ze Senohrab\",\"publisher\":{\"@id\":\"https:\\\/\\\/hasicisenohraby.cz\\\/#organization\"},\"potentialAction\":[{\"@type\":\"SearchAction\",\"target\":{\"@type\":\"EntryPoint\",\"urlTemplate\":\"https:\\\/\\\/hasicisenohraby.cz\\\/?s={search_term_string}\"},\"query-input\":{\"@type\":\"PropertyValueSpecification\",\"valueRequired\":true,\"valueName\":\"search_term_string\"}}],\"inLanguage\":\"cs\"},{\"@type\":\"Organization\",\"@id\":\"https:\\\/\\\/hasicisenohraby.cz\\\/#organization\",\"name\":\"Hasi\u010di Senohraby\",\"url\":\"https:\\\/\\\/hasicisenohraby.cz\\\/\",\"logo\":{\"@type\":\"ImageObject\",\"inLanguage\":\"cs\",\"@id\":\"https:\\\/\\\/hasicisenohraby.cz\\\/#\\\/schema\\\/logo\\\/image\\\/\",\"url\":\"https:\\\/\\\/hasicisenohraby.cz\\\/wp-content\\\/uploads\\\/2025\\\/08\\\/Logo-sboru.png\",\"contentUrl\":\"https:\\\/\\\/hasicisenohraby.cz\\\/wp-content\\\/uploads\\\/2025\\\/08\\\/Logo-sboru.png\",\"width\":167,\"height\":233,\"caption\":\"Hasi\u010di Senohraby\"},\"image\":{\"@id\":\"https:\\\/\\\/hasicisenohraby.cz\\\/#\\\/schema\\\/logo\\\/image\\\/\"},\"sameAs\":[\"https:\\\/\\\/www.facebook.com\\\/hasici.senohraby\",\"https:\\\/\\\/x.com\\\/HasiciSenohraby\",\"https:\\\/\\\/www.instagram.com\\\/hasici_senohraby\",\"https:\\\/\\\/www.youtube.com\\\/@72RB\"]}]}<\/script>\n<!-- \/ Yoast SEO plugin. -->","yoast_head_json":{"title":"Organizace sboru - Hasi\u010di Senohraby","robots":{"index":"index","follow":"follow","max-snippet":"max-snippet:-1","max-image-preview":"max-image-preview:large","max-video-preview":"max-video-preview:-1"},"canonical":"https:\/\/hasicisenohraby.cz\/index.php\/organizace-sboru\/","og_locale":"cs_CZ","og_type":"article","og_title":"Organizace sboru - Hasi\u010di Senohraby","og_description":"Postaven\u00ed a vnit\u0159n\u00ed organizace Sbor dobrovoln\u00fdch hasi\u010d\u016f Senohraby byl zalo\u017een v\u00a0roce 1898. V\u00a0sou\u010dasn\u00e9 dob\u011b je sbor organiza\u010dn\u00ed jednotkou SH \u010cMS (Sdru\u017een\u00ed hasi\u010d\u016f \u010cech, Moravy a Slezska), v n\u00ed\u017e jsou bezprost\u0159edn\u011b realizov\u00e1ny, p\u0159edev\u0161\u00edm p\u016fsobnost\u00ed v\u00fdkonnou a prov\u00e1d\u011bc\u00ed, c\u00edle sdru\u017een\u00ed, pr\u00e1va, povinnosti a z\u00e1jmy \u010dlen\u016f sdru\u017een\u00ed. Sbor v rozsahu vymezen\u00e9m t\u011bmito stanovami v p\u0159\u00edslu\u0161n\u00e9m \u00fazemn\u00edm obvodu analyzuje, [&hellip;]","og_url":"https:\/\/hasicisenohraby.cz\/index.php\/organizace-sboru\/","og_site_name":"Hasi\u010di Senohraby","article_publisher":"https:\/\/www.facebook.com\/hasici.senohraby","twitter_card":"summary_large_image","twitter_site":"@HasiciSenohraby","twitter_misc":{"Odhadovan\u00e1 doba \u010dten\u00ed":"7 minut"},"schema":{"@context":"https:\/\/schema.org","@graph":[{"@type":"WebPage","@id":"https:\/\/hasicisenohraby.cz\/index.php\/organizace-sboru\/","url":"https:\/\/hasicisenohraby.cz\/index.php\/organizace-sboru\/","name":"Organizace sboru - Hasi\u010di Senohraby","isPartOf":{"@id":"https:\/\/hasicisenohraby.cz\/#website"},"datePublished":"2025-10-03T21:17:14+00:00","breadcrumb":{"@id":"https:\/\/hasicisenohraby.cz\/index.php\/organizace-sboru\/#breadcrumb"},"inLanguage":"cs","potentialAction":[{"@type":"ReadAction","target":["https:\/\/hasicisenohraby.cz\/index.php\/organizace-sboru\/"]}]},{"@type":"BreadcrumbList","@id":"https:\/\/hasicisenohraby.cz\/index.php\/organizace-sboru\/#breadcrumb","itemListElement":[{"@type":"ListItem","position":1,"name":"Dom\u016f","item":"https:\/\/hasicisenohraby.cz\/"},{"@type":"ListItem","position":2,"name":"Organizace sboru"}]},{"@type":"WebSite","@id":"https:\/\/hasicisenohraby.cz\/#website","url":"https:\/\/hasicisenohraby.cz\/","name":"Hasi\u010di Senohraby","description":"Str\u00e1nky hasi\u010d\u016f ze Senohrab","publisher":{"@id":"https:\/\/hasicisenohraby.cz\/#organization"},"potentialAction":[{"@type":"SearchAction","target":{"@type":"EntryPoint","urlTemplate":"https:\/\/hasicisenohraby.cz\/?s={search_term_string}"},"query-input":{"@type":"PropertyValueSpecification","valueRequired":true,"valueName":"search_term_string"}}],"inLanguage":"cs"},{"@type":"Organization","@id":"https:\/\/hasicisenohraby.cz\/#organization","name":"Hasi\u010di Senohraby","url":"https:\/\/hasicisenohraby.cz\/","logo":{"@type":"ImageObject","inLanguage":"cs","@id":"https:\/\/hasicisenohraby.cz\/#\/schema\/logo\/image\/","url":"https:\/\/hasicisenohraby.cz\/wp-content\/uploads\/2025\/08\/Logo-sboru.png","contentUrl":"https:\/\/hasicisenohraby.cz\/wp-content\/uploads\/2025\/08\/Logo-sboru.png","width":167,"height":233,"caption":"Hasi\u010di Senohraby"},"image":{"@id":"https:\/\/hasicisenohraby.cz\/#\/schema\/logo\/image\/"},"sameAs":["https:\/\/www.facebook.com\/hasici.senohraby","https:\/\/x.com\/HasiciSenohraby","https:\/\/www.instagram.com\/hasici_senohraby","https:\/\/www.youtube.com\/@72RB"]}]}},"_links":{"self":[{"href":"https:\/\/hasicisenohraby.cz\/index.php\/wp-json\/wp\/v2\/pages\/303","targetHints":{"allow":["GET"]}}],"collection":[{"href":"https:\/\/hasicisenohraby.cz\/index.php\/wp-json\/wp\/v2\/pages"}],"about":[{"href":"https:\/\/hasicisenohraby.cz\/index.php\/wp-json\/wp\/v2\/types\/page"}],"author":[{"embeddable":true,"href":"https:\/\/hasicisenohraby.cz\/index.php\/wp-json\/wp\/v2\/users\/1"}],"replies":[{"embeddable":true,"href":"https:\/\/hasicisenohraby.cz\/index.php\/wp-json\/wp\/v2\/comments?post=303"}],"version-history":[{"count":1,"href":"https:\/\/hasicisenohraby.cz\/index.php\/wp-json\/wp\/v2\/pages\/303\/revisions"}],"predecessor-version":[{"id":305,"href":"https:\/\/hasicisenohraby.cz\/index.php\/wp-json\/wp\/v2\/pages\/303\/revisions\/305"}],"wp:attachment":[{"href":"https:\/\/hasicisenohraby.cz\/index.php\/wp-json\/wp\/v2\/media?parent=303"}],"wp:term":[{"taxonomy":"mt-event-group","embeddable":true,"href":"https:\/\/hasicisenohraby.cz\/index.php\/wp-json\/wp\/v2\/mt-event-group?post=303"}],"curies":[{"name":"wp","href":"https:\/\/api.w.org\/{rel}","templated":true}]}}