{"id":291,"date":"2025-10-03T23:08:09","date_gmt":"2025-10-03T21:08:09","guid":{"rendered":"https:\/\/martin-broz.cz\/hasicisenohraby\/?page_id=291"},"modified":"2025-10-05T11:16:09","modified_gmt":"2025-10-05T09:16:09","slug":"historie-sboru","status":"publish","type":"page","link":"https:\/\/hasicisenohraby.cz\/index.php\/historie-sboru\/","title":{"rendered":"Historie sboru"},"content":{"rendered":"\n<p>Historie hasi\u010dsk\u00e9ho sboru v Senohrabech se po\u010d\u00edn\u00e1 ps\u00e1t rokem 1898. P\u0159edch\u00e1zela tomu ud\u00e1lost, kter\u00e1 o zalo\u017een\u00ed sboru hasi\u010d\u016f rozhodla. T\u00e9ho\u017e roku v den svatby Barbory Zrckov\u00e9 s Josefem Kr\u010dm\u00e1\u0159em z Lojovic vyho\u0159ela v Senohrabech pastou\u0161ka, dne\u0161n\u00ed \u010dp. 7. N\u011bkolik t\u00fddn\u016f p\u0159edt\u00edm byl v obci nalezen dopis, v n\u011bm\u017e nezn\u00e1m\u00fd vyhro\u017eoval, \u017ee obec bude ho\u0159eti ze \u010dty\u0159 stran. A\u010d se v noci hl\u00eddalo, vyho\u0159elo staven\u00ed Stodolovo \u010dp. 12, staven\u00ed \u017d\u00e1dn\u00edkovo \u010dp. 12, stodola a chl\u00e9vy V\u00e1vrovy \u010dp. 9. Ponocn\u00fd a past\u00fd\u0159 Jan Konvi\u010dka vid\u011bl sice \u010dlov\u011bka, jak podpaluje staven\u00ed, nemohl ho v\u0161ak dostihnout. A tak byl p\u00e1dn\u00fd d\u016fvod, aby se z ob\u010dan\u016f ustavil &#8222;M\u00edstn\u00ed sbor dobrovoln\u00fdch hasi\u010d\u016f&#8220;. Stalo se tak na ustavuj\u00edc\u00ed sch\u016fzi v z\u00e1\u0159\u00ed 1898. Na prvn\u00ed stran\u011b hasi\u010dsk\u00e9 Pam\u011btn\u00ed knihy je naps\u00e1no: &#8222;Kniha pam\u011btn\u00ed Dobrovoln\u00e9ho hasi\u010dsk\u00e9ho sboru v Senohrabech, zalo\u017een\u00e9ho za slavn\u00e9 vl\u00e1dy Jeho Veli\u010denstva na\u0161eho nejjasn\u011bj\u0161\u00edho C\u00edsa\u0159e a kr\u00e1le Franti\u0161ka Josefa I. v roce 1898. Dne 4. z\u00e1\u0159\u00ed vysv\u011bcena byla veled\u016fstojn\u00fdm p\u00e1nem p. P. Josefem R\u016f\u017ei\u010dkou, far\u00e1\u0159em z Hrusic, st\u0159\u00edka\u010dka Sboru dobrovoln\u00fdch hasi\u010d\u016f v Senohrabech za laskav\u00e9 p\u0159\u00edtomnosti v\u00e1\u017een\u00fdch p\u00e1n\u016f a dam z Prahy a okol\u00ed.&#8220; Prvn\u00ed sbor tvo\u0159ili: Jan Troj\u00e1nek &#8211; starosta a jednatel, V\u00e1clav \u0160imek &#8211; velitel a zbrojmistr, Franti\u0161ek Nov\u00e1k &#8211; pokladn\u00edk, Franti\u0161ek Nedv\u011bd &#8211; revizor \u00fa\u010dt\u016f, Franti\u0161ek Jirou\u0161ek &#8211; d\u016fv\u011brn\u00edk, Josef V\u00e1vra &#8211; cvi\u010ditel. Hasi\u010di: Josef Troj\u00e1nek, Anton\u00edn V\u00e1vra, Anton\u00edn Soustru\u017en\u00edk, Josef C\u00edsa\u0159, Franti\u0161ek Turek, Josef Budsk\u00fd, Franti\u0161ek Coubal, Franti\u0161ek Troj\u00e1nek, Jan Konvi\u010dka, Vojt\u011bch Trojn\u00ed\u010dek. Ji\u017e 12. z\u00e1\u0159\u00ed byl sbor v akci p\u0159i ha\u0161en\u00ed po\u017e\u00e1ru v Turkovic\u00edch. Sbor po\u0159\u00eddil 2 voznice, 1 velk\u00fd a 1 mal\u00fd \u017eeb\u0159\u00edk, 1 h\u00e1k a 4 ko\u0161\u00edky &#8211; pl\u00e1t\u011bn\u00e9, nepromokav\u00e9 &#8211; na no\u0161en\u00ed vody, jako hasi\u010dsk\u00e9 n\u00e1\u010din\u00ed. Byla zakoupena st\u0159\u00edka\u010dka od fy Sm\u00e9kal ze Sm\u00edchova za 1000 zlat\u00fdch a je\u0161t\u011b v dubnu 1899 dluhovala obec 900 zlat\u00fdch. St\u0159\u00edka\u010dka byla prozat\u00edmn\u011b uskladn\u011bna se \u017eeb\u0159\u00edky v usedlosti \u010dp. 5 (u Trojn\u00ed\u010dk\u016f) a pak ve vybudovan\u00e9 zbrojnici u rybn\u00edku (\u010dp. 114).<\/p>\n\n\n\n<div class=\"wp-block-columns alignwide is-layout-flex wp-container-core-columns-is-layout-28f84493 wp-block-columns-is-layout-flex\">\n<div class=\"wp-block-column is-layout-flow wp-block-column-is-layout-flow\">\n<figure class=\"wp-block-image aligncenter size-full is-resized\"><img loading=\"lazy\" decoding=\"async\" width=\"440\" height=\"300\" src=\"https:\/\/martin-broz.cz\/hasicisenohraby\/wp-content\/uploads\/2025\/10\/historie4-1.jpg\" alt=\"\" class=\"wp-image-293\" style=\"width:475px;height:auto\" srcset=\"https:\/\/hasicisenohraby.cz\/wp-content\/uploads\/2025\/10\/historie4-1.jpg 440w, https:\/\/hasicisenohraby.cz\/wp-content\/uploads\/2025\/10\/historie4-1-300x205.jpg 300w\" sizes=\"auto, (max-width: 440px) 100vw, 440px\" \/><\/figure>\n<\/div>\n\n\n\n<div class=\"wp-block-column is-layout-flow wp-block-column-is-layout-flow\">\n<figure class=\"wp-block-image aligncenter size-full is-resized\"><img loading=\"lazy\" decoding=\"async\" width=\"448\" height=\"300\" src=\"https:\/\/martin-broz.cz\/hasicisenohraby\/wp-content\/uploads\/2025\/10\/historie2.jpg\" alt=\"\" class=\"wp-image-294\" style=\"width:488px;height:auto\" srcset=\"https:\/\/hasicisenohraby.cz\/wp-content\/uploads\/2025\/10\/historie2.jpg 448w, https:\/\/hasicisenohraby.cz\/wp-content\/uploads\/2025\/10\/historie2-300x201.jpg 300w\" sizes=\"auto, (max-width: 448px) 100vw, 448px\" \/><\/figure>\n<\/div>\n<\/div>\n\n\n\n<p>V roce 1906 byl pod\u00e1n n\u00e1vrh na postaven\u00ed obecn\u00edho domku a k\u016flny na &#8222;stroj hasi\u010dsk\u00fd&#8220;. Za \u010di\u0161t\u011bn\u00ed st\u0159\u00edka\u010dky bylo vypl\u00e1ceno ro\u010dn\u011b 8 korun. Ka\u017ed\u00e9 za\u010d\u00e1tky jsou t\u011b\u017ek\u00e9, i za\u010d\u00e1tky m\u00edstn\u00edho sboru byly obt\u00ed\u017en\u00e9. Bylo m\u00e1lo finan\u010dn\u00edch prost\u0159edk\u016f, a tak i vybaven\u00ed sboru bylo nedostate\u010dn\u00e9. V po\u010d\u00e1tku m\u011bl sbor jen 16 \u010dlen\u016f. V roce 1901 byl sbor na valn\u00e9 hromad\u011b roz\u0161\u00ed\u0159en a \u010dlenov\u00e9 se podrobili \u0159\u00e1dn\u00e9mu v\u00fdcviku. V pozd\u011bj\u0161\u00edch letech se staly \u010dleny i \u017eeny. A\u010d byly sch\u016fze \u010dasto bou\u0159liv\u00e9, p\u0159ece jen se hasi\u010dsk\u00fd sbor pod\u00edlel na mnoha kulturn\u00edch a jin\u00fdch akc\u00edch v obci. \u010clenov\u00e9 se \u00fa\u010dastnili sjezd\u016f \u017eupn\u00edch, okrskov\u00fdch i m\u00edstn\u00edch cvi\u010den\u00ed. Ka\u017edoro\u010dn\u011b po\u0159\u00e1dali tane\u010dn\u00ed z\u00e1bavy, hasi\u010dsk\u00fd sbor z\u0159\u00eddil v obci knihovnu, po\u0159\u00e1dal z\u00e1vody v koulen\u00ed ku\u017eelek, zalo\u017eil v obci ochotnick\u00fd spolek, sbor podpo\u0159il ob\u010dany na Bene\u0161ovsku, kte\u0159\u00ed byli posti\u017eeni povodn\u011bmi. Velk\u00fdch \u00fasp\u011bch\u016f bylo dosa\u017eeno v l\u00e9tech 1923 &#8211; 24 a 1936 &#8211; 38, kdy bylo z\u00edsk\u00e1no pro \u010dlenstv\u00ed mnoho mlad\u00fdch ob\u010dan\u016f. Sbor se piln\u011b z\u00fa\u010dast\u0148oval ve\u0159ejn\u00fdch cvi\u010den\u00ed a sjezd\u016f. To v\u0161e bylo dosa\u017eeno z\u00e1sluhou ob\u011btav\u00fdch \u010dlen\u016f. zvl\u00e1\u0161t\u011b brat\u0159\u00ed Topol\u016f.<br>V l\u00e9tech okupace se sbor odml\u010del a prov\u00e1d\u011bl jen na\u0159\u00edzen\u00e9 \u00fakoly. Teprve po osvobozen\u00ed nastala op\u011bt v\u00fdrazn\u00e1 \u010dinnost. Hasi\u010dsk\u00e1 jednotka se stala zdatnou slo\u017ekou nejen v obecn\u00edm, ale i okresn\u00edm m\u011b\u0159\u00edtku. Odm\u011bnou za poctivou pr\u00e1ci v oblasti hasi\u010dsk\u00e9 problematiky bylo v roce 1957 p\u0159id\u011blen\u00ed modern\u00edho po\u017e\u00e1rn\u00edho vozu v cen\u011b 114 tis\u00edc korun. Tohoto roku byla tak\u00e9 napl\u00e1nov\u00e1na v akci Z na rok 1958 adaptace po\u017e\u00e1rn\u00ed zbrojnice.<\/p>\n\n\n\n<figure class=\"wp-block-image aligncenter size-full\"><img loading=\"lazy\" decoding=\"async\" width=\"432\" height=\"300\" src=\"https:\/\/martin-broz.cz\/hasicisenohraby\/wp-content\/uploads\/2025\/10\/historie.jpg\" alt=\"\" class=\"wp-image-296\" srcset=\"https:\/\/hasicisenohraby.cz\/wp-content\/uploads\/2025\/10\/historie.jpg 432w, https:\/\/hasicisenohraby.cz\/wp-content\/uploads\/2025\/10\/historie-300x208.jpg 300w\" sizes=\"auto, (max-width: 432px) 100vw, 432px\" \/><\/figure>\n\n\n\n<p>V roce 1974 bylo m\u00edstn\u00edmu sboru za \u00fasp\u011b\u0161nou \u010dinnost jak na sportovn\u00edm poli, tak i p\u0159i zdol\u00e1v\u00e1n\u00ed po\u017e\u00e1r\u016f p\u0159id\u011bleno prvn\u00ed cisternov\u00e9 vozidlo. Tato \u010dinnost se v pr\u016fb\u011bhu dal\u0161\u00edch let neust\u00e1le zdokonalovala; sv\u011bd\u010d\u00ed o tom \u010detn\u00e9 \u00fasp\u011bchy na sout\u011b\u017e\u00edch po\u017e\u00e1rn\u00edho sportu \u010detnost pou\u017e\u00edv\u00e1n\u00ed na\u0161ich z\u00e1sahov\u00fdch jednotek p\u0159i likvidaci po\u017e\u00e1r\u016f nejen na na\u0161em katastru, ale i v katastrech vzd\u00e1len\u011bj\u0161\u00edch. Rok 1998 byl v\u00fdznamn\u00fdm rokem pro na\u0161\u00ed organizaci, proto\u017ee jsme v&nbsp;n\u011bm oslavili jej\u00ed 100. let\u00e9 v\u00fdro\u010d\u00ed od zalo\u017een\u00ed. Rok 2002 se stal prov\u011brkou p\u0159ipravenosti po\u017e\u00e1rn\u00ed jednotky nejen v&nbsp;boji proti ohni, ale i proti ni\u010div\u00e9mu vodn\u00edmu \u017eivlu. V&nbsp;srpnu toho roku postihly celou zemi rozs\u00e1hl\u00e9 z\u00e1plavy, kter\u00e9 se nevyhnuly ani na\u0161emu kraji.<\/p>\n\n\n\n<div class=\"wp-block-columns is-layout-flex wp-container-core-columns-is-layout-28f84493 wp-block-columns-is-layout-flex\">\n<div class=\"wp-block-column is-layout-flow wp-block-column-is-layout-flow\">\n<figure class=\"wp-block-image aligncenter size-full\"><img loading=\"lazy\" decoding=\"async\" width=\"432\" height=\"300\" src=\"https:\/\/martin-broz.cz\/hasicisenohraby\/wp-content\/uploads\/2025\/10\/historie3.jpg\" alt=\"\" class=\"wp-image-297\" srcset=\"https:\/\/hasicisenohraby.cz\/wp-content\/uploads\/2025\/10\/historie3.jpg 432w, https:\/\/hasicisenohraby.cz\/wp-content\/uploads\/2025\/10\/historie3-300x208.jpg 300w\" sizes=\"auto, (max-width: 432px) 100vw, 432px\" \/><\/figure>\n<\/div>\n\n\n\n<div class=\"wp-block-column is-layout-flow wp-block-column-is-layout-flow\">\n<figure class=\"wp-block-image aligncenter size-full\"><img loading=\"lazy\" decoding=\"async\" width=\"438\" height=\"300\" src=\"https:\/\/martin-broz.cz\/hasicisenohraby\/wp-content\/uploads\/2025\/10\/historie5.jpg\" alt=\"\" class=\"wp-image-298\" srcset=\"https:\/\/hasicisenohraby.cz\/wp-content\/uploads\/2025\/10\/historie5.jpg 438w, https:\/\/hasicisenohraby.cz\/wp-content\/uploads\/2025\/10\/historie5-300x205.jpg 300w\" sizes=\"auto, (max-width: 438px) 100vw, 438px\" \/><\/figure>\n<\/div>\n<\/div>\n\n\n\n<ul class=\"wp-block-social-links is-content-justification-center is-layout-flex wp-container-core-social-links-is-layout-a89b3969 wp-block-social-links-is-layout-flex\">\n\n\n\n\n\n\n\n\n\n<\/ul>\n","protected":false},"excerpt":{"rendered":"<p>Historie hasi\u010dsk\u00e9ho sboru v Senohrabech se po\u010d\u00edn\u00e1 ps\u00e1t rokem 1898. P\u0159edch\u00e1zela tomu ud\u00e1lost, kter\u00e1 o zalo\u017een\u00ed sboru hasi\u010d\u016f rozhodla. T\u00e9ho\u017e roku v den svatby Barbory Zrckov\u00e9 s Josefem Kr\u010dm\u00e1\u0159em z Lojovic vyho\u0159ela v Senohrabech pastou\u0161ka, dne\u0161n\u00ed \u010dp. 7. N\u011bkolik t\u00fddn\u016f p\u0159edt\u00edm byl v obci nalezen dopis, v n\u011bm\u017e nezn\u00e1m\u00fd vyhro\u017eoval, \u017ee obec bude ho\u0159eti ze [&hellip;]<\/p>\n","protected":false},"author":1,"featured_media":0,"parent":0,"menu_order":0,"comment_status":"closed","ping_status":"closed","template":"","meta":{"pgc_sgb_lightbox_settings":"","_mc_calendar":[],"footnotes":""},"mt-event-group":[],"class_list":["post-291","page","type-page","status-publish","hentry"],"yoast_head":"<!-- This site is optimized with the Yoast SEO plugin v27.4 - https:\/\/yoast.com\/product\/yoast-seo-wordpress\/ -->\n<title>Historie sboru - Hasi\u010di Senohraby<\/title>\n<meta name=\"robots\" content=\"index, follow, max-snippet:-1, max-image-preview:large, max-video-preview:-1\" \/>\n<link rel=\"canonical\" href=\"https:\/\/hasicisenohraby.cz\/index.php\/historie-sboru\/\" \/>\n<meta property=\"og:locale\" content=\"cs_CZ\" \/>\n<meta property=\"og:type\" content=\"article\" \/>\n<meta property=\"og:title\" content=\"Historie sboru - Hasi\u010di Senohraby\" \/>\n<meta property=\"og:description\" content=\"Historie hasi\u010dsk\u00e9ho sboru v Senohrabech se po\u010d\u00edn\u00e1 ps\u00e1t rokem 1898. P\u0159edch\u00e1zela tomu ud\u00e1lost, kter\u00e1 o zalo\u017een\u00ed sboru hasi\u010d\u016f rozhodla. T\u00e9ho\u017e roku v den svatby Barbory Zrckov\u00e9 s Josefem Kr\u010dm\u00e1\u0159em z Lojovic vyho\u0159ela v Senohrabech pastou\u0161ka, dne\u0161n\u00ed \u010dp. 7. N\u011bkolik t\u00fddn\u016f p\u0159edt\u00edm byl v obci nalezen dopis, v n\u011bm\u017e nezn\u00e1m\u00fd vyhro\u017eoval, \u017ee obec bude ho\u0159eti ze [&hellip;]\" \/>\n<meta property=\"og:url\" content=\"https:\/\/hasicisenohraby.cz\/index.php\/historie-sboru\/\" \/>\n<meta property=\"og:site_name\" content=\"Hasi\u010di Senohraby\" \/>\n<meta property=\"article:publisher\" content=\"https:\/\/www.facebook.com\/hasici.senohraby\" \/>\n<meta property=\"article:modified_time\" content=\"2025-10-05T09:16:09+00:00\" \/>\n<meta property=\"og:image\" content=\"https:\/\/hasicisenohraby.cz\/wp-content\/uploads\/2025\/10\/historie4-1.jpg\" \/>\n\t<meta property=\"og:image:width\" content=\"440\" \/>\n\t<meta property=\"og:image:height\" content=\"300\" \/>\n\t<meta property=\"og:image:type\" content=\"image\/jpeg\" \/>\n<meta name=\"twitter:card\" content=\"summary_large_image\" \/>\n<meta name=\"twitter:site\" content=\"@HasiciSenohraby\" \/>\n<meta name=\"twitter:label1\" content=\"Odhadovan\u00e1 doba \u010dten\u00ed\" \/>\n\t<meta name=\"twitter:data1\" content=\"4 minuty\" \/>\n<script type=\"application\/ld+json\" class=\"yoast-schema-graph\">{\"@context\":\"https:\\\/\\\/schema.org\",\"@graph\":[{\"@type\":\"WebPage\",\"@id\":\"https:\\\/\\\/hasicisenohraby.cz\\\/index.php\\\/historie-sboru\\\/\",\"url\":\"https:\\\/\\\/hasicisenohraby.cz\\\/index.php\\\/historie-sboru\\\/\",\"name\":\"Historie sboru - Hasi\u010di Senohraby\",\"isPartOf\":{\"@id\":\"https:\\\/\\\/hasicisenohraby.cz\\\/#website\"},\"primaryImageOfPage\":{\"@id\":\"https:\\\/\\\/hasicisenohraby.cz\\\/index.php\\\/historie-sboru\\\/#primaryimage\"},\"image\":{\"@id\":\"https:\\\/\\\/hasicisenohraby.cz\\\/index.php\\\/historie-sboru\\\/#primaryimage\"},\"thumbnailUrl\":\"https:\\\/\\\/martin-broz.cz\\\/hasicisenohraby\\\/wp-content\\\/uploads\\\/2025\\\/10\\\/historie4-1.jpg\",\"datePublished\":\"2025-10-03T21:08:09+00:00\",\"dateModified\":\"2025-10-05T09:16:09+00:00\",\"breadcrumb\":{\"@id\":\"https:\\\/\\\/hasicisenohraby.cz\\\/index.php\\\/historie-sboru\\\/#breadcrumb\"},\"inLanguage\":\"cs\",\"potentialAction\":[{\"@type\":\"ReadAction\",\"target\":[\"https:\\\/\\\/hasicisenohraby.cz\\\/index.php\\\/historie-sboru\\\/\"]}]},{\"@type\":\"ImageObject\",\"inLanguage\":\"cs\",\"@id\":\"https:\\\/\\\/hasicisenohraby.cz\\\/index.php\\\/historie-sboru\\\/#primaryimage\",\"url\":\"https:\\\/\\\/martin-broz.cz\\\/hasicisenohraby\\\/wp-content\\\/uploads\\\/2025\\\/10\\\/historie4-1.jpg\",\"contentUrl\":\"https:\\\/\\\/martin-broz.cz\\\/hasicisenohraby\\\/wp-content\\\/uploads\\\/2025\\\/10\\\/historie4-1.jpg\"},{\"@type\":\"BreadcrumbList\",\"@id\":\"https:\\\/\\\/hasicisenohraby.cz\\\/index.php\\\/historie-sboru\\\/#breadcrumb\",\"itemListElement\":[{\"@type\":\"ListItem\",\"position\":1,\"name\":\"Dom\u016f\",\"item\":\"https:\\\/\\\/hasicisenohraby.cz\\\/\"},{\"@type\":\"ListItem\",\"position\":2,\"name\":\"Historie sboru\"}]},{\"@type\":\"WebSite\",\"@id\":\"https:\\\/\\\/hasicisenohraby.cz\\\/#website\",\"url\":\"https:\\\/\\\/hasicisenohraby.cz\\\/\",\"name\":\"Hasi\u010di Senohraby\",\"description\":\"Str\u00e1nky hasi\u010d\u016f ze Senohrab\",\"publisher\":{\"@id\":\"https:\\\/\\\/hasicisenohraby.cz\\\/#organization\"},\"potentialAction\":[{\"@type\":\"SearchAction\",\"target\":{\"@type\":\"EntryPoint\",\"urlTemplate\":\"https:\\\/\\\/hasicisenohraby.cz\\\/?s={search_term_string}\"},\"query-input\":{\"@type\":\"PropertyValueSpecification\",\"valueRequired\":true,\"valueName\":\"search_term_string\"}}],\"inLanguage\":\"cs\"},{\"@type\":\"Organization\",\"@id\":\"https:\\\/\\\/hasicisenohraby.cz\\\/#organization\",\"name\":\"Hasi\u010di Senohraby\",\"url\":\"https:\\\/\\\/hasicisenohraby.cz\\\/\",\"logo\":{\"@type\":\"ImageObject\",\"inLanguage\":\"cs\",\"@id\":\"https:\\\/\\\/hasicisenohraby.cz\\\/#\\\/schema\\\/logo\\\/image\\\/\",\"url\":\"https:\\\/\\\/hasicisenohraby.cz\\\/wp-content\\\/uploads\\\/2025\\\/08\\\/Logo-sboru.png\",\"contentUrl\":\"https:\\\/\\\/hasicisenohraby.cz\\\/wp-content\\\/uploads\\\/2025\\\/08\\\/Logo-sboru.png\",\"width\":167,\"height\":233,\"caption\":\"Hasi\u010di Senohraby\"},\"image\":{\"@id\":\"https:\\\/\\\/hasicisenohraby.cz\\\/#\\\/schema\\\/logo\\\/image\\\/\"},\"sameAs\":[\"https:\\\/\\\/www.facebook.com\\\/hasici.senohraby\",\"https:\\\/\\\/x.com\\\/HasiciSenohraby\",\"https:\\\/\\\/www.instagram.com\\\/hasici_senohraby\",\"https:\\\/\\\/www.youtube.com\\\/@72RB\"]}]}<\/script>\n<!-- \/ Yoast SEO plugin. -->","yoast_head_json":{"title":"Historie sboru - Hasi\u010di Senohraby","robots":{"index":"index","follow":"follow","max-snippet":"max-snippet:-1","max-image-preview":"max-image-preview:large","max-video-preview":"max-video-preview:-1"},"canonical":"https:\/\/hasicisenohraby.cz\/index.php\/historie-sboru\/","og_locale":"cs_CZ","og_type":"article","og_title":"Historie sboru - Hasi\u010di Senohraby","og_description":"Historie hasi\u010dsk\u00e9ho sboru v Senohrabech se po\u010d\u00edn\u00e1 ps\u00e1t rokem 1898. P\u0159edch\u00e1zela tomu ud\u00e1lost, kter\u00e1 o zalo\u017een\u00ed sboru hasi\u010d\u016f rozhodla. T\u00e9ho\u017e roku v den svatby Barbory Zrckov\u00e9 s Josefem Kr\u010dm\u00e1\u0159em z Lojovic vyho\u0159ela v Senohrabech pastou\u0161ka, dne\u0161n\u00ed \u010dp. 7. N\u011bkolik t\u00fddn\u016f p\u0159edt\u00edm byl v obci nalezen dopis, v n\u011bm\u017e nezn\u00e1m\u00fd vyhro\u017eoval, \u017ee obec bude ho\u0159eti ze [&hellip;]","og_url":"https:\/\/hasicisenohraby.cz\/index.php\/historie-sboru\/","og_site_name":"Hasi\u010di Senohraby","article_publisher":"https:\/\/www.facebook.com\/hasici.senohraby","article_modified_time":"2025-10-05T09:16:09+00:00","og_image":[{"width":440,"height":300,"url":"https:\/\/hasicisenohraby.cz\/wp-content\/uploads\/2025\/10\/historie4-1.jpg","type":"image\/jpeg"}],"twitter_card":"summary_large_image","twitter_site":"@HasiciSenohraby","twitter_misc":{"Odhadovan\u00e1 doba \u010dten\u00ed":"4 minuty"},"schema":{"@context":"https:\/\/schema.org","@graph":[{"@type":"WebPage","@id":"https:\/\/hasicisenohraby.cz\/index.php\/historie-sboru\/","url":"https:\/\/hasicisenohraby.cz\/index.php\/historie-sboru\/","name":"Historie sboru - Hasi\u010di Senohraby","isPartOf":{"@id":"https:\/\/hasicisenohraby.cz\/#website"},"primaryImageOfPage":{"@id":"https:\/\/hasicisenohraby.cz\/index.php\/historie-sboru\/#primaryimage"},"image":{"@id":"https:\/\/hasicisenohraby.cz\/index.php\/historie-sboru\/#primaryimage"},"thumbnailUrl":"https:\/\/martin-broz.cz\/hasicisenohraby\/wp-content\/uploads\/2025\/10\/historie4-1.jpg","datePublished":"2025-10-03T21:08:09+00:00","dateModified":"2025-10-05T09:16:09+00:00","breadcrumb":{"@id":"https:\/\/hasicisenohraby.cz\/index.php\/historie-sboru\/#breadcrumb"},"inLanguage":"cs","potentialAction":[{"@type":"ReadAction","target":["https:\/\/hasicisenohraby.cz\/index.php\/historie-sboru\/"]}]},{"@type":"ImageObject","inLanguage":"cs","@id":"https:\/\/hasicisenohraby.cz\/index.php\/historie-sboru\/#primaryimage","url":"https:\/\/martin-broz.cz\/hasicisenohraby\/wp-content\/uploads\/2025\/10\/historie4-1.jpg","contentUrl":"https:\/\/martin-broz.cz\/hasicisenohraby\/wp-content\/uploads\/2025\/10\/historie4-1.jpg"},{"@type":"BreadcrumbList","@id":"https:\/\/hasicisenohraby.cz\/index.php\/historie-sboru\/#breadcrumb","itemListElement":[{"@type":"ListItem","position":1,"name":"Dom\u016f","item":"https:\/\/hasicisenohraby.cz\/"},{"@type":"ListItem","position":2,"name":"Historie sboru"}]},{"@type":"WebSite","@id":"https:\/\/hasicisenohraby.cz\/#website","url":"https:\/\/hasicisenohraby.cz\/","name":"Hasi\u010di Senohraby","description":"Str\u00e1nky hasi\u010d\u016f ze Senohrab","publisher":{"@id":"https:\/\/hasicisenohraby.cz\/#organization"},"potentialAction":[{"@type":"SearchAction","target":{"@type":"EntryPoint","urlTemplate":"https:\/\/hasicisenohraby.cz\/?s={search_term_string}"},"query-input":{"@type":"PropertyValueSpecification","valueRequired":true,"valueName":"search_term_string"}}],"inLanguage":"cs"},{"@type":"Organization","@id":"https:\/\/hasicisenohraby.cz\/#organization","name":"Hasi\u010di Senohraby","url":"https:\/\/hasicisenohraby.cz\/","logo":{"@type":"ImageObject","inLanguage":"cs","@id":"https:\/\/hasicisenohraby.cz\/#\/schema\/logo\/image\/","url":"https:\/\/hasicisenohraby.cz\/wp-content\/uploads\/2025\/08\/Logo-sboru.png","contentUrl":"https:\/\/hasicisenohraby.cz\/wp-content\/uploads\/2025\/08\/Logo-sboru.png","width":167,"height":233,"caption":"Hasi\u010di Senohraby"},"image":{"@id":"https:\/\/hasicisenohraby.cz\/#\/schema\/logo\/image\/"},"sameAs":["https:\/\/www.facebook.com\/hasici.senohraby","https:\/\/x.com\/HasiciSenohraby","https:\/\/www.instagram.com\/hasici_senohraby","https:\/\/www.youtube.com\/@72RB"]}]}},"_links":{"self":[{"href":"https:\/\/hasicisenohraby.cz\/index.php\/wp-json\/wp\/v2\/pages\/291","targetHints":{"allow":["GET"]}}],"collection":[{"href":"https:\/\/hasicisenohraby.cz\/index.php\/wp-json\/wp\/v2\/pages"}],"about":[{"href":"https:\/\/hasicisenohraby.cz\/index.php\/wp-json\/wp\/v2\/types\/page"}],"author":[{"embeddable":true,"href":"https:\/\/hasicisenohraby.cz\/index.php\/wp-json\/wp\/v2\/users\/1"}],"replies":[{"embeddable":true,"href":"https:\/\/hasicisenohraby.cz\/index.php\/wp-json\/wp\/v2\/comments?post=291"}],"version-history":[{"count":3,"href":"https:\/\/hasicisenohraby.cz\/index.php\/wp-json\/wp\/v2\/pages\/291\/revisions"}],"predecessor-version":[{"id":566,"href":"https:\/\/hasicisenohraby.cz\/index.php\/wp-json\/wp\/v2\/pages\/291\/revisions\/566"}],"wp:attachment":[{"href":"https:\/\/hasicisenohraby.cz\/index.php\/wp-json\/wp\/v2\/media?parent=291"}],"wp:term":[{"taxonomy":"mt-event-group","embeddable":true,"href":"https:\/\/hasicisenohraby.cz\/index.php\/wp-json\/wp\/v2\/mt-event-group?post=291"}],"curies":[{"name":"wp","href":"https:\/\/api.w.org\/{rel}","templated":true}]}}